{"id":651503,"date":"2025-06-14T15:11:15","date_gmt":"2025-06-14T12:11:15","guid":{"rendered":"https:\/\/nextsnkr.com\/product\/air-force-1-swoosh-white\/"},"modified":"2026-01-30T19:02:10","modified_gmt":"2026-01-30T16:02:10","slug":"air-force-1-swoosh-white","status":"publish","type":"product","link":"https:\/\/nextsnkr.com\/fi\/tuote\/air-force-1-swoosh-white\/","title":{"rendered":"Air Force 1 Swoosh valkoiset tennarit-klassiset valkoiset nahkakeng\u00e4t"},"content":{"rendered":"<h2>Air Force 1 Swoosh valkoiset tennarit-klassiset valkoiset nahkakeng\u00e4t<\/h2>\n<p>Air Force 1 Swoosh White sneakers on tyylik\u00e4s ja monipuolinen malli, joka on valmistettu aidosta nahasta ja tarjoaa mukavuutta ja kest\u00e4vyytt\u00e4. Klassinen valkoinen Swoosh-malli sopii mihin tahansa lookiin urheilullisesta rentoon. Kest\u00e4v\u00e4 pohja ja mukava istuvuus takaavat mukavuuden p\u00e4ivitt\u00e4isess\u00e4 k\u00e4yt\u00f6ss\u00e4. Ihanteellinen valinta niille, jotka arvostavat laatua, tyyli\u00e4 ja k\u00e4yt\u00e4nn\u00f6llisyytt\u00e4 kengiss\u00e4.<\/p>\n","protected":false},"excerpt":{"rendered":"<p>Air Force 1 Swoosh White sneakers on tyylik\u00e4s ja monipuolinen malli, joka on valmistettu aidosta nahasta ja tarjoaa mukavuutta ja kest\u00e4vyytt\u00e4. Klassinen valkoinen Swoosh-malli sopii mihin tahansa lookiin urheilullisesta rentoon. Kest\u00e4v\u00e4 pohja ja mukava istuvuus takaavat mukavuuden p\u00e4ivitt\u00e4isess\u00e4 k\u00e4yt\u00f6ss\u00e4. Ihanteellinen valinta niille, jotka arvostavat laatua, tyyli\u00e4 ja k\u00e4yt\u00e4nn\u00f6llisyytt\u00e4 kengiss\u00e4.<\/p>\n","protected":false},"featured_media":651504,"comment_status":"open","ping_status":"open","template":"","meta":[],"product_brand":[],"product_cat":[3199,3318],"product_tag":[],"class_list":{"0":"post-651503","1":"product","2":"type-product","3":"status-publish","4":"has-post-thumbnail","6":"product_cat-all-product","7":"product_cat-kedy","8":"pa_rozmir-910","9":"pa_rozmir-912","10":"pa_rozmir-914","11":"pa_rozmir-915","12":"pa_rozmir-916","13":"pa_rozmir-917","14":"pa_rozmir-918","15":"pa_rozmir-919","16":"pa_rozmir-920","17":"pa_rozmir-921","18":"pa_rozmir-922","20":"first","21":"instock","22":"purchasable","23":"product-type-variable"},"_links":{"self":[{"href":"https:\/\/nextsnkr.com\/fi\/wp-json\/wp\/v2\/product\/651503","targetHints":{"allow":["GET"]}}],"collection":[{"href":"https:\/\/nextsnkr.com\/fi\/wp-json\/wp\/v2\/product"}],"about":[{"href":"https:\/\/nextsnkr.com\/fi\/wp-json\/wp\/v2\/types\/product"}],"replies":[{"embeddable":true,"href":"https:\/\/nextsnkr.com\/fi\/wp-json\/wp\/v2\/comments?post=651503"}],"version-history":[{"count":0,"href":"https:\/\/nextsnkr.com\/fi\/wp-json\/wp\/v2\/product\/651503\/revisions"}],"wp:featuredmedia":[{"embeddable":true,"href":"https:\/\/nextsnkr.com\/fi\/wp-json\/wp\/v2\/media\/651504"}],"wp:attachment":[{"href":"https:\/\/nextsnkr.com\/fi\/wp-json\/wp\/v2\/media?parent=651503"}],"wp:term":[{"taxonomy":"product_brand","embeddable":true,"href":"https:\/\/nextsnkr.com\/fi\/wp-json\/wp\/v2\/product_brand?post=651503"},{"taxonomy":"product_cat","embeddable":true,"href":"https:\/\/nextsnkr.com\/fi\/wp-json\/wp\/v2\/product_cat?post=651503"},{"taxonomy":"product_tag","embeddable":true,"href":"https:\/\/nextsnkr.com\/fi\/wp-json\/wp\/v2\/product_tag?post=651503"}],"curies":[{"name":"wp","href":"https:\/\/api.w.org\/{rel}","templated":true}]}}