{"id":651333,"date":"2025-06-16T18:53:23","date_gmt":"2025-06-16T15:53:23","guid":{"rendered":"https:\/\/nextsnkr.com\/product\/sale-dr-martens-jadon-white-black-z-zastibkoiu\/"},"modified":"2026-01-30T19:02:05","modified_gmt":"2026-01-30T16:02:05","slug":"sale-dr-martens-jadon-white-black-z-zastibkoiu","status":"publish","type":"product","link":"https:\/\/nextsnkr.com\/fi\/tuote\/sale-dr-martens-jadon-white-black-z-zastibkoiu\/","title":{"rendered":"Dr. Martens Jadon valkoiset \/ mustat saappaat-Naisten nahka soljella"},"content":{"rendered":"<h2>Dr. Martens Jadon valkoiset \/ mustat saappaat-Naisten nahka soljella<\/h2>\n<p>Dr. Martens Jadon White \/ Black ovat ikoniset saappaat, jotka on valmistettu korkealaatuisesta pehme\u00e4st\u00e4 nahasta, jossa yhdistyv\u00e4t tyyli, mukavuus ja kest\u00e4vyys. Malli on varustettu k\u00e4yt\u00e4nn\u00f6llisell\u00e4 lukolla ja klassisella valkoisen ja mustan v\u00e4rin yhdistelm\u00e4ll\u00e4, mik\u00e4 korostaa yksil\u00f6llist\u00e4 tyyli\u00e4. Tehdas Vietnamissa valmistetut Jadon-saappaat erottuvat kest\u00e4vist\u00e4 pohjistaan, mukavasta istuvuudestaan ja legendaarisesta Dr. Martens-tuotemerkin laadusta. T\u00e4ydellinen valinta p\u00e4ivitt\u00e4iseen k\u00e4ytt\u00f6\u00f6n, k\u00e4velyyn ja el\u00e4v\u00e4n urbaanin ilmeen luomiseen.<\/p>\n","protected":false},"excerpt":{"rendered":"<p>Dr. Martens Jadon White \/ Black ovat ikoniset saappaat, jotka on valmistettu korkealaatuisesta pehme\u00e4st\u00e4 nahasta, jossa yhdistyv\u00e4t tyyli, mukavuus ja kest\u00e4vyys. Malli on varustettu k\u00e4yt\u00e4nn\u00f6llisell\u00e4 lukolla ja klassisella valkoisen ja mustan v\u00e4rin yhdistelm\u00e4ll\u00e4, mik\u00e4 korostaa yksil\u00f6llist\u00e4 tyyli\u00e4. Tehdas Vietnamissa valmistetut Jadon-saappaat erottuvat kest\u00e4vist\u00e4 pohjistaan, mukavasta istuvuudestaan ja legendaarisesta Dr. Martens-tuotemerkin laadusta. T\u00e4ydellinen valinta p\u00e4ivitt\u00e4iseen k\u00e4ytt\u00f6\u00f6n, k\u00e4velyyn ja el\u00e4v\u00e4n urbaanin ilmeen luomiseen.<\/p>\n","protected":false},"featured_media":651334,"comment_status":"open","ping_status":"open","template":"","meta":[],"product_brand":[2398],"product_cat":[3616,3199,3331],"product_tag":[],"class_list":{"0":"post-651333","1":"product","2":"type-product","3":"status-publish","4":"has-post-thumbnail","6":"product_brand-dr-martens","7":"product_cat-dr-martens","8":"product_cat-all-product","9":"product_cat-cherevyky","10":"pa_rozmir-910","11":"pa_rozmir-912","12":"pa_rozmir-914","13":"pa_rozmir-915","14":"pa_rozmir-916","15":"pa_rozmir-917","16":"pa_rozmir-918","17":"pa_rozmir-919","18":"pa_rozmir-920","19":"pa_rozmir-921","20":"pa_rozmir-922","22":"first","23":"onbackorder","24":"purchasable","25":"product-type-variable"},"_links":{"self":[{"href":"https:\/\/nextsnkr.com\/fi\/wp-json\/wp\/v2\/product\/651333","targetHints":{"allow":["GET"]}}],"collection":[{"href":"https:\/\/nextsnkr.com\/fi\/wp-json\/wp\/v2\/product"}],"about":[{"href":"https:\/\/nextsnkr.com\/fi\/wp-json\/wp\/v2\/types\/product"}],"replies":[{"embeddable":true,"href":"https:\/\/nextsnkr.com\/fi\/wp-json\/wp\/v2\/comments?post=651333"}],"version-history":[{"count":0,"href":"https:\/\/nextsnkr.com\/fi\/wp-json\/wp\/v2\/product\/651333\/revisions"}],"wp:featuredmedia":[{"embeddable":true,"href":"https:\/\/nextsnkr.com\/fi\/wp-json\/wp\/v2\/media\/651334"}],"wp:attachment":[{"href":"https:\/\/nextsnkr.com\/fi\/wp-json\/wp\/v2\/media?parent=651333"}],"wp:term":[{"taxonomy":"product_brand","embeddable":true,"href":"https:\/\/nextsnkr.com\/fi\/wp-json\/wp\/v2\/product_brand?post=651333"},{"taxonomy":"product_cat","embeddable":true,"href":"https:\/\/nextsnkr.com\/fi\/wp-json\/wp\/v2\/product_cat?post=651333"},{"taxonomy":"product_tag","embeddable":true,"href":"https:\/\/nextsnkr.com\/fi\/wp-json\/wp\/v2\/product_tag?post=651333"}],"curies":[{"name":"wp","href":"https:\/\/api.w.org\/{rel}","templated":true}]}}