{"id":650768,"date":"2025-06-16T18:55:02","date_gmt":"2025-06-16T15:55:02","guid":{"rendered":"https:\/\/nextsnkr.com\/product\/new-balance-530-white-silver\/"},"modified":"2026-01-30T19:01:51","modified_gmt":"2026-01-30T16:01:51","slug":"new-balance-530-white-silver","status":"publish","type":"product","link":"https:\/\/nextsnkr.com\/fi\/tuote\/new-balance-530-white-silver\/","title":{"rendered":"New Balance 530 Valkoinen \/ Hopea sneakers-miesten nahka ja Tekstiili"},"content":{"rendered":"<h2>New Balance 530 Valkoinen \/ Hopea sneakers-miesten nahka ja Tekstiili<\/h2>\n<p>New Balance 530 valkoinen \/ hopea-tyylik\u00e4s miesten juoksukeng\u00e4t, joissa on yhdistelm\u00e4 nahkaa ja tekstiilej\u00e4, jotka tarjoavat mukavuutta, kest\u00e4vyytt\u00e4 ja mukavuutta p\u00e4ivitt\u00e4isess\u00e4 k\u00e4yt\u00f6ss\u00e4. Kevyt ja iskuja vaimentava pohja takaa mukavuuden k\u00e4velyn ja ulkoilun aikana, kun taas klassiset valkoiset ja hopeiset v\u00e4rit korostavat modernia tyyli\u00e4. Malli on ihanteellinen urheiluun ja jokap\u00e4iv\u00e4iseen k\u00e4ytt\u00f6\u00f6n. Tuotanto Vietnamissa vahvistaa materiaalien korkean laadun ja kest\u00e4vyyden.<\/p>\n","protected":false},"excerpt":{"rendered":"<p>New Balance 530 valkoinen \/ hopea-tyylik\u00e4s miesten juoksukeng\u00e4t, joissa on yhdistelm\u00e4 nahkaa ja tekstiilej\u00e4, jotka tarjoavat mukavuutta, kest\u00e4vyytt\u00e4 ja mukavuutta p\u00e4ivitt\u00e4isess\u00e4 k\u00e4yt\u00f6ss\u00e4. Kevyt ja iskuja vaimentava pohja takaa mukavuuden k\u00e4velyn ja ulkoilun aikana, kun taas klassiset valkoiset ja hopeiset v\u00e4rit korostavat modernia tyyli\u00e4. Malli on ihanteellinen urheiluun ja jokap\u00e4iv\u00e4iseen k\u00e4ytt\u00f6\u00f6n. Tuotanto Vietnamissa vahvistaa materiaalien korkean laadun ja kest\u00e4vyyden.<\/p>\n","protected":false},"featured_media":650772,"comment_status":"open","ping_status":"open","template":"","meta":[],"product_brand":[],"product_cat":[3199,3200],"product_tag":[],"class_list":{"0":"post-650768","1":"product","2":"type-product","3":"status-publish","4":"has-post-thumbnail","6":"product_cat-all-product","7":"product_cat-krosivky","8":"pa_rozmir-910","9":"pa_rozmir-912","10":"pa_rozmir-914","11":"pa_rozmir-915","12":"pa_rozmir-916","13":"pa_rozmir-917","14":"pa_rozmir-918","15":"pa_rozmir-919","16":"pa_rozmir-920","17":"pa_rozmir-921","18":"pa_rozmir-922","20":"first","21":"onbackorder","22":"purchasable","23":"product-type-variable"},"_links":{"self":[{"href":"https:\/\/nextsnkr.com\/fi\/wp-json\/wp\/v2\/product\/650768","targetHints":{"allow":["GET"]}}],"collection":[{"href":"https:\/\/nextsnkr.com\/fi\/wp-json\/wp\/v2\/product"}],"about":[{"href":"https:\/\/nextsnkr.com\/fi\/wp-json\/wp\/v2\/types\/product"}],"replies":[{"embeddable":true,"href":"https:\/\/nextsnkr.com\/fi\/wp-json\/wp\/v2\/comments?post=650768"}],"version-history":[{"count":0,"href":"https:\/\/nextsnkr.com\/fi\/wp-json\/wp\/v2\/product\/650768\/revisions"}],"wp:featuredmedia":[{"embeddable":true,"href":"https:\/\/nextsnkr.com\/fi\/wp-json\/wp\/v2\/media\/650772"}],"wp:attachment":[{"href":"https:\/\/nextsnkr.com\/fi\/wp-json\/wp\/v2\/media?parent=650768"}],"wp:term":[{"taxonomy":"product_brand","embeddable":true,"href":"https:\/\/nextsnkr.com\/fi\/wp-json\/wp\/v2\/product_brand?post=650768"},{"taxonomy":"product_cat","embeddable":true,"href":"https:\/\/nextsnkr.com\/fi\/wp-json\/wp\/v2\/product_cat?post=650768"},{"taxonomy":"product_tag","embeddable":true,"href":"https:\/\/nextsnkr.com\/fi\/wp-json\/wp\/v2\/product_tag?post=650768"}],"curies":[{"name":"wp","href":"https:\/\/api.w.org\/{rel}","templated":true}]}}