{"id":649453,"date":"2025-06-14T15:14:29","date_gmt":"2025-06-14T12:14:29","guid":{"rendered":"https:\/\/nextsnkr.com\/product\/air-force-1-sage-low\/"},"modified":"2026-01-30T19:01:16","modified_gmt":"2026-01-30T16:01:16","slug":"air-force-1-sage-low","status":"publish","type":"product","link":"https:\/\/nextsnkr.com\/fi\/tuote\/air-force-1-sage-low\/","title":{"rendered":"Air Force 1 Sage Low Sneakers-naisten mokkanahkaiset tennarit"},"content":{"rendered":"<h2>Air Force 1 Sage Low Sneakers-naisten mokkanahkaiset tennarit<\/h2>\n<p>Air Force 1 Sage Low on tyylikk\u00e4\u00e4t naisten mokkanahkaiset tennarit, jotka on suunniteltu mukavaan p\u00e4ivitt\u00e4iseen k\u00e4ytt\u00f6\u00f6n. Niiss\u00e4 yhdistyv\u00e4t Air Force 1-malliston ikoninen siluetti ja moderni, minimalistinen muotoilu. Pehme\u00e4 mokkanahka tarjoaa miellytt\u00e4v\u00e4n tuntotuntuman ja kest\u00e4vyyden, kun taas pehmustettu pohja takaa mukavuuden k\u00e4velless\u00e4. Valitse Air Force 1 Sage Low lis\u00e4t\u00e4ksesi trendikkyytt\u00e4 ja mukavuutta jokap\u00e4iv\u00e4iseen ilmeeseesi.<\/p>\n","protected":false},"excerpt":{"rendered":"<p>Air Force 1 Sage Low on tyylikk\u00e4\u00e4t naisten mokkanahkaiset tennarit, jotka on suunniteltu mukavaan p\u00e4ivitt\u00e4iseen k\u00e4ytt\u00f6\u00f6n. Niiss\u00e4 yhdistyv\u00e4t Air Force 1-malliston ikoninen siluetti ja moderni, minimalistinen muotoilu. Pehme\u00e4 mokkanahka tarjoaa miellytt\u00e4v\u00e4n tuntotuntuman ja kest\u00e4vyyden, kun taas pehmustettu pohja takaa mukavuuden k\u00e4velless\u00e4. Valitse Air Force 1 Sage Low lis\u00e4t\u00e4ksesi trendikkyytt\u00e4 ja mukavuutta jokap\u00e4iv\u00e4iseen ilmeeseesi.<\/p>\n","protected":false},"featured_media":649454,"comment_status":"open","ping_status":"open","template":"","meta":[],"product_brand":[],"product_cat":[3199,3318],"product_tag":[],"class_list":{"0":"post-649453","1":"product","2":"type-product","3":"status-publish","4":"has-post-thumbnail","6":"product_cat-all-product","7":"product_cat-kedy","8":"pa_rozmir-910","9":"pa_rozmir-912","10":"pa_rozmir-914","11":"pa_rozmir-915","12":"pa_rozmir-916","13":"pa_rozmir-917","14":"pa_rozmir-918","15":"pa_rozmir-919","16":"pa_rozmir-920","17":"pa_rozmir-921","18":"pa_rozmir-922","20":"first","21":"onbackorder","22":"purchasable","23":"product-type-variable"},"_links":{"self":[{"href":"https:\/\/nextsnkr.com\/fi\/wp-json\/wp\/v2\/product\/649453","targetHints":{"allow":["GET"]}}],"collection":[{"href":"https:\/\/nextsnkr.com\/fi\/wp-json\/wp\/v2\/product"}],"about":[{"href":"https:\/\/nextsnkr.com\/fi\/wp-json\/wp\/v2\/types\/product"}],"replies":[{"embeddable":true,"href":"https:\/\/nextsnkr.com\/fi\/wp-json\/wp\/v2\/comments?post=649453"}],"version-history":[{"count":0,"href":"https:\/\/nextsnkr.com\/fi\/wp-json\/wp\/v2\/product\/649453\/revisions"}],"wp:featuredmedia":[{"embeddable":true,"href":"https:\/\/nextsnkr.com\/fi\/wp-json\/wp\/v2\/media\/649454"}],"wp:attachment":[{"href":"https:\/\/nextsnkr.com\/fi\/wp-json\/wp\/v2\/media?parent=649453"}],"wp:term":[{"taxonomy":"product_brand","embeddable":true,"href":"https:\/\/nextsnkr.com\/fi\/wp-json\/wp\/v2\/product_brand?post=649453"},{"taxonomy":"product_cat","embeddable":true,"href":"https:\/\/nextsnkr.com\/fi\/wp-json\/wp\/v2\/product_cat?post=649453"},{"taxonomy":"product_tag","embeddable":true,"href":"https:\/\/nextsnkr.com\/fi\/wp-json\/wp\/v2\/product_tag?post=649453"}],"curies":[{"name":"wp","href":"https:\/\/api.w.org\/{rel}","templated":true}]}}