{"id":648266,"date":"2025-06-14T15:18:44","date_gmt":"2025-06-14T12:18:44","guid":{"rendered":"https:\/\/nextsnkr.com\/product\/nike-air-force-shadow-white-blue\/"},"modified":"2026-01-30T19:00:31","modified_gmt":"2026-01-30T16:00:31","slug":"nike-air-force-shadow-white-blue","status":"publish","type":"product","link":"https:\/\/nextsnkr.com\/fi\/tuote\/nike-air-force-shadow-white-blue\/","title":{"rendered":"Nike Air Force Shadow Valkoinen Sininen lenkkarit yhdistetty"},"content":{"rendered":"<h2>Nike Air Force Shadow Valkoinen Sininen lenkkarit yhdistetty<\/h2>\n<p>Tyylikk\u00e4\u00e4t Nike Air Force Shadow White Blue-tennarit on valmistettu yhdistetyist\u00e4 materiaaleista, jotka tarjoavat kest\u00e4vyytt\u00e4, mukavuutta ja houkuttelevan ulkon\u00e4\u00f6n. Kevyt pehmustettu pohja takaa mukavuuden p\u00e4ivitt\u00e4isess\u00e4 k\u00e4yt\u00f6ss\u00e4, kun taas sinivalkoinen muotoilu lis\u00e4\u00e4 ilmeeseen raikkautta ja dynamiikkaa. Vietnamissa valmistetut lenkkarit yhdist\u00e4v\u00e4t Nike-br\u00e4ndin laadun ja modernin tyylin. T\u00e4ydellinen valinta aktiiviselle ja tyylikk\u00e4\u00e4lle.<\/p>\n","protected":false},"excerpt":{"rendered":"<p>Tyylikk\u00e4\u00e4t Nike Air Force Shadow White Blue-tennarit on valmistettu yhdistetyist\u00e4 materiaaleista, jotka tarjoavat kest\u00e4vyytt\u00e4, mukavuutta ja houkuttelevan ulkon\u00e4\u00f6n. Kevyt pehmustettu pohja takaa mukavuuden p\u00e4ivitt\u00e4isess\u00e4 k\u00e4yt\u00f6ss\u00e4, kun taas sinivalkoinen muotoilu lis\u00e4\u00e4 ilmeeseen raikkautta ja dynamiikkaa. Vietnamissa valmistetut lenkkarit yhdist\u00e4v\u00e4t Nike-br\u00e4ndin laadun ja modernin tyylin. T\u00e4ydellinen valinta aktiiviselle ja tyylikk\u00e4\u00e4lle.<\/p>\n","protected":false},"featured_media":648267,"comment_status":"open","ping_status":"open","template":"","meta":[],"product_brand":[],"product_cat":[3199,3318],"product_tag":[],"class_list":{"0":"post-648266","1":"product","2":"type-product","3":"status-publish","4":"has-post-thumbnail","6":"product_cat-all-product","7":"product_cat-kedy","8":"pa_rozmir-910","9":"pa_rozmir-912","10":"pa_rozmir-914","11":"pa_rozmir-915","12":"pa_rozmir-916","13":"pa_rozmir-917","14":"pa_rozmir-918","15":"pa_rozmir-919","16":"pa_rozmir-920","17":"pa_rozmir-921","18":"pa_rozmir-922","20":"first","21":"instock","22":"purchasable","23":"product-type-variable"},"_links":{"self":[{"href":"https:\/\/nextsnkr.com\/fi\/wp-json\/wp\/v2\/product\/648266","targetHints":{"allow":["GET"]}}],"collection":[{"href":"https:\/\/nextsnkr.com\/fi\/wp-json\/wp\/v2\/product"}],"about":[{"href":"https:\/\/nextsnkr.com\/fi\/wp-json\/wp\/v2\/types\/product"}],"replies":[{"embeddable":true,"href":"https:\/\/nextsnkr.com\/fi\/wp-json\/wp\/v2\/comments?post=648266"}],"version-history":[{"count":0,"href":"https:\/\/nextsnkr.com\/fi\/wp-json\/wp\/v2\/product\/648266\/revisions"}],"wp:featuredmedia":[{"embeddable":true,"href":"https:\/\/nextsnkr.com\/fi\/wp-json\/wp\/v2\/media\/648267"}],"wp:attachment":[{"href":"https:\/\/nextsnkr.com\/fi\/wp-json\/wp\/v2\/media?parent=648266"}],"wp:term":[{"taxonomy":"product_brand","embeddable":true,"href":"https:\/\/nextsnkr.com\/fi\/wp-json\/wp\/v2\/product_brand?post=648266"},{"taxonomy":"product_cat","embeddable":true,"href":"https:\/\/nextsnkr.com\/fi\/wp-json\/wp\/v2\/product_cat?post=648266"},{"taxonomy":"product_tag","embeddable":true,"href":"https:\/\/nextsnkr.com\/fi\/wp-json\/wp\/v2\/product_tag?post=648266"}],"curies":[{"name":"wp","href":"https:\/\/api.w.org\/{rel}","templated":true}]}}