{"id":647405,"date":"2025-06-14T15:21:49","date_gmt":"2025-06-14T12:21:49","guid":{"rendered":"https:\/\/nextsnkr.com\/product\/air-force-1-type-n-354-white\/"},"modified":"2026-01-30T19:00:05","modified_gmt":"2026-01-30T16:00:05","slug":"air-force-1-type-n-354-white","status":"publish","type":"product","link":"https:\/\/nextsnkr.com\/fi\/tuote\/air-force-1-type-n-354-white\/","title":{"rendered":"Nike Air Force 1 Type N. 354 valkoiset tennarit-valkoiset nahkakeng\u00e4t"},"content":{"rendered":"<h2>Nike Air Force 1 Type N. 354 valkoiset tennarit-valkoiset nahkakeng\u00e4t<\/h2>\n<p>Nike Air Force 1 Type N. 354 valkoiset lenkkarit on valmistettu korkealaatuisesta nahasta, joka takaa kest\u00e4vyyden, mukavuuden ja tyylikk\u00e4\u00e4n ilmeen. Mallissa on p\u00e4ivitetyt yksityiskohdat N. 354-linjasta ja alkuper\u00e4iset aksentit, jotka lis\u00e4\u00e4v\u00e4t modernia ilmett\u00e4. Kevyt ulkopohja tarjoaa pehmusteen ja tuen p\u00e4ivitt\u00e4isess\u00e4 k\u00e4yt\u00f6ss\u00e4. N\u00e4m\u00e4 ovat t\u00e4ydelliset lenkkarit kaupungille, joissa yhdistyv\u00e4t Air Force 1: n klassikot ja raikas muotoilu.<\/p>\n","protected":false},"excerpt":{"rendered":"<p>Nike Air Force 1 Type N. 354 valkoiset lenkkarit on valmistettu korkealaatuisesta nahasta, joka takaa kest\u00e4vyyden, mukavuuden ja tyylikk\u00e4\u00e4n ilmeen. Mallissa on p\u00e4ivitetyt yksityiskohdat N. 354-linjasta ja alkuper\u00e4iset aksentit, jotka lis\u00e4\u00e4v\u00e4t modernia ilmett\u00e4. Kevyt ulkopohja tarjoaa pehmusteen ja tuen p\u00e4ivitt\u00e4isess\u00e4 k\u00e4yt\u00f6ss\u00e4. N\u00e4m\u00e4 ovat t\u00e4ydelliset lenkkarit kaupungille, joissa yhdistyv\u00e4t Air Force 1: n klassikot ja raikas muotoilu.<\/p>\n","protected":false},"featured_media":647406,"comment_status":"open","ping_status":"open","template":"","meta":[],"product_brand":[],"product_cat":[3199,3318],"product_tag":[],"class_list":{"0":"post-647405","1":"product","2":"type-product","3":"status-publish","4":"has-post-thumbnail","6":"product_cat-all-product","7":"product_cat-kedy","8":"pa_rozmir-910","9":"pa_rozmir-912","10":"pa_rozmir-914","11":"pa_rozmir-915","12":"pa_rozmir-916","13":"pa_rozmir-917","14":"pa_rozmir-918","15":"pa_rozmir-919","16":"pa_rozmir-920","17":"pa_rozmir-921","18":"pa_rozmir-922","20":"first","21":"instock","22":"purchasable","23":"product-type-variable"},"_links":{"self":[{"href":"https:\/\/nextsnkr.com\/fi\/wp-json\/wp\/v2\/product\/647405","targetHints":{"allow":["GET"]}}],"collection":[{"href":"https:\/\/nextsnkr.com\/fi\/wp-json\/wp\/v2\/product"}],"about":[{"href":"https:\/\/nextsnkr.com\/fi\/wp-json\/wp\/v2\/types\/product"}],"replies":[{"embeddable":true,"href":"https:\/\/nextsnkr.com\/fi\/wp-json\/wp\/v2\/comments?post=647405"}],"version-history":[{"count":0,"href":"https:\/\/nextsnkr.com\/fi\/wp-json\/wp\/v2\/product\/647405\/revisions"}],"wp:featuredmedia":[{"embeddable":true,"href":"https:\/\/nextsnkr.com\/fi\/wp-json\/wp\/v2\/media\/647406"}],"wp:attachment":[{"href":"https:\/\/nextsnkr.com\/fi\/wp-json\/wp\/v2\/media?parent=647405"}],"wp:term":[{"taxonomy":"product_brand","embeddable":true,"href":"https:\/\/nextsnkr.com\/fi\/wp-json\/wp\/v2\/product_brand?post=647405"},{"taxonomy":"product_cat","embeddable":true,"href":"https:\/\/nextsnkr.com\/fi\/wp-json\/wp\/v2\/product_cat?post=647405"},{"taxonomy":"product_tag","embeddable":true,"href":"https:\/\/nextsnkr.com\/fi\/wp-json\/wp\/v2\/product_tag?post=647405"}],"curies":[{"name":"wp","href":"https:\/\/api.w.org\/{rel}","templated":true}]}}