{"id":647067,"date":"2025-06-14T15:23:03","date_gmt":"2025-06-14T12:23:03","guid":{"rendered":"https:\/\/nextsnkr.com\/product\/air-force-1-swoosh-white-pink\/"},"modified":"2026-01-30T18:59:55","modified_gmt":"2026-01-30T15:59:55","slug":"air-force-1-swoosh-white-pink","status":"publish","type":"product","link":"https:\/\/nextsnkr.com\/fi\/tuote\/air-force-1-swoosh-white-pink\/","title":{"rendered":"Air Force 1 Swoosh valkoiset \/ vaaleanpunaiset tennarit-valkoiset nahkakeng\u00e4t vaaleanpunaisella logolla"},"content":{"rendered":"<h2>Air Force 1 Swoosh valkoiset \/ vaaleanpunaiset tennarit-valkoiset nahkakeng\u00e4t vaaleanpunaisella logolla<\/h2>\n<p>Air Force 1 Swoosh White \/ Pink lenkkarit ovat tyylik\u00e4s aitoa nahkaa malli luotu Vietnamissa. Valkoinen yl\u00e4osa on yhdistetty kirkkaan vaaleanpunaiseen Swooshiin, joka lis\u00e4\u00e4 ilmeeseen raikkautta ja korostusta. Kest\u00e4v\u00e4 materiaali tarjoaa kulutuskest\u00e4vyytt\u00e4, ja mukava istuvuus takaa mukavuuden koko p\u00e4iv\u00e4n. Air Force 1 Swoosh White \/ Pink on erinomainen valinta niille, jotka etsiv\u00e4t laadukkaita, trendikk\u00e4it\u00e4 ja monipuolisia lenkkareita joka p\u00e4iv\u00e4.<\/p>\n","protected":false},"excerpt":{"rendered":"<p>Air Force 1 Swoosh White \/ Pink lenkkarit ovat tyylik\u00e4s aitoa nahkaa malli luotu Vietnamissa. Valkoinen yl\u00e4osa on yhdistetty kirkkaan vaaleanpunaiseen Swooshiin, joka lis\u00e4\u00e4 ilmeeseen raikkautta ja korostusta. Kest\u00e4v\u00e4 materiaali tarjoaa kulutuskest\u00e4vyytt\u00e4, ja mukava istuvuus takaa mukavuuden koko p\u00e4iv\u00e4n. Air Force 1 Swoosh White \/ Pink on erinomainen valinta niille, jotka etsiv\u00e4t laadukkaita, trendikk\u00e4it\u00e4 ja monipuolisia lenkkareita joka p\u00e4iv\u00e4.<\/p>\n","protected":false},"featured_media":647068,"comment_status":"open","ping_status":"open","template":"","meta":[],"product_brand":[],"product_cat":[3199,3318],"product_tag":[],"class_list":{"0":"post-647067","1":"product","2":"type-product","3":"status-publish","4":"has-post-thumbnail","6":"product_cat-all-product","7":"product_cat-kedy","8":"pa_rozmir-910","9":"pa_rozmir-912","10":"pa_rozmir-914","11":"pa_rozmir-915","12":"pa_rozmir-916","13":"pa_rozmir-917","14":"pa_rozmir-918","15":"pa_rozmir-919","16":"pa_rozmir-920","17":"pa_rozmir-921","18":"pa_rozmir-922","20":"first","21":"onbackorder","22":"purchasable","23":"product-type-variable"},"_links":{"self":[{"href":"https:\/\/nextsnkr.com\/fi\/wp-json\/wp\/v2\/product\/647067","targetHints":{"allow":["GET"]}}],"collection":[{"href":"https:\/\/nextsnkr.com\/fi\/wp-json\/wp\/v2\/product"}],"about":[{"href":"https:\/\/nextsnkr.com\/fi\/wp-json\/wp\/v2\/types\/product"}],"replies":[{"embeddable":true,"href":"https:\/\/nextsnkr.com\/fi\/wp-json\/wp\/v2\/comments?post=647067"}],"version-history":[{"count":0,"href":"https:\/\/nextsnkr.com\/fi\/wp-json\/wp\/v2\/product\/647067\/revisions"}],"wp:featuredmedia":[{"embeddable":true,"href":"https:\/\/nextsnkr.com\/fi\/wp-json\/wp\/v2\/media\/647068"}],"wp:attachment":[{"href":"https:\/\/nextsnkr.com\/fi\/wp-json\/wp\/v2\/media?parent=647067"}],"wp:term":[{"taxonomy":"product_brand","embeddable":true,"href":"https:\/\/nextsnkr.com\/fi\/wp-json\/wp\/v2\/product_brand?post=647067"},{"taxonomy":"product_cat","embeddable":true,"href":"https:\/\/nextsnkr.com\/fi\/wp-json\/wp\/v2\/product_cat?post=647067"},{"taxonomy":"product_tag","embeddable":true,"href":"https:\/\/nextsnkr.com\/fi\/wp-json\/wp\/v2\/product_tag?post=647067"}],"curies":[{"name":"wp","href":"https:\/\/api.w.org\/{rel}","templated":true}]}}