{"id":646206,"date":"2025-06-14T15:26:02","date_gmt":"2025-06-14T12:26:02","guid":{"rendered":"https:\/\/nextsnkr.com\/product\/air-force-1-low-07-pattern\/"},"modified":"2026-01-30T18:59:33","modified_gmt":"2026-01-30T15:59:33","slug":"air-force-1-low-07-pattern","status":"publish","type":"product","link":"https:\/\/nextsnkr.com\/fi\/tuote\/air-force-1-low-07-pattern\/","title":{"rendered":"Air Force 1 Low 07 kuviolliset tennarit-tyylikk\u00e4\u00e4t nahkakeng\u00e4t"},"content":{"rendered":"<h2>Air Force 1 Low 07 kuviolliset tennarit-tyylikk\u00e4\u00e4t nahkakeng\u00e4t<\/h2>\n<p>Air Force 1 Low 07\u2014kuviolliset tennarit ovat moderni tulkinta ikonisesta mallista, joka on valmistettu korkealaatuisesta aidosta nahasta. Materiaali tarjoaa kest\u00e4vyytt\u00e4, mukavuutta ja siistin ulkon\u00e4\u00f6n p\u00e4ivitt\u00e4isess\u00e4 k\u00e4yt\u00f6ss\u00e4. Alkuper\u00e4inen kuviointi tekee parista kirkkaan ja trendikk\u00e4\u00e4n n\u00e4k\u00f6isen, ja kest\u00e4v\u00e4 ulkopohja takaa luotettavan iskunvaimennuksen. N\u00e4m\u00e4 tennarit ovat ihanteellisia urbaaniin tyyliin, aktiiviseen rytmiin ja niille, jotka arvostavat mukavuutta yhdistettyn\u00e4 moderniin estetiikkaan.<\/p>\n","protected":false},"excerpt":{"rendered":"<p>Air Force 1 Low 07\u2014kuviolliset tennarit ovat moderni tulkinta ikonisesta mallista, joka on valmistettu korkealaatuisesta aidosta nahasta. Materiaali tarjoaa kest\u00e4vyytt\u00e4, mukavuutta ja siistin ulkon\u00e4\u00f6n p\u00e4ivitt\u00e4isess\u00e4 k\u00e4yt\u00f6ss\u00e4. Alkuper\u00e4inen kuviointi tekee parista kirkkaan ja trendikk\u00e4\u00e4n n\u00e4k\u00f6isen, ja kest\u00e4v\u00e4 ulkopohja takaa luotettavan iskunvaimennuksen. N\u00e4m\u00e4 tennarit ovat ihanteellisia urbaaniin tyyliin, aktiiviseen rytmiin ja niille, jotka arvostavat mukavuutta yhdistettyn\u00e4 moderniin estetiikkaan.<\/p>\n","protected":false},"featured_media":646207,"comment_status":"open","ping_status":"open","template":"","meta":[],"product_brand":[],"product_cat":[3199,3318],"product_tag":[],"class_list":{"0":"post-646206","1":"product","2":"type-product","3":"status-publish","4":"has-post-thumbnail","6":"product_cat-all-product","7":"product_cat-kedy","8":"pa_rozmir-910","9":"pa_rozmir-912","10":"pa_rozmir-914","11":"pa_rozmir-915","12":"pa_rozmir-916","13":"pa_rozmir-917","14":"pa_rozmir-918","15":"pa_rozmir-919","16":"pa_rozmir-920","17":"pa_rozmir-921","18":"pa_rozmir-922","20":"first","21":"onbackorder","22":"purchasable","23":"product-type-variable"},"_links":{"self":[{"href":"https:\/\/nextsnkr.com\/fi\/wp-json\/wp\/v2\/product\/646206","targetHints":{"allow":["GET"]}}],"collection":[{"href":"https:\/\/nextsnkr.com\/fi\/wp-json\/wp\/v2\/product"}],"about":[{"href":"https:\/\/nextsnkr.com\/fi\/wp-json\/wp\/v2\/types\/product"}],"replies":[{"embeddable":true,"href":"https:\/\/nextsnkr.com\/fi\/wp-json\/wp\/v2\/comments?post=646206"}],"version-history":[{"count":0,"href":"https:\/\/nextsnkr.com\/fi\/wp-json\/wp\/v2\/product\/646206\/revisions"}],"wp:featuredmedia":[{"embeddable":true,"href":"https:\/\/nextsnkr.com\/fi\/wp-json\/wp\/v2\/media\/646207"}],"wp:attachment":[{"href":"https:\/\/nextsnkr.com\/fi\/wp-json\/wp\/v2\/media?parent=646206"}],"wp:term":[{"taxonomy":"product_brand","embeddable":true,"href":"https:\/\/nextsnkr.com\/fi\/wp-json\/wp\/v2\/product_brand?post=646206"},{"taxonomy":"product_cat","embeddable":true,"href":"https:\/\/nextsnkr.com\/fi\/wp-json\/wp\/v2\/product_cat?post=646206"},{"taxonomy":"product_tag","embeddable":true,"href":"https:\/\/nextsnkr.com\/fi\/wp-json\/wp\/v2\/product_tag?post=646206"}],"curies":[{"name":"wp","href":"https:\/\/api.w.org\/{rel}","templated":true}]}}