{"id":646026,"date":"2025-06-14T15:26:40","date_gmt":"2025-06-14T12:26:40","guid":{"rendered":"https:\/\/nextsnkr.com\/product\/nike-air-force-1-white-premium\/"},"modified":"2026-01-30T18:59:29","modified_gmt":"2026-01-30T15:59:29","slug":"nike-air-force-1-white-premium","status":"publish","type":"product","link":"https:\/\/nextsnkr.com\/fi\/tuote\/nike-air-force-1-white-premium\/","title":{"rendered":"Nike Air Force 1 valkoiset Premium miesten nahkakeng\u00e4t"},"content":{"rendered":"<h2>Nike Air Force 1 valkoiset Premium miesten nahkakeng\u00e4t<\/h2>\n<p>Nike Air Force 1 White Premium tennarit ovatikonin malli klassinen valkoinen, suunniteltu yhdist\u00e4m\u00e4\u00e4n tyyli ja mukavuus. Valmistettu aidosta nahasta, ne tarjoavat korkean kulutuskest\u00e4vyyden ja mukavan istuvuuden. Iskuja vaimentava pohja tarjoaa pehmeytt\u00e4 k\u00e4velless\u00e4, ja monipuolinen muotoilu voidaan helposti yhdist\u00e4\u00e4 mihin tahansa rentoon ilmeeseen. T\u00e4ydellinen valinta p\u00e4ivitt\u00e4iseen k\u00e4ytt\u00f6\u00f6n, aktiiviseen kaupunkirytmiin ja ensiluokkaisten Nike-kenkien faneille.<\/p>\n","protected":false},"excerpt":{"rendered":"<p>Nike Air Force 1 White Premium tennarit ovatikonin malli klassinen valkoinen, suunniteltu yhdist\u00e4m\u00e4\u00e4n tyyli ja mukavuus. Valmistettu aidosta nahasta, ne tarjoavat korkean kulutuskest\u00e4vyyden ja mukavan istuvuuden. Iskuja vaimentava pohja tarjoaa pehmeytt\u00e4 k\u00e4velless\u00e4, ja monipuolinen muotoilu voidaan helposti yhdist\u00e4\u00e4 mihin tahansa rentoon ilmeeseen. T\u00e4ydellinen valinta p\u00e4ivitt\u00e4iseen k\u00e4ytt\u00f6\u00f6n, aktiiviseen kaupunkirytmiin ja ensiluokkaisten Nike-kenkien faneille.<\/p>\n","protected":false},"featured_media":646027,"comment_status":"open","ping_status":"open","template":"","meta":[],"product_brand":[],"product_cat":[3199,3318],"product_tag":[],"class_list":{"0":"post-646026","1":"product","2":"type-product","3":"status-publish","4":"has-post-thumbnail","6":"product_cat-all-product","7":"product_cat-kedy","8":"pa_rozmir-910","9":"pa_rozmir-912","10":"pa_rozmir-914","11":"pa_rozmir-915","12":"pa_rozmir-916","13":"pa_rozmir-917","14":"pa_rozmir-918","15":"pa_rozmir-919","16":"pa_rozmir-920","17":"pa_rozmir-921","18":"pa_rozmir-922","20":"first","21":"onbackorder","22":"purchasable","23":"product-type-variable"},"_links":{"self":[{"href":"https:\/\/nextsnkr.com\/fi\/wp-json\/wp\/v2\/product\/646026","targetHints":{"allow":["GET"]}}],"collection":[{"href":"https:\/\/nextsnkr.com\/fi\/wp-json\/wp\/v2\/product"}],"about":[{"href":"https:\/\/nextsnkr.com\/fi\/wp-json\/wp\/v2\/types\/product"}],"replies":[{"embeddable":true,"href":"https:\/\/nextsnkr.com\/fi\/wp-json\/wp\/v2\/comments?post=646026"}],"version-history":[{"count":0,"href":"https:\/\/nextsnkr.com\/fi\/wp-json\/wp\/v2\/product\/646026\/revisions"}],"wp:featuredmedia":[{"embeddable":true,"href":"https:\/\/nextsnkr.com\/fi\/wp-json\/wp\/v2\/media\/646027"}],"wp:attachment":[{"href":"https:\/\/nextsnkr.com\/fi\/wp-json\/wp\/v2\/media?parent=646026"}],"wp:term":[{"taxonomy":"product_brand","embeddable":true,"href":"https:\/\/nextsnkr.com\/fi\/wp-json\/wp\/v2\/product_brand?post=646026"},{"taxonomy":"product_cat","embeddable":true,"href":"https:\/\/nextsnkr.com\/fi\/wp-json\/wp\/v2\/product_cat?post=646026"},{"taxonomy":"product_tag","embeddable":true,"href":"https:\/\/nextsnkr.com\/fi\/wp-json\/wp\/v2\/product_tag?post=646026"}],"curies":[{"name":"wp","href":"https:\/\/api.w.org\/{rel}","templated":true}]}}