{"id":645853,"date":"2025-06-14T15:27:15","date_gmt":"2025-06-14T12:27:15","guid":{"rendered":"https:\/\/nextsnkr.com\/product\/air-force-shadow-white-green\/"},"modified":"2026-01-30T18:59:24","modified_gmt":"2026-01-30T15:59:24","slug":"air-force-shadow-white-green","status":"publish","type":"product","link":"https:\/\/nextsnkr.com\/fi\/tuote\/air-force-shadow-white-green\/","title":{"rendered":"Air Force Shadow Valkovihre\u00e4t tennarit-tyylikk\u00e4\u00e4t nahkaiset tennarit aksenteilla"},"content":{"rendered":"<h2>Air Force Shadow Valkovihre\u00e4t tennarit-tyylikk\u00e4\u00e4t nahkaiset tennarit aksenteilla<\/h2>\n<p>Air Force Shadow Valkovihreiss\u00e4 tennareissa yhdistyv\u00e4t raikas muotoilu, mukavuus ja korkea laatu. Aidosta nahasta valmistetut ne tarjoavat kest\u00e4vyytt\u00e4, mukavan istuvuuden ja miellytt\u00e4v\u00e4n tunteen p\u00e4ivitt\u00e4isess\u00e4 k\u00e4yt\u00f6ss\u00e4. Kontrastiv\u00e4riset vihre\u00e4t aksentit lis\u00e4\u00e4v\u00e4t ilmeeseen dynaamisuutta ja nykyaikaisuutta. N\u00e4m\u00e4 Vietnamissa valmistetut lenkkarit sopivat t\u00e4ydellisesti urbaaniin tyyliin, k\u00e4velyyn ja aktiiviseen el\u00e4m\u00e4ntapaan. Air Force Shadow White Green on t\u00e4ydellinen valinta niille, jotka etsiv\u00e4t klassikoiden ja trendikk\u00e4iden yksityiskohtien yhdistelm\u00e4\u00e4.<\/p>\n","protected":false},"excerpt":{"rendered":"<p>Air Force Shadow Valkovihreiss\u00e4 tennareissa yhdistyv\u00e4t raikas muotoilu, mukavuus ja korkea laatu. Aidosta nahasta valmistetut ne tarjoavat kest\u00e4vyytt\u00e4, mukavan istuvuuden ja miellytt\u00e4v\u00e4n tunteen p\u00e4ivitt\u00e4isess\u00e4 k\u00e4yt\u00f6ss\u00e4. Kontrastiv\u00e4riset vihre\u00e4t aksentit lis\u00e4\u00e4v\u00e4t ilmeeseen dynaamisuutta ja nykyaikaisuutta. N\u00e4m\u00e4 Vietnamissa valmistetut lenkkarit sopivat t\u00e4ydellisesti urbaaniin tyyliin, k\u00e4velyyn ja aktiiviseen el\u00e4m\u00e4ntapaan. Air Force Shadow White Green on t\u00e4ydellinen valinta niille, jotka etsiv\u00e4t klassikoiden ja trendikk\u00e4iden yksityiskohtien yhdistelm\u00e4\u00e4.<\/p>\n","protected":false},"featured_media":645854,"comment_status":"open","ping_status":"open","template":"","meta":[],"product_brand":[],"product_cat":[3199,3318],"product_tag":[],"class_list":{"0":"post-645853","1":"product","2":"type-product","3":"status-publish","4":"has-post-thumbnail","6":"product_cat-all-product","7":"product_cat-kedy","8":"pa_rozmir-910","9":"pa_rozmir-912","10":"pa_rozmir-914","11":"pa_rozmir-915","12":"pa_rozmir-916","13":"pa_rozmir-917","14":"pa_rozmir-918","15":"pa_rozmir-919","16":"pa_rozmir-920","17":"pa_rozmir-921","18":"pa_rozmir-922","20":"first","21":"onbackorder","22":"purchasable","23":"product-type-variable"},"_links":{"self":[{"href":"https:\/\/nextsnkr.com\/fi\/wp-json\/wp\/v2\/product\/645853","targetHints":{"allow":["GET"]}}],"collection":[{"href":"https:\/\/nextsnkr.com\/fi\/wp-json\/wp\/v2\/product"}],"about":[{"href":"https:\/\/nextsnkr.com\/fi\/wp-json\/wp\/v2\/types\/product"}],"replies":[{"embeddable":true,"href":"https:\/\/nextsnkr.com\/fi\/wp-json\/wp\/v2\/comments?post=645853"}],"version-history":[{"count":0,"href":"https:\/\/nextsnkr.com\/fi\/wp-json\/wp\/v2\/product\/645853\/revisions"}],"wp:featuredmedia":[{"embeddable":true,"href":"https:\/\/nextsnkr.com\/fi\/wp-json\/wp\/v2\/media\/645854"}],"wp:attachment":[{"href":"https:\/\/nextsnkr.com\/fi\/wp-json\/wp\/v2\/media?parent=645853"}],"wp:term":[{"taxonomy":"product_brand","embeddable":true,"href":"https:\/\/nextsnkr.com\/fi\/wp-json\/wp\/v2\/product_brand?post=645853"},{"taxonomy":"product_cat","embeddable":true,"href":"https:\/\/nextsnkr.com\/fi\/wp-json\/wp\/v2\/product_cat?post=645853"},{"taxonomy":"product_tag","embeddable":true,"href":"https:\/\/nextsnkr.com\/fi\/wp-json\/wp\/v2\/product_tag?post=645853"}],"curies":[{"name":"wp","href":"https:\/\/api.w.org\/{rel}","templated":true}]}}