{"id":645514,"date":"2025-06-14T15:28:29","date_gmt":"2025-06-14T12:28:29","guid":{"rendered":"https:\/\/nextsnkr.com\/product\/air-force-1-white-grey\/"},"modified":"2026-01-30T18:59:02","modified_gmt":"2026-01-30T15:59:02","slug":"air-force-1-white-grey","status":"publish","type":"product","link":"https:\/\/nextsnkr.com\/fi\/tuote\/air-force-1-white-grey\/","title":{"rendered":"Air Force 1 Valko-harmaat tennarit-miesten nahkalenkkarit valkoiseen ja harmaaseen tyyliin"},"content":{"rendered":"<h2>Air Force 1 Valko-harmaat tennarit-miesten nahkalenkkarit valkoiseen ja harmaaseen tyyliin<\/h2>\n<p>Air Force 1 valkoiset \/ harmaat tennarit ovat tyylik\u00e4s ja monipuolinen malli, joka on valmistettu korkealaatuisesta aidosta nahasta. Valkoisen ja harmaan v\u00e4rin yhdistelm\u00e4n ansiosta keng\u00e4t n\u00e4ytt\u00e4v\u00e4t moderneilta ja ne voidaan helposti yhdist\u00e4\u00e4 mihin tahansa jokap\u00e4iv\u00e4iseen ilmeeseen. Pehmustettu pohjallinen ja mukava pohja tarjoavat mukavuutta pitk\u00e4aikaisessa k\u00e4yt\u00f6ss\u00e4, kun taas kest\u00e4v\u00e4t materiaalit takaavat kest\u00e4vyyden. Valitse Air Force 1 Valkoinen \/ Harmaa, jos arvostat tyyli\u00e4, laatua ja mukavuutta joka p\u00e4iv\u00e4.<\/p>\n","protected":false},"excerpt":{"rendered":"<p>Air Force 1 valkoiset \/ harmaat tennarit ovat tyylik\u00e4s ja monipuolinen malli, joka on valmistettu korkealaatuisesta aidosta nahasta. Valkoisen ja harmaan v\u00e4rin yhdistelm\u00e4n ansiosta keng\u00e4t n\u00e4ytt\u00e4v\u00e4t moderneilta ja ne voidaan helposti yhdist\u00e4\u00e4 mihin tahansa jokap\u00e4iv\u00e4iseen ilmeeseen. Pehmustettu pohjallinen ja mukava pohja tarjoavat mukavuutta pitk\u00e4aikaisessa k\u00e4yt\u00f6ss\u00e4, kun taas kest\u00e4v\u00e4t materiaalit takaavat kest\u00e4vyyden. Valitse Air Force 1 Valkoinen \/ Harmaa, jos arvostat tyyli\u00e4, laatua ja mukavuutta joka p\u00e4iv\u00e4.<\/p>\n","protected":false},"featured_media":645515,"comment_status":"open","ping_status":"open","template":"","meta":[],"product_brand":[],"product_cat":[3199,3318],"product_tag":[],"class_list":{"0":"post-645514","1":"product","2":"type-product","3":"status-publish","4":"has-post-thumbnail","6":"product_cat-all-product","7":"product_cat-kedy","8":"pa_rozmir-910","9":"pa_rozmir-912","10":"pa_rozmir-914","11":"pa_rozmir-915","12":"pa_rozmir-916","13":"pa_rozmir-917","14":"pa_rozmir-918","15":"pa_rozmir-919","16":"pa_rozmir-920","17":"pa_rozmir-921","18":"pa_rozmir-922","20":"first","21":"onbackorder","22":"purchasable","23":"product-type-variable"},"_links":{"self":[{"href":"https:\/\/nextsnkr.com\/fi\/wp-json\/wp\/v2\/product\/645514","targetHints":{"allow":["GET"]}}],"collection":[{"href":"https:\/\/nextsnkr.com\/fi\/wp-json\/wp\/v2\/product"}],"about":[{"href":"https:\/\/nextsnkr.com\/fi\/wp-json\/wp\/v2\/types\/product"}],"replies":[{"embeddable":true,"href":"https:\/\/nextsnkr.com\/fi\/wp-json\/wp\/v2\/comments?post=645514"}],"version-history":[{"count":0,"href":"https:\/\/nextsnkr.com\/fi\/wp-json\/wp\/v2\/product\/645514\/revisions"}],"wp:featuredmedia":[{"embeddable":true,"href":"https:\/\/nextsnkr.com\/fi\/wp-json\/wp\/v2\/media\/645515"}],"wp:attachment":[{"href":"https:\/\/nextsnkr.com\/fi\/wp-json\/wp\/v2\/media?parent=645514"}],"wp:term":[{"taxonomy":"product_brand","embeddable":true,"href":"https:\/\/nextsnkr.com\/fi\/wp-json\/wp\/v2\/product_brand?post=645514"},{"taxonomy":"product_cat","embeddable":true,"href":"https:\/\/nextsnkr.com\/fi\/wp-json\/wp\/v2\/product_cat?post=645514"},{"taxonomy":"product_tag","embeddable":true,"href":"https:\/\/nextsnkr.com\/fi\/wp-json\/wp\/v2\/product_tag?post=645514"}],"curies":[{"name":"wp","href":"https:\/\/api.w.org\/{rel}","templated":true}]}}