{"id":645344,"date":"2025-06-14T15:29:09","date_gmt":"2025-06-14T12:29:09","guid":{"rendered":"https:\/\/nextsnkr.com\/product\/air-force-1-shadow-black\/"},"modified":"2026-01-30T18:58:57","modified_gmt":"2026-01-30T15:58:57","slug":"air-force-1-shadow-black","status":"publish","type":"product","link":"https:\/\/nextsnkr.com\/fi\/tuote\/air-force-1-shadow-black\/","title":{"rendered":"Air Force 1 Shadow mustat tennarit-Naisten nahkakeng\u00e4t"},"content":{"rendered":"<h2>Air Force 1 Shadow mustat tennarit-Naisten nahkakeng\u00e4t<\/h2>\n<p>Air Force 1 Shadow Black on tyylik\u00e4s naisten nahkainen lenkkari, jossa yhdistyv\u00e4t ikoninen Air Force 1-muotoilu ja p\u00e4ivitetyt kerrokselliset yksityiskohdat. Malli erottuu mukavuudestaan, kest\u00e4vyydest\u00e4\u00e4n ja n\u00e4ytt\u00e4v\u00e4st\u00e4 ulkon\u00e4\u00f6st\u00e4\u00e4n mustana. Pehme\u00e4 vuori ja iskuja vaimentava pohja tarjoavat mukavuutta p\u00e4ivitt\u00e4isess\u00e4 k\u00e4yt\u00f6ss\u00e4. Tuotanto Vietnamissa takaa toteutuksen laadun. Valitse Air Force 1 Shadow Black lis\u00e4t\u00e4ksesi trendikkyytt\u00e4 ja itsevarmaa tyyli\u00e4 lookiisi.<\/p>\n","protected":false},"excerpt":{"rendered":"<p>Air Force 1 Shadow Black on tyylik\u00e4s naisten nahkainen lenkkari, jossa yhdistyv\u00e4t ikoninen Air Force 1-muotoilu ja p\u00e4ivitetyt kerrokselliset yksityiskohdat. Malli erottuu mukavuudestaan, kest\u00e4vyydest\u00e4\u00e4n ja n\u00e4ytt\u00e4v\u00e4st\u00e4 ulkon\u00e4\u00f6st\u00e4\u00e4n mustana. Pehme\u00e4 vuori ja iskuja vaimentava pohja tarjoavat mukavuutta p\u00e4ivitt\u00e4isess\u00e4 k\u00e4yt\u00f6ss\u00e4. Tuotanto Vietnamissa takaa toteutuksen laadun. Valitse Air Force 1 Shadow Black lis\u00e4t\u00e4ksesi trendikkyytt\u00e4 ja itsevarmaa tyyli\u00e4 lookiisi.<\/p>\n","protected":false},"featured_media":645345,"comment_status":"open","ping_status":"open","template":"","meta":[],"product_brand":[],"product_cat":[3199,3318],"product_tag":[],"class_list":{"0":"post-645344","1":"product","2":"type-product","3":"status-publish","4":"has-post-thumbnail","6":"product_cat-all-product","7":"product_cat-kedy","8":"pa_rozmir-910","9":"pa_rozmir-912","10":"pa_rozmir-914","11":"pa_rozmir-915","12":"pa_rozmir-916","13":"pa_rozmir-917","14":"pa_rozmir-918","15":"pa_rozmir-919","16":"pa_rozmir-920","17":"pa_rozmir-921","18":"pa_rozmir-922","20":"first","21":"instock","22":"purchasable","23":"product-type-variable"},"_links":{"self":[{"href":"https:\/\/nextsnkr.com\/fi\/wp-json\/wp\/v2\/product\/645344","targetHints":{"allow":["GET"]}}],"collection":[{"href":"https:\/\/nextsnkr.com\/fi\/wp-json\/wp\/v2\/product"}],"about":[{"href":"https:\/\/nextsnkr.com\/fi\/wp-json\/wp\/v2\/types\/product"}],"replies":[{"embeddable":true,"href":"https:\/\/nextsnkr.com\/fi\/wp-json\/wp\/v2\/comments?post=645344"}],"version-history":[{"count":0,"href":"https:\/\/nextsnkr.com\/fi\/wp-json\/wp\/v2\/product\/645344\/revisions"}],"wp:featuredmedia":[{"embeddable":true,"href":"https:\/\/nextsnkr.com\/fi\/wp-json\/wp\/v2\/media\/645345"}],"wp:attachment":[{"href":"https:\/\/nextsnkr.com\/fi\/wp-json\/wp\/v2\/media?parent=645344"}],"wp:term":[{"taxonomy":"product_brand","embeddable":true,"href":"https:\/\/nextsnkr.com\/fi\/wp-json\/wp\/v2\/product_brand?post=645344"},{"taxonomy":"product_cat","embeddable":true,"href":"https:\/\/nextsnkr.com\/fi\/wp-json\/wp\/v2\/product_cat?post=645344"},{"taxonomy":"product_tag","embeddable":true,"href":"https:\/\/nextsnkr.com\/fi\/wp-json\/wp\/v2\/product_tag?post=645344"}],"curies":[{"name":"wp","href":"https:\/\/api.w.org\/{rel}","templated":true}]}}