{"id":645174,"date":"2025-06-14T15:29:40","date_gmt":"2025-06-14T12:29:40","guid":{"rendered":"https:\/\/nextsnkr.com\/product\/nike-air-force-1-white-black-premium\/"},"modified":"2026-01-30T18:58:53","modified_gmt":"2026-01-30T15:58:53","slug":"nike-air-force-1-white-black-premium","status":"publish","type":"product","link":"https:\/\/nextsnkr.com\/fi\/tuote\/nike-air-force-1-white-black-premium\/","title":{"rendered":"Nike Air Force 1 valkoiset \/ mustat Premium-tennarit-tyylikk\u00e4\u00e4t nahkakeng\u00e4t"},"content":{"rendered":"<h2>Nike Air Force 1 valkoiset \/ mustat Premium-tennarit-tyylikk\u00e4\u00e4t nahkakeng\u00e4t<\/h2>\n<p>Nike Air Force 1 Valkoinen \/ musta Premium lenkkarit on suunniteltu niille, jotka arvostavat laatua, mukavuutta ja legendaarinen tyyli. Malli on valmistettu korkealaatuisesta aidosta nahasta, joka takaa kest\u00e4vyyden, kest\u00e4vyyden ja tyylikk\u00e4\u00e4n ulkon\u00e4\u00f6n. Valkoisen ja mustan v\u00e4rin kontrasti tekee suunnittelusta monipuolisen ja helpon yhdist\u00e4\u00e4 mihin tahansa vaatekaappiin. Iskuja vaimentavan pohjan ja mukavan istuvuuden ansiosta tennarit ovat ihanteelliset p\u00e4ivitt\u00e4iseen k\u00e4ytt\u00f6\u00f6n. Valinta klassikoiden ja Niken ensiluokkaisen mukavuuden yst\u00e4ville.<\/p>\n","protected":false},"excerpt":{"rendered":"<p>Nike Air Force 1 Valkoinen \/ musta Premium lenkkarit on suunniteltu niille, jotka arvostavat laatua, mukavuutta ja legendaarinen tyyli. Malli on valmistettu korkealaatuisesta aidosta nahasta, joka takaa kest\u00e4vyyden, kest\u00e4vyyden ja tyylikk\u00e4\u00e4n ulkon\u00e4\u00f6n. Valkoisen ja mustan v\u00e4rin kontrasti tekee suunnittelusta monipuolisen ja helpon yhdist\u00e4\u00e4 mihin tahansa vaatekaappiin. Iskuja vaimentavan pohjan ja mukavan istuvuuden ansiosta tennarit ovat ihanteelliset p\u00e4ivitt\u00e4iseen k\u00e4ytt\u00f6\u00f6n. Valinta klassikoiden ja Niken ensiluokkaisen mukavuuden yst\u00e4ville.<\/p>\n","protected":false},"featured_media":645175,"comment_status":"open","ping_status":"open","template":"","meta":[],"product_brand":[],"product_cat":[3199,3318],"product_tag":[],"class_list":{"0":"post-645174","1":"product","2":"type-product","3":"status-publish","4":"has-post-thumbnail","6":"product_cat-all-product","7":"product_cat-kedy","8":"pa_rozmir-910","9":"pa_rozmir-912","10":"pa_rozmir-914","11":"pa_rozmir-915","12":"pa_rozmir-916","13":"pa_rozmir-917","14":"pa_rozmir-918","15":"pa_rozmir-919","16":"pa_rozmir-920","17":"pa_rozmir-921","18":"pa_rozmir-922","20":"first","21":"onbackorder","22":"purchasable","23":"product-type-variable"},"_links":{"self":[{"href":"https:\/\/nextsnkr.com\/fi\/wp-json\/wp\/v2\/product\/645174","targetHints":{"allow":["GET"]}}],"collection":[{"href":"https:\/\/nextsnkr.com\/fi\/wp-json\/wp\/v2\/product"}],"about":[{"href":"https:\/\/nextsnkr.com\/fi\/wp-json\/wp\/v2\/types\/product"}],"replies":[{"embeddable":true,"href":"https:\/\/nextsnkr.com\/fi\/wp-json\/wp\/v2\/comments?post=645174"}],"version-history":[{"count":0,"href":"https:\/\/nextsnkr.com\/fi\/wp-json\/wp\/v2\/product\/645174\/revisions"}],"wp:featuredmedia":[{"embeddable":true,"href":"https:\/\/nextsnkr.com\/fi\/wp-json\/wp\/v2\/media\/645175"}],"wp:attachment":[{"href":"https:\/\/nextsnkr.com\/fi\/wp-json\/wp\/v2\/media?parent=645174"}],"wp:term":[{"taxonomy":"product_brand","embeddable":true,"href":"https:\/\/nextsnkr.com\/fi\/wp-json\/wp\/v2\/product_brand?post=645174"},{"taxonomy":"product_cat","embeddable":true,"href":"https:\/\/nextsnkr.com\/fi\/wp-json\/wp\/v2\/product_cat?post=645174"},{"taxonomy":"product_tag","embeddable":true,"href":"https:\/\/nextsnkr.com\/fi\/wp-json\/wp\/v2\/product_tag?post=645174"}],"curies":[{"name":"wp","href":"https:\/\/api.w.org\/{rel}","templated":true}]}}