{"id":645004,"date":"2025-06-14T15:30:18","date_gmt":"2025-06-14T12:30:18","guid":{"rendered":"https:\/\/nextsnkr.com\/product\/air-force-shadow-candy-bonbon\/"},"modified":"2026-01-30T18:58:48","modified_gmt":"2026-01-30T15:58:48","slug":"air-force-shadow-candy-bonbon","status":"publish","type":"product","link":"https:\/\/nextsnkr.com\/fi\/tuote\/air-force-shadow-candy-bonbon\/","title":{"rendered":"Lenkkarit Air Force Shadow &#8221; Candy Bonbon &#8211; &#8211; tyylikk\u00e4\u00e4t naisten lenkkarit"},"content":{"rendered":"<h2>Lenkkarit Air Force Shadow &#8221; Candy Bonbon &#8211; &#8211; tyylikk\u00e4\u00e4t naisten lenkkarit<\/h2>\n<p>Air Force Shadow &#8221;Candy Bonbon&#8221; -lenkkarit ovat kirkkaita ja trendikk\u00e4it\u00e4 naisten lenkkareita, joissa on alkuper\u00e4inen monikerroksinen muotoilu karkkis\u00e4vyiss\u00e4. Mallissa on mukava istuvuus, kevyt rakenne ja luotettava pohja, joka tarjoaa miellytt\u00e4v\u00e4n pehmusteen k\u00e4velless\u00e4. N\u00e4m\u00e4 Kiinassa valmistetut lenkkarit t\u00e4ydent\u00e4v\u00e4t t\u00e4ydellisesti tyylik\u00e4st\u00e4 rentoa ulkon\u00e4k\u00f6\u00e4 ja niist\u00e4 tulee korostus vaatekaapissa. Ihanteellinen valinta muodikkaiden, eloisien ratkaisujen yst\u00e4ville.<\/p>\n","protected":false},"excerpt":{"rendered":"<p>Air Force Shadow &#8221;Candy Bonbon&#8221; -lenkkarit ovat kirkkaita ja trendikk\u00e4it\u00e4 naisten lenkkareita, joissa on alkuper\u00e4inen monikerroksinen muotoilu karkkis\u00e4vyiss\u00e4. Mallissa on mukava istuvuus, kevyt rakenne ja luotettava pohja, joka tarjoaa miellytt\u00e4v\u00e4n pehmusteen k\u00e4velless\u00e4. N\u00e4m\u00e4 Kiinassa valmistetut lenkkarit t\u00e4ydent\u00e4v\u00e4t t\u00e4ydellisesti tyylik\u00e4st\u00e4 rentoa ulkon\u00e4k\u00f6\u00e4 ja niist\u00e4 tulee korostus vaatekaapissa. Ihanteellinen valinta muodikkaiden, eloisien ratkaisujen yst\u00e4ville.<\/p>\n","protected":false},"featured_media":645005,"comment_status":"open","ping_status":"open","template":"","meta":[],"product_brand":[],"product_cat":[3199,3318],"product_tag":[],"class_list":{"0":"post-645004","1":"product","2":"type-product","3":"status-publish","4":"has-post-thumbnail","6":"product_cat-all-product","7":"product_cat-kedy","8":"pa_rozmir-910","9":"pa_rozmir-912","10":"pa_rozmir-914","11":"pa_rozmir-915","12":"pa_rozmir-916","13":"pa_rozmir-917","14":"pa_rozmir-918","15":"pa_rozmir-919","16":"pa_rozmir-920","17":"pa_rozmir-921","18":"pa_rozmir-922","20":"first","21":"onbackorder","22":"purchasable","23":"product-type-variable"},"_links":{"self":[{"href":"https:\/\/nextsnkr.com\/fi\/wp-json\/wp\/v2\/product\/645004","targetHints":{"allow":["GET"]}}],"collection":[{"href":"https:\/\/nextsnkr.com\/fi\/wp-json\/wp\/v2\/product"}],"about":[{"href":"https:\/\/nextsnkr.com\/fi\/wp-json\/wp\/v2\/types\/product"}],"replies":[{"embeddable":true,"href":"https:\/\/nextsnkr.com\/fi\/wp-json\/wp\/v2\/comments?post=645004"}],"version-history":[{"count":0,"href":"https:\/\/nextsnkr.com\/fi\/wp-json\/wp\/v2\/product\/645004\/revisions"}],"wp:featuredmedia":[{"embeddable":true,"href":"https:\/\/nextsnkr.com\/fi\/wp-json\/wp\/v2\/media\/645005"}],"wp:attachment":[{"href":"https:\/\/nextsnkr.com\/fi\/wp-json\/wp\/v2\/media?parent=645004"}],"wp:term":[{"taxonomy":"product_brand","embeddable":true,"href":"https:\/\/nextsnkr.com\/fi\/wp-json\/wp\/v2\/product_brand?post=645004"},{"taxonomy":"product_cat","embeddable":true,"href":"https:\/\/nextsnkr.com\/fi\/wp-json\/wp\/v2\/product_cat?post=645004"},{"taxonomy":"product_tag","embeddable":true,"href":"https:\/\/nextsnkr.com\/fi\/wp-json\/wp\/v2\/product_tag?post=645004"}],"curies":[{"name":"wp","href":"https:\/\/api.w.org\/{rel}","templated":true}]}}