{"id":644450,"date":"2025-06-14T15:32:01","date_gmt":"2025-06-14T12:32:01","guid":{"rendered":"https:\/\/nextsnkr.com\/product\/hermes-oran-sandals-brown\/"},"modified":"2026-01-30T18:58:34","modified_gmt":"2026-01-30T15:58:34","slug":"hermes-oran-sandals-brown","status":"publish","type":"product","link":"https:\/\/nextsnkr.com\/fi\/tuote\/hermes-oran-sandals-brown\/","title":{"rendered":"Hermes Oran sandaalit ruskea nahka tossut ovat tyylikk\u00e4\u00e4t ja mukavat"},"content":{"rendered":"<h2>Hermes Oran sandaalit ruskea nahka tossut ovat tyylikk\u00e4\u00e4t ja mukavat<\/h2>\n<p>Hermes Oran sandaalit ruskeat tossut on valmistettu sile\u00e4st\u00e4, korkealaatuisesta nahasta, joka tarjoaa mukavuutta, kest\u00e4vyytt\u00e4 ja tyylikk\u00e4\u00e4n ilmeen. Avomalli on t\u00e4ydellinen kes\u00e4kauteen, jossa yhdistyv\u00e4t tyylikkyys ja mukavuus jokap\u00e4iv\u00e4isess\u00e4 k\u00e4yt\u00f6ss\u00e4. Monipuolinen ruskea v\u00e4ri voidaan helposti yhdist\u00e4\u00e4 mihin tahansa kuvaan. Valmistettu Ranskassa \/ Kiinassa, se takaa korkealaatuisen suorituskyvyn, ja tossuista tulee tyylik\u00e4s aksentti vaatekaappiisi.<\/p>\n","protected":false},"excerpt":{"rendered":"<p>Hermes Oran sandaalit ruskeat tossut on valmistettu sile\u00e4st\u00e4, korkealaatuisesta nahasta, joka tarjoaa mukavuutta, kest\u00e4vyytt\u00e4 ja tyylikk\u00e4\u00e4n ilmeen. Avomalli on t\u00e4ydellinen kes\u00e4kauteen, jossa yhdistyv\u00e4t tyylikkyys ja mukavuus jokap\u00e4iv\u00e4isess\u00e4 k\u00e4yt\u00f6ss\u00e4. Monipuolinen ruskea v\u00e4ri voidaan helposti yhdist\u00e4\u00e4 mihin tahansa kuvaan. Valmistettu Ranskassa \/ Kiinassa, se takaa korkealaatuisen suorituskyvyn, ja tossuista tulee tyylik\u00e4s aksentti vaatekaappiisi.<\/p>\n","protected":false},"featured_media":644454,"comment_status":"open","ping_status":"open","template":"","meta":[],"product_brand":[],"product_cat":[3199,3420],"product_tag":[],"class_list":{"0":"post-644450","1":"product","2":"type-product","3":"status-publish","4":"has-post-thumbnail","6":"product_cat-all-product","7":"product_cat-shlopantsi","8":"pa_rozmir-910","9":"pa_rozmir-912","10":"pa_rozmir-914","11":"pa_rozmir-915","12":"pa_rozmir-916","13":"pa_rozmir-917","14":"pa_rozmir-918","15":"pa_rozmir-919","16":"pa_rozmir-920","17":"pa_rozmir-921","18":"pa_rozmir-922","20":"first","21":"instock","22":"purchasable","23":"product-type-variable"},"_links":{"self":[{"href":"https:\/\/nextsnkr.com\/fi\/wp-json\/wp\/v2\/product\/644450","targetHints":{"allow":["GET"]}}],"collection":[{"href":"https:\/\/nextsnkr.com\/fi\/wp-json\/wp\/v2\/product"}],"about":[{"href":"https:\/\/nextsnkr.com\/fi\/wp-json\/wp\/v2\/types\/product"}],"replies":[{"embeddable":true,"href":"https:\/\/nextsnkr.com\/fi\/wp-json\/wp\/v2\/comments?post=644450"}],"version-history":[{"count":0,"href":"https:\/\/nextsnkr.com\/fi\/wp-json\/wp\/v2\/product\/644450\/revisions"}],"wp:featuredmedia":[{"embeddable":true,"href":"https:\/\/nextsnkr.com\/fi\/wp-json\/wp\/v2\/media\/644454"}],"wp:attachment":[{"href":"https:\/\/nextsnkr.com\/fi\/wp-json\/wp\/v2\/media?parent=644450"}],"wp:term":[{"taxonomy":"product_brand","embeddable":true,"href":"https:\/\/nextsnkr.com\/fi\/wp-json\/wp\/v2\/product_brand?post=644450"},{"taxonomy":"product_cat","embeddable":true,"href":"https:\/\/nextsnkr.com\/fi\/wp-json\/wp\/v2\/product_cat?post=644450"},{"taxonomy":"product_tag","embeddable":true,"href":"https:\/\/nextsnkr.com\/fi\/wp-json\/wp\/v2\/product_tag?post=644450"}],"curies":[{"name":"wp","href":"https:\/\/api.w.org\/{rel}","templated":true}]}}