{"id":642970,"date":"2025-06-14T15:35:04","date_gmt":"2025-06-14T12:35:04","guid":{"rendered":"https:\/\/nextsnkr.com\/product\/hermes-slippers-teddy-pink\/"},"modified":"2026-01-30T18:57:53","modified_gmt":"2026-01-30T15:57:53","slug":"hermes-slippers-teddy-pink","status":"publish","type":"product","link":"https:\/\/nextsnkr.com\/fi\/tuote\/hermes-slippers-teddy-pink\/","title":{"rendered":"Hermes Tossut Teddy pinkki-mukavat turkis tossut"},"content":{"rendered":"<h2>Hermes Tossut Teddy pinkki-mukavat turkis tossut<\/h2>\n<p>Hermes Tossut Teddy Pink on valmistettu pehme\u00e4st\u00e4 turkista, joka tarjoaa l\u00e4mp\u00f6\u00e4 ja uskomatonta mukavuuttajalat. Kirkkaan vaaleanpunainen v\u00e4ri lis\u00e4\u00e4 tyyli\u00e4 ja modernia ilmett\u00e4, ja mukava pohja tekee niist\u00e4 ihanteellisia kotiin ja vapaa-aikaan. Mallissa yhdistyv\u00e4t Hermes-tuotemerkin estetiikka ja k\u00e4yt\u00e4nn\u00f6llisyys, mik\u00e4 antaa mukavuuden tunteen joka p\u00e4iv\u00e4. Valitse l\u00e4mpim\u00e4t ja tyylikk\u00e4\u00e4t tossut mukavuuteen kaikkina vuodenaikoina.<\/p>\n","protected":false},"excerpt":{"rendered":"<p>Hermes Tossut Teddy Pink on valmistettu pehme\u00e4st\u00e4 turkista, joka tarjoaa l\u00e4mp\u00f6\u00e4 ja uskomatonta mukavuuttajalat. Kirkkaan vaaleanpunainen v\u00e4ri lis\u00e4\u00e4 tyyli\u00e4 ja modernia ilmett\u00e4, ja mukava pohja tekee niist\u00e4 ihanteellisia kotiin ja vapaa-aikaan. Mallissa yhdistyv\u00e4t Hermes-tuotemerkin estetiikka ja k\u00e4yt\u00e4nn\u00f6llisyys, mik\u00e4 antaa mukavuuden tunteen joka p\u00e4iv\u00e4. Valitse l\u00e4mpim\u00e4t ja tyylikk\u00e4\u00e4t tossut mukavuuteen kaikkina vuodenaikoina.<\/p>\n","protected":false},"featured_media":642971,"comment_status":"open","ping_status":"open","template":"","meta":[],"product_brand":[],"product_cat":[3199,3420],"product_tag":[],"class_list":{"0":"post-642970","1":"product","2":"type-product","3":"status-publish","4":"has-post-thumbnail","6":"product_cat-all-product","7":"product_cat-shlopantsi","8":"pa_rozmir-910","9":"pa_rozmir-912","10":"pa_rozmir-914","11":"pa_rozmir-915","12":"pa_rozmir-916","13":"pa_rozmir-917","14":"pa_rozmir-918","15":"pa_rozmir-919","16":"pa_rozmir-920","17":"pa_rozmir-921","18":"pa_rozmir-922","20":"first","21":"instock","22":"purchasable","23":"product-type-variable"},"_links":{"self":[{"href":"https:\/\/nextsnkr.com\/fi\/wp-json\/wp\/v2\/product\/642970","targetHints":{"allow":["GET"]}}],"collection":[{"href":"https:\/\/nextsnkr.com\/fi\/wp-json\/wp\/v2\/product"}],"about":[{"href":"https:\/\/nextsnkr.com\/fi\/wp-json\/wp\/v2\/types\/product"}],"replies":[{"embeddable":true,"href":"https:\/\/nextsnkr.com\/fi\/wp-json\/wp\/v2\/comments?post=642970"}],"version-history":[{"count":0,"href":"https:\/\/nextsnkr.com\/fi\/wp-json\/wp\/v2\/product\/642970\/revisions"}],"wp:featuredmedia":[{"embeddable":true,"href":"https:\/\/nextsnkr.com\/fi\/wp-json\/wp\/v2\/media\/642971"}],"wp:attachment":[{"href":"https:\/\/nextsnkr.com\/fi\/wp-json\/wp\/v2\/media?parent=642970"}],"wp:term":[{"taxonomy":"product_brand","embeddable":true,"href":"https:\/\/nextsnkr.com\/fi\/wp-json\/wp\/v2\/product_brand?post=642970"},{"taxonomy":"product_cat","embeddable":true,"href":"https:\/\/nextsnkr.com\/fi\/wp-json\/wp\/v2\/product_cat?post=642970"},{"taxonomy":"product_tag","embeddable":true,"href":"https:\/\/nextsnkr.com\/fi\/wp-json\/wp\/v2\/product_tag?post=642970"}],"curies":[{"name":"wp","href":"https:\/\/api.w.org\/{rel}","templated":true}]}}