{"id":641331,"date":"2025-06-19T21:31:21","date_gmt":"2025-06-19T18:31:21","guid":{"rendered":"https:\/\/nextsnkr.com\/product\/dunk-low-cacao-wow\/"},"modified":"2026-01-30T18:57:00","modified_gmt":"2026-01-30T15:57:00","slug":"dunk-low-cacao-wow","status":"publish","type":"product","link":"https:\/\/nextsnkr.com\/fi\/tuote\/dunk-low-cacao-wow\/","title":{"rendered":"Donk Low Cacao Wow nahasta valmistetut tennarit, tyylikk\u00e4\u00e4t ja mukavat"},"content":{"rendered":"<h2>Donk Low Cacao Wow nahasta valmistetut tennarit, tyylikk\u00e4\u00e4t ja mukavat<\/h2>\n<p>Dunk Low Cacao Wow-tennarit on valmistettu korkealaatuisesta nahasta, mik\u00e4 takaa kest\u00e4vyyden ja k\u00e4ytt\u00f6mukavuuden. Elegantti ruskea s\u00e4vy yhdist\u00e4\u00e4 klassisen muotoilun ja modernin tyylin korostaen yksil\u00f6llisyytt\u00e4. Ihanteelliset jokap\u00e4iv\u00e4iseen k\u00e4ytt\u00f6\u00f6n ja aktiiviseen el\u00e4m\u00e4ntapaan, ne tarjoavat voimaa, jalkatukea ja tyylikk\u00e4\u00e4n ilmeen kaikissa olosuhteissa.<\/p>\n","protected":false},"excerpt":{"rendered":"<p>Dunk Low Cacao Wow-tennarit on valmistettu korkealaatuisesta nahasta, mik\u00e4 takaa kest\u00e4vyyden ja k\u00e4ytt\u00f6mukavuuden. Elegantti ruskea s\u00e4vy yhdist\u00e4\u00e4 klassisen muotoilun ja modernin tyylin korostaen yksil\u00f6llisyytt\u00e4. Ihanteelliset jokap\u00e4iv\u00e4iseen k\u00e4ytt\u00f6\u00f6n ja aktiiviseen el\u00e4m\u00e4ntapaan, ne tarjoavat voimaa, jalkatukea ja tyylikk\u00e4\u00e4n ilmeen kaikissa olosuhteissa.<\/p>\n","protected":false},"featured_media":641334,"comment_status":"open","ping_status":"open","template":"","meta":[],"product_brand":[],"product_cat":[3199,3318],"product_tag":[],"class_list":{"0":"post-641331","1":"product","2":"type-product","3":"status-publish","4":"has-post-thumbnail","6":"product_cat-all-product","7":"product_cat-kedy","8":"pa_rozmir-910","9":"pa_rozmir-912","10":"pa_rozmir-914","11":"pa_rozmir-915","12":"pa_rozmir-916","13":"pa_rozmir-917","14":"pa_rozmir-918","15":"pa_rozmir-919","16":"pa_rozmir-920","17":"pa_rozmir-921","18":"pa_rozmir-922","20":"first","21":"instock","22":"purchasable","23":"product-type-variable"},"_links":{"self":[{"href":"https:\/\/nextsnkr.com\/fi\/wp-json\/wp\/v2\/product\/641331","targetHints":{"allow":["GET"]}}],"collection":[{"href":"https:\/\/nextsnkr.com\/fi\/wp-json\/wp\/v2\/product"}],"about":[{"href":"https:\/\/nextsnkr.com\/fi\/wp-json\/wp\/v2\/types\/product"}],"replies":[{"embeddable":true,"href":"https:\/\/nextsnkr.com\/fi\/wp-json\/wp\/v2\/comments?post=641331"}],"version-history":[{"count":0,"href":"https:\/\/nextsnkr.com\/fi\/wp-json\/wp\/v2\/product\/641331\/revisions"}],"wp:featuredmedia":[{"embeddable":true,"href":"https:\/\/nextsnkr.com\/fi\/wp-json\/wp\/v2\/media\/641334"}],"wp:attachment":[{"href":"https:\/\/nextsnkr.com\/fi\/wp-json\/wp\/v2\/media?parent=641331"}],"wp:term":[{"taxonomy":"product_brand","embeddable":true,"href":"https:\/\/nextsnkr.com\/fi\/wp-json\/wp\/v2\/product_brand?post=641331"},{"taxonomy":"product_cat","embeddable":true,"href":"https:\/\/nextsnkr.com\/fi\/wp-json\/wp\/v2\/product_cat?post=641331"},{"taxonomy":"product_tag","embeddable":true,"href":"https:\/\/nextsnkr.com\/fi\/wp-json\/wp\/v2\/product_tag?post=641331"}],"curies":[{"name":"wp","href":"https:\/\/api.w.org\/{rel}","templated":true}]}}