{"id":640083,"date":"2025-06-19T21:44:08","date_gmt":"2025-06-19T18:44:08","guid":{"rendered":"https:\/\/nextsnkr.com\/product\/babe-purple\/"},"modified":"2026-01-30T18:56:24","modified_gmt":"2026-01-30T15:56:24","slug":"babe-purple","status":"publish","type":"product","link":"https:\/\/nextsnkr.com\/fi\/tuote\/babe-purple\/","title":{"rendered":"Babe violetit nahasta ja tekstiileist\u00e4 valmistetut tennarit-tyyli\u00e4 ja mukavuutta"},"content":{"rendered":"<h2>Babe violetit nahasta ja tekstiileist\u00e4 valmistetut tennarit-tyyli\u00e4 ja mukavuutta<\/h2>\n<p>Tyylikk\u00e4iss\u00e4 Babe Purple-tennareissa yhdistyv\u00e4t luonnollinen nahka ja tekstiilit, jotka tarjoavat mukavuutta ja kest\u00e4vyytt\u00e4. Kevyet ja hengitt\u00e4v\u00e4t, ne ovat ihanteellisia p\u00e4ivitt\u00e4iseen k\u00e4ytt\u00f6\u00f6n ja ulkoiluun. Kirkkaan violetti muotoilu lis\u00e4\u00e4 ainutlaatuisuutta ulkoasuusi, ja Babe-br\u00e4ndi takaa laadun ja luotettavuuden. Valitse n\u00e4m\u00e4 Babe-lenkkarit muodikkaaseen ja mukavaan tyyliin milloin tahansa.<\/p>\n","protected":false},"excerpt":{"rendered":"<p>Tyylikk\u00e4iss\u00e4 Babe Purple-tennareissa yhdistyv\u00e4t luonnollinen nahka ja tekstiilit, jotka tarjoavat mukavuutta ja kest\u00e4vyytt\u00e4. Kevyet ja hengitt\u00e4v\u00e4t, ne ovat ihanteellisia p\u00e4ivitt\u00e4iseen k\u00e4ytt\u00f6\u00f6n ja ulkoiluun. Kirkkaan violetti muotoilu lis\u00e4\u00e4 ainutlaatuisuutta ulkoasuusi, ja Babe-br\u00e4ndi takaa laadun ja luotettavuuden. Valitse n\u00e4m\u00e4 Babe-lenkkarit muodikkaaseen ja mukavaan tyyliin milloin tahansa.<\/p>\n","protected":false},"featured_media":640084,"comment_status":"open","ping_status":"open","template":"","meta":[],"product_brand":[],"product_cat":[3199,3318],"product_tag":[],"class_list":{"0":"post-640083","1":"product","2":"type-product","3":"status-publish","4":"has-post-thumbnail","6":"product_cat-all-product","7":"product_cat-kedy","8":"pa_rozmir-910","9":"pa_rozmir-912","10":"pa_rozmir-914","11":"pa_rozmir-915","12":"pa_rozmir-916","13":"pa_rozmir-917","14":"pa_rozmir-918","15":"pa_rozmir-919","16":"pa_rozmir-920","17":"pa_rozmir-921","18":"pa_rozmir-922","20":"first","21":"instock","22":"purchasable","23":"product-type-variable"},"_links":{"self":[{"href":"https:\/\/nextsnkr.com\/fi\/wp-json\/wp\/v2\/product\/640083","targetHints":{"allow":["GET"]}}],"collection":[{"href":"https:\/\/nextsnkr.com\/fi\/wp-json\/wp\/v2\/product"}],"about":[{"href":"https:\/\/nextsnkr.com\/fi\/wp-json\/wp\/v2\/types\/product"}],"replies":[{"embeddable":true,"href":"https:\/\/nextsnkr.com\/fi\/wp-json\/wp\/v2\/comments?post=640083"}],"version-history":[{"count":0,"href":"https:\/\/nextsnkr.com\/fi\/wp-json\/wp\/v2\/product\/640083\/revisions"}],"wp:featuredmedia":[{"embeddable":true,"href":"https:\/\/nextsnkr.com\/fi\/wp-json\/wp\/v2\/media\/640084"}],"wp:attachment":[{"href":"https:\/\/nextsnkr.com\/fi\/wp-json\/wp\/v2\/media?parent=640083"}],"wp:term":[{"taxonomy":"product_brand","embeddable":true,"href":"https:\/\/nextsnkr.com\/fi\/wp-json\/wp\/v2\/product_brand?post=640083"},{"taxonomy":"product_cat","embeddable":true,"href":"https:\/\/nextsnkr.com\/fi\/wp-json\/wp\/v2\/product_cat?post=640083"},{"taxonomy":"product_tag","embeddable":true,"href":"https:\/\/nextsnkr.com\/fi\/wp-json\/wp\/v2\/product_tag?post=640083"}],"curies":[{"name":"wp","href":"https:\/\/api.w.org\/{rel}","templated":true}]}}