{"id":639546,"date":"2025-06-19T22:25:11","date_gmt":"2025-06-19T19:25:11","guid":{"rendered":"https:\/\/nextsnkr.com\/product\/space-white-premium\/"},"modified":"2026-01-30T18:56:07","modified_gmt":"2026-01-30T15:56:07","slug":"space-white-premium","status":"publish","type":"product","link":"https:\/\/nextsnkr.com\/fi\/tuote\/space-white-premium\/","title":{"rendered":"Space White Premium mokkanahkaiset tennarit-tyyli\u00e4 ja mukavuutta p\u00e4ivitt\u00e4in"},"content":{"rendered":"<h2>Space White Premium mokkanahkaiset tennarit-tyyli\u00e4 ja mukavuutta p\u00e4ivitt\u00e4in<\/h2>\n<p>Space White Premium-tennarit on valmistettu korkealaatuisesta mokkanahasta ja tekstiileist\u00e4, mik\u00e4 takaa mukavuuden ja kest\u00e4vyyden. Malli on ihanteellinen ulkoiluun ja p\u00e4ivitt\u00e4iseen k\u00e4ytt\u00f6\u00f6n, ja siin\u00e4 yhdistyv\u00e4t moderni muotoilu ja luotettavat materiaalit. Space White Premium antaa jalkater\u00e4lle mukavan istuvuuden ja keveyden jokaisella askeleella. Valitse n\u00e4m\u00e4 lenkkarit saadaksesi tyylikk\u00e4\u00e4n ilmeen ja maksimaalisen mukavuuden miss\u00e4 tahansa tilanteessa.<\/p>\n","protected":false},"excerpt":{"rendered":"<p>Space White Premium-tennarit on valmistettu korkealaatuisesta mokkanahasta ja tekstiileist\u00e4, mik\u00e4 takaa mukavuuden ja kest\u00e4vyyden. Malli on ihanteellinen ulkoiluun ja p\u00e4ivitt\u00e4iseen k\u00e4ytt\u00f6\u00f6n, ja siin\u00e4 yhdistyv\u00e4t moderni muotoilu ja luotettavat materiaalit. Space White Premium antaa jalkater\u00e4lle mukavan istuvuuden ja keveyden jokaisella askeleella. Valitse n\u00e4m\u00e4 lenkkarit saadaksesi tyylikk\u00e4\u00e4n ilmeen ja maksimaalisen mukavuuden miss\u00e4 tahansa tilanteessa.<\/p>\n","protected":false},"featured_media":639547,"comment_status":"open","ping_status":"open","template":"","meta":[],"product_brand":[],"product_cat":[3199,3200],"product_tag":[],"class_list":{"0":"post-639546","1":"product","2":"type-product","3":"status-publish","4":"has-post-thumbnail","6":"product_cat-all-product","7":"product_cat-krosivky","8":"pa_rozmir-910","9":"pa_rozmir-912","10":"pa_rozmir-914","11":"pa_rozmir-915","12":"pa_rozmir-916","13":"pa_rozmir-917","14":"pa_rozmir-918","15":"pa_rozmir-919","16":"pa_rozmir-920","17":"pa_rozmir-921","18":"pa_rozmir-922","20":"first","21":"onbackorder","22":"purchasable","23":"product-type-variable"},"_links":{"self":[{"href":"https:\/\/nextsnkr.com\/fi\/wp-json\/wp\/v2\/product\/639546","targetHints":{"allow":["GET"]}}],"collection":[{"href":"https:\/\/nextsnkr.com\/fi\/wp-json\/wp\/v2\/product"}],"about":[{"href":"https:\/\/nextsnkr.com\/fi\/wp-json\/wp\/v2\/types\/product"}],"replies":[{"embeddable":true,"href":"https:\/\/nextsnkr.com\/fi\/wp-json\/wp\/v2\/comments?post=639546"}],"version-history":[{"count":0,"href":"https:\/\/nextsnkr.com\/fi\/wp-json\/wp\/v2\/product\/639546\/revisions"}],"wp:featuredmedia":[{"embeddable":true,"href":"https:\/\/nextsnkr.com\/fi\/wp-json\/wp\/v2\/media\/639547"}],"wp:attachment":[{"href":"https:\/\/nextsnkr.com\/fi\/wp-json\/wp\/v2\/media?parent=639546"}],"wp:term":[{"taxonomy":"product_brand","embeddable":true,"href":"https:\/\/nextsnkr.com\/fi\/wp-json\/wp\/v2\/product_brand?post=639546"},{"taxonomy":"product_cat","embeddable":true,"href":"https:\/\/nextsnkr.com\/fi\/wp-json\/wp\/v2\/product_cat?post=639546"},{"taxonomy":"product_tag","embeddable":true,"href":"https:\/\/nextsnkr.com\/fi\/wp-json\/wp\/v2\/product_tag?post=639546"}],"curies":[{"name":"wp","href":"https:\/\/api.w.org\/{rel}","templated":true}]}}