{"id":639037,"date":"2025-06-14T16:54:27","date_gmt":"2025-06-14T13:54:27","guid":{"rendered":"https:\/\/nextsnkr.com\/product\/yeezy-boost-350-v2-mx-rock-premium\/"},"modified":"2026-01-30T18:55:54","modified_gmt":"2026-01-30T15:55:54","slug":"yeezy-boost-350-v2-mx-rock-premium","status":"publish","type":"product","link":"https:\/\/nextsnkr.com\/fi\/tuote\/yeezy-boost-350-v2-mx-rock-premium\/","title":{"rendered":"YEEZY BOOST 350 V2 MX ROCK-tennarit-ensiluokkainen Tekstiili heijastavilla"},"content":{"rendered":"<h2>YEEZY BOOST 350 V2 MX ROCK-tennarit-ensiluokkainen Tekstiili heijastavilla<\/h2>\n<p>YEEZY BOOST 350 V2 MX ROCK-tennarit on valmistettu korkealaatuisesta tekstiilist\u00e4, jossa on heijastava pinnoite, joka tarjoaa tyylikk\u00e4\u00e4n ilmeen ja n\u00e4kyvyyden pime\u00e4ss\u00e4. Mallissa yhdistyv\u00e4t mukavuus, keveys ja ergonominen pohja p\u00e4ivitt\u00e4iseen k\u00e4ytt\u00f6\u00f6n. Monipuolinen muotoilu sopii kaupunkikuvaan ja aktiiviseen el\u00e4m\u00e4ntapaan. N\u00e4m\u00e4 Kiinassa valmistetut ensiluokkaiset Yeezy-tennarit ovat loistava valinta modernin muodin ja korkean laadun yst\u00e4ville.<\/p>\n","protected":false},"excerpt":{"rendered":"<p>YEEZY BOOST 350 V2 MX ROCK-tennarit on valmistettu korkealaatuisesta tekstiilist\u00e4, jossa on heijastava pinnoite, joka tarjoaa tyylikk\u00e4\u00e4n ilmeen ja n\u00e4kyvyyden pime\u00e4ss\u00e4. Mallissa yhdistyv\u00e4t mukavuus, keveys ja ergonominen pohja p\u00e4ivitt\u00e4iseen k\u00e4ytt\u00f6\u00f6n. Monipuolinen muotoilu sopii kaupunkikuvaan ja aktiiviseen el\u00e4m\u00e4ntapaan. N\u00e4m\u00e4 Kiinassa valmistetut ensiluokkaiset Yeezy-tennarit ovat loistava valinta modernin muodin ja korkean laadun yst\u00e4ville.<\/p>\n","protected":false},"featured_media":639038,"comment_status":"open","ping_status":"open","template":"","meta":[],"product_brand":[],"product_cat":[3396,3199,3200],"product_tag":[],"class_list":{"0":"post-639037","1":"product","2":"type-product","3":"status-publish","4":"has-post-thumbnail","6":"product_cat-adidas-yeezy","7":"product_cat-all-product","8":"product_cat-krosivky","9":"pa_rozmir-910","10":"pa_rozmir-912","11":"pa_rozmir-914","12":"pa_rozmir-915","13":"pa_rozmir-916","14":"pa_rozmir-917","15":"pa_rozmir-918","16":"pa_rozmir-919","17":"pa_rozmir-920","18":"pa_rozmir-921","19":"pa_rozmir-922","21":"first","22":"instock","23":"purchasable","24":"product-type-variable"},"_links":{"self":[{"href":"https:\/\/nextsnkr.com\/fi\/wp-json\/wp\/v2\/product\/639037","targetHints":{"allow":["GET"]}}],"collection":[{"href":"https:\/\/nextsnkr.com\/fi\/wp-json\/wp\/v2\/product"}],"about":[{"href":"https:\/\/nextsnkr.com\/fi\/wp-json\/wp\/v2\/types\/product"}],"replies":[{"embeddable":true,"href":"https:\/\/nextsnkr.com\/fi\/wp-json\/wp\/v2\/comments?post=639037"}],"version-history":[{"count":0,"href":"https:\/\/nextsnkr.com\/fi\/wp-json\/wp\/v2\/product\/639037\/revisions"}],"wp:featuredmedia":[{"embeddable":true,"href":"https:\/\/nextsnkr.com\/fi\/wp-json\/wp\/v2\/media\/639038"}],"wp:attachment":[{"href":"https:\/\/nextsnkr.com\/fi\/wp-json\/wp\/v2\/media?parent=639037"}],"wp:term":[{"taxonomy":"product_brand","embeddable":true,"href":"https:\/\/nextsnkr.com\/fi\/wp-json\/wp\/v2\/product_brand?post=639037"},{"taxonomy":"product_cat","embeddable":true,"href":"https:\/\/nextsnkr.com\/fi\/wp-json\/wp\/v2\/product_cat?post=639037"},{"taxonomy":"product_tag","embeddable":true,"href":"https:\/\/nextsnkr.com\/fi\/wp-json\/wp\/v2\/product_tag?post=639037"}],"curies":[{"name":"wp","href":"https:\/\/api.w.org\/{rel}","templated":true}]}}