{"id":638868,"date":"2025-06-14T16:54:57","date_gmt":"2025-06-14T13:54:57","guid":{"rendered":"https:\/\/nextsnkr.com\/product\/yeezy-boost-350-v2-cloud-white-premium\/"},"modified":"2026-01-30T18:55:38","modified_gmt":"2026-01-30T15:55:38","slug":"yeezy-boost-350-v2-cloud-white-premium","status":"publish","type":"product","link":"https:\/\/nextsnkr.com\/fi\/tuote\/yeezy-boost-350-v2-cloud-white-premium\/","title":{"rendered":"Yeezy BOOST 350 V2 Cloud valkoiset tennarit-ensiluokkaiset tekstiililenkkarit"},"content":{"rendered":"<h2>Yeezy BOOST 350 V2 Cloud valkoiset tennarit-ensiluokkaiset tekstiililenkkarit<\/h2>\n<p>Yeezy BOOST 350 V2 Cloud valkoiset tennarit ovat tyylik\u00e4s premium-malli moderniin urbaaniin ilmeeseen. Laadukkaiden tekstiilien ja heijastavien elementtien yhdistelm\u00e4 takaa mukavuuden, keveyden ja n\u00e4ytt\u00e4v\u00e4n ulkon\u00e4\u00f6n. Pehme\u00e4 iskunvaimennuspohja tarjoaa mukavuutta pitk\u00e4aikaiseen k\u00e4ytt\u00f6\u00f6n, ja monipuolinen valkoinen v\u00e4ri voidaan helposti yhdist\u00e4\u00e4 mihin tahansa pukeutumistyyliin. N\u00e4m\u00e4 Kiinassa valmistetut lenkkarit ovat t\u00e4ydellinen valinta niille, jotka arvostavat mukavuutta ja modernia muotoilua. Valitse Yeezy BOOST 350 V2 \u2014 yhdistelm\u00e4 tyyli\u00e4, laatua ja trendikkyytt\u00e4.<\/p>\n","protected":false},"excerpt":{"rendered":"<p>Yeezy BOOST 350 V2 Cloud valkoiset tennarit ovat tyylik\u00e4s premium-malli moderniin urbaaniin ilmeeseen. Laadukkaiden tekstiilien ja heijastavien elementtien yhdistelm\u00e4 takaa mukavuuden, keveyden ja n\u00e4ytt\u00e4v\u00e4n ulkon\u00e4\u00f6n. Pehme\u00e4 iskunvaimennuspohja tarjoaa mukavuutta pitk\u00e4aikaiseen k\u00e4ytt\u00f6\u00f6n, ja monipuolinen valkoinen v\u00e4ri voidaan helposti yhdist\u00e4\u00e4 mihin tahansa pukeutumistyyliin. N\u00e4m\u00e4 Kiinassa valmistetut lenkkarit ovat t\u00e4ydellinen valinta niille, jotka arvostavat mukavuutta ja modernia muotoilua. Valitse Yeezy BOOST 350 V2 \u2014 yhdistelm\u00e4 tyyli\u00e4, laatua ja trendikkyytt\u00e4.<\/p>\n","protected":false},"featured_media":638869,"comment_status":"open","ping_status":"open","template":"","meta":[],"product_brand":[],"product_cat":[3396,3199,3200],"product_tag":[],"class_list":{"0":"post-638868","1":"product","2":"type-product","3":"status-publish","4":"has-post-thumbnail","6":"product_cat-adidas-yeezy","7":"product_cat-all-product","8":"product_cat-krosivky","9":"pa_rozmir-910","10":"pa_rozmir-912","11":"pa_rozmir-914","12":"pa_rozmir-915","13":"pa_rozmir-916","14":"pa_rozmir-917","15":"pa_rozmir-918","16":"pa_rozmir-919","17":"pa_rozmir-920","18":"pa_rozmir-921","19":"pa_rozmir-922","21":"first","22":"instock","23":"purchasable","24":"product-type-variable"},"_links":{"self":[{"href":"https:\/\/nextsnkr.com\/fi\/wp-json\/wp\/v2\/product\/638868","targetHints":{"allow":["GET"]}}],"collection":[{"href":"https:\/\/nextsnkr.com\/fi\/wp-json\/wp\/v2\/product"}],"about":[{"href":"https:\/\/nextsnkr.com\/fi\/wp-json\/wp\/v2\/types\/product"}],"replies":[{"embeddable":true,"href":"https:\/\/nextsnkr.com\/fi\/wp-json\/wp\/v2\/comments?post=638868"}],"version-history":[{"count":0,"href":"https:\/\/nextsnkr.com\/fi\/wp-json\/wp\/v2\/product\/638868\/revisions"}],"wp:featuredmedia":[{"embeddable":true,"href":"https:\/\/nextsnkr.com\/fi\/wp-json\/wp\/v2\/media\/638869"}],"wp:attachment":[{"href":"https:\/\/nextsnkr.com\/fi\/wp-json\/wp\/v2\/media?parent=638868"}],"wp:term":[{"taxonomy":"product_brand","embeddable":true,"href":"https:\/\/nextsnkr.com\/fi\/wp-json\/wp\/v2\/product_brand?post=638868"},{"taxonomy":"product_cat","embeddable":true,"href":"https:\/\/nextsnkr.com\/fi\/wp-json\/wp\/v2\/product_cat?post=638868"},{"taxonomy":"product_tag","embeddable":true,"href":"https:\/\/nextsnkr.com\/fi\/wp-json\/wp\/v2\/product_tag?post=638868"}],"curies":[{"name":"wp","href":"https:\/\/api.w.org\/{rel}","templated":true}]}}