{"id":638358,"date":"2025-06-14T16:56:42","date_gmt":"2025-06-14T13:56:42","guid":{"rendered":"https:\/\/nextsnkr.com\/product\/yeezy-boost-350-v2-mx-oat-premium\/"},"modified":"2026-01-30T18:55:25","modified_gmt":"2026-01-30T15:55:25","slug":"yeezy-boost-350-v2-mx-oat-premium","status":"publish","type":"product","link":"https:\/\/nextsnkr.com\/fi\/tuote\/yeezy-boost-350-v2-mx-oat-premium\/","title":{"rendered":"Yeezy BOOST 350 V2 MX OAT sneakers-tekstiili\u00e4 heijastavilla"},"content":{"rendered":"<h2>Yeezy BOOST 350 V2 MX OAT sneakers-tekstiili\u00e4 heijastavilla<\/h2>\n<p>YEEZY BOOST 350 V2 MX Oat premium-tennarit on valmistettu korkealaatuisista tekstiileist\u00e4, joissa on heijastavia elementtej\u00e4, jotka tarjoavat mukavuutta, keveytt\u00e4 ja tyylikk\u00e4\u00e4n ilmeen mihin aikaan p\u00e4iv\u00e4st\u00e4 tahansa. Legendaarinen Boost-pohja vaimentaa askelta ja tarjoaa maksimaalisen jalkatuen. Moderni muotoilu ja korkealaatuiset materiaalit tekev\u00e4t t\u00e4st\u00e4 mallista ihanteellisen valinnan jokap\u00e4iv\u00e4iseen k\u00e4ytt\u00f6\u00f6n ja urbaaniin tyyliin.<\/p>\n","protected":false},"excerpt":{"rendered":"<p>YEEZY BOOST 350 V2 MX Oat premium-tennarit on valmistettu korkealaatuisista tekstiileist\u00e4, joissa on heijastavia elementtej\u00e4, jotka tarjoavat mukavuutta, keveytt\u00e4 ja tyylikk\u00e4\u00e4n ilmeen mihin aikaan p\u00e4iv\u00e4st\u00e4 tahansa. Legendaarinen Boost-pohja vaimentaa askelta ja tarjoaa maksimaalisen jalkatuen. Moderni muotoilu ja korkealaatuiset materiaalit tekev\u00e4t t\u00e4st\u00e4 mallista ihanteellisen valinnan jokap\u00e4iv\u00e4iseen k\u00e4ytt\u00f6\u00f6n ja urbaaniin tyyliin.<\/p>\n","protected":false},"featured_media":638359,"comment_status":"open","ping_status":"open","template":"","meta":[],"product_brand":[],"product_cat":[3396,3199,3200],"product_tag":[],"class_list":{"0":"post-638358","1":"product","2":"type-product","3":"status-publish","4":"has-post-thumbnail","6":"product_cat-adidas-yeezy","7":"product_cat-all-product","8":"product_cat-krosivky","9":"pa_rozmir-910","10":"pa_rozmir-912","11":"pa_rozmir-914","12":"pa_rozmir-915","13":"pa_rozmir-916","14":"pa_rozmir-917","15":"pa_rozmir-918","16":"pa_rozmir-919","17":"pa_rozmir-920","18":"pa_rozmir-921","19":"pa_rozmir-922","21":"first","22":"onbackorder","23":"purchasable","24":"product-type-variable"},"_links":{"self":[{"href":"https:\/\/nextsnkr.com\/fi\/wp-json\/wp\/v2\/product\/638358","targetHints":{"allow":["GET"]}}],"collection":[{"href":"https:\/\/nextsnkr.com\/fi\/wp-json\/wp\/v2\/product"}],"about":[{"href":"https:\/\/nextsnkr.com\/fi\/wp-json\/wp\/v2\/types\/product"}],"replies":[{"embeddable":true,"href":"https:\/\/nextsnkr.com\/fi\/wp-json\/wp\/v2\/comments?post=638358"}],"version-history":[{"count":0,"href":"https:\/\/nextsnkr.com\/fi\/wp-json\/wp\/v2\/product\/638358\/revisions"}],"wp:featuredmedia":[{"embeddable":true,"href":"https:\/\/nextsnkr.com\/fi\/wp-json\/wp\/v2\/media\/638359"}],"wp:attachment":[{"href":"https:\/\/nextsnkr.com\/fi\/wp-json\/wp\/v2\/media?parent=638358"}],"wp:term":[{"taxonomy":"product_brand","embeddable":true,"href":"https:\/\/nextsnkr.com\/fi\/wp-json\/wp\/v2\/product_brand?post=638358"},{"taxonomy":"product_cat","embeddable":true,"href":"https:\/\/nextsnkr.com\/fi\/wp-json\/wp\/v2\/product_cat?post=638358"},{"taxonomy":"product_tag","embeddable":true,"href":"https:\/\/nextsnkr.com\/fi\/wp-json\/wp\/v2\/product_tag?post=638358"}],"curies":[{"name":"wp","href":"https:\/\/api.w.org\/{rel}","templated":true}]}}