{"id":636829,"date":"2025-06-19T23:12:59","date_gmt":"2025-06-19T20:12:59","guid":{"rendered":"https:\/\/nextsnkr.com\/product\/9060-pink-overdye\/"},"modified":"2026-01-30T18:54:43","modified_gmt":"2026-01-30T15:54:43","slug":"9060-pink-overdye","status":"publish","type":"product","link":"https:\/\/nextsnkr.com\/fi\/tuote\/9060-pink-overdye\/","title":{"rendered":"9060 Pink Overdye mokkanahka &#8211; ja tekstiililenkkarit tyylikk\u00e4\u00e4seen ilmeeseen"},"content":{"rendered":"<h2>9060 Pink Overdye mokkanahka &#8211; ja tekstiililenkkarit tyylikk\u00e4\u00e4seen ilmeeseen<\/h2>\n<p>9060 Pink Overdye-tennarit yhdist\u00e4v\u00e4t luonnollisen mokkanahan ja tekstiilit, mik\u00e4 tarjoaa mukavuutta ja kest\u00e4vyytt\u00e4 p\u00e4ivitt\u00e4isess\u00e4 k\u00e4yt\u00f6ss\u00e4. Kirkkaan vaaleanpunainen s\u00e4vy lis\u00e4\u00e4 moderniutta ja persoonallisuutta tyyliisi, ja kevyt pohja takaa mukavuuden k\u00e4velless\u00e4. Vietnamilainen valmistaja k\u00e4ytt\u00e4\u00e4 korkealaatuisia materiaaleja, jotka korostavat tuotemerkin premium-tasoa. Valitse 9060 Pink Overdye muodikkaisiin ja k\u00e4yt\u00e4nn\u00f6llisiin vapaa-ajan kenkiin.<\/p>\n","protected":false},"excerpt":{"rendered":"<p>9060 Pink Overdye-tennarit yhdist\u00e4v\u00e4t luonnollisen mokkanahan ja tekstiilit, mik\u00e4 tarjoaa mukavuutta ja kest\u00e4vyytt\u00e4 p\u00e4ivitt\u00e4isess\u00e4 k\u00e4yt\u00f6ss\u00e4. Kirkkaan vaaleanpunainen s\u00e4vy lis\u00e4\u00e4 moderniutta ja persoonallisuutta tyyliisi, ja kevyt pohja takaa mukavuuden k\u00e4velless\u00e4. Vietnamilainen valmistaja k\u00e4ytt\u00e4\u00e4 korkealaatuisia materiaaleja, jotka korostavat tuotemerkin premium-tasoa. Valitse 9060 Pink Overdye muodikkaisiin ja k\u00e4yt\u00e4nn\u00f6llisiin vapaa-ajan kenkiin.<\/p>\n","protected":false},"featured_media":636830,"comment_status":"open","ping_status":"open","template":"","meta":[],"product_brand":[],"product_cat":[3199,3200],"product_tag":[],"class_list":{"0":"post-636829","1":"product","2":"type-product","3":"status-publish","4":"has-post-thumbnail","6":"product_cat-all-product","7":"product_cat-krosivky","8":"pa_rozmir-910","9":"pa_rozmir-912","10":"pa_rozmir-914","11":"pa_rozmir-915","12":"pa_rozmir-916","13":"pa_rozmir-917","14":"pa_rozmir-918","15":"pa_rozmir-919","16":"pa_rozmir-920","17":"pa_rozmir-921","18":"pa_rozmir-922","20":"first","21":"onbackorder","22":"purchasable","23":"product-type-variable"},"_links":{"self":[{"href":"https:\/\/nextsnkr.com\/fi\/wp-json\/wp\/v2\/product\/636829","targetHints":{"allow":["GET"]}}],"collection":[{"href":"https:\/\/nextsnkr.com\/fi\/wp-json\/wp\/v2\/product"}],"about":[{"href":"https:\/\/nextsnkr.com\/fi\/wp-json\/wp\/v2\/types\/product"}],"replies":[{"embeddable":true,"href":"https:\/\/nextsnkr.com\/fi\/wp-json\/wp\/v2\/comments?post=636829"}],"version-history":[{"count":0,"href":"https:\/\/nextsnkr.com\/fi\/wp-json\/wp\/v2\/product\/636829\/revisions"}],"wp:featuredmedia":[{"embeddable":true,"href":"https:\/\/nextsnkr.com\/fi\/wp-json\/wp\/v2\/media\/636830"}],"wp:attachment":[{"href":"https:\/\/nextsnkr.com\/fi\/wp-json\/wp\/v2\/media?parent=636829"}],"wp:term":[{"taxonomy":"product_brand","embeddable":true,"href":"https:\/\/nextsnkr.com\/fi\/wp-json\/wp\/v2\/product_brand?post=636829"},{"taxonomy":"product_cat","embeddable":true,"href":"https:\/\/nextsnkr.com\/fi\/wp-json\/wp\/v2\/product_cat?post=636829"},{"taxonomy":"product_tag","embeddable":true,"href":"https:\/\/nextsnkr.com\/fi\/wp-json\/wp\/v2\/product_tag?post=636829"}],"curies":[{"name":"wp","href":"https:\/\/api.w.org\/{rel}","templated":true}]}}