{"id":635430,"date":"2025-06-14T19:58:36","date_gmt":"2025-06-14T16:58:36","guid":{"rendered":"https:\/\/nextsnkr.com\/product\/off-white-x-nike-air-jordan-4-sp-sail\/"},"modified":"2026-01-30T18:53:54","modified_gmt":"2026-01-30T15:53:54","slug":"off-white-x-nike-air-jordan-4-sp-sail","status":"publish","type":"product","link":"https:\/\/nextsnkr.com\/fi\/tuote\/off-white-x-nike-air-jordan-4-sp-sail\/","title":{"rendered":"Luonnonvalkoiset x Nike Air Jordan 4 SP Sail tennarit-Tyylik\u00e4s Nahka"},"content":{"rendered":"<h2>Luonnonvalkoiset x Nike Air Jordan 4 SP Sail tennarit-Tyylik\u00e4s Nahka<\/h2>\n<p>Off-White x Nike Air Jordan 4 SP Sail-eksklusiiviset tennarit yhteisty\u00f6ss\u00e4 Off-Whiten ja Niken kanssa, valmistettu korkealaatuisesta aidosta nahasta mukavuuden ja kest\u00e4vyyden takaamiseksi. Sailin vaalea s\u00e4vy lis\u00e4\u00e4 malliin nykyaikaisuutta ja monipuolisuutta, sopii jokap\u00e4iv\u00e4iseen k\u00e4ytt\u00f6\u00f6n ja luo tyylikk\u00e4\u00e4n ilmeen. Made In Vietnam, lenkkarit onlegendaarinen Air Jordan 4 muotoilu, kest\u00e4v\u00e4 pohja jamukava istuvuus jalka. T\u00e4ydellinen valinta ensiluokkaisen tyylin ja mukavuuden yst\u00e4ville.<\/p>\n","protected":false},"excerpt":{"rendered":"<p>Off-White x Nike Air Jordan 4 SP Sail-eksklusiiviset tennarit yhteisty\u00f6ss\u00e4 Off-Whiten ja Niken kanssa, valmistettu korkealaatuisesta aidosta nahasta mukavuuden ja kest\u00e4vyyden takaamiseksi. Sailin vaalea s\u00e4vy lis\u00e4\u00e4 malliin nykyaikaisuutta ja monipuolisuutta, sopii jokap\u00e4iv\u00e4iseen k\u00e4ytt\u00f6\u00f6n ja luo tyylikk\u00e4\u00e4n ilmeen. Made In Vietnam, lenkkarit onlegendaarinen Air Jordan 4 muotoilu, kest\u00e4v\u00e4 pohja jamukava istuvuus jalka. T\u00e4ydellinen valinta ensiluokkaisen tyylin ja mukavuuden yst\u00e4ville.<\/p>\n","protected":false},"featured_media":635432,"comment_status":"open","ping_status":"open","template":"","meta":[],"product_brand":[],"product_cat":[3383,3199,3200],"product_tag":[],"class_list":{"0":"post-635430","1":"product","2":"type-product","3":"status-publish","4":"has-post-thumbnail","6":"product_cat-nike-jordan","7":"product_cat-all-product","8":"product_cat-krosivky","9":"pa_rozmir-910","10":"pa_rozmir-912","11":"pa_rozmir-914","12":"pa_rozmir-915","13":"pa_rozmir-916","14":"pa_rozmir-917","15":"pa_rozmir-918","16":"pa_rozmir-919","17":"pa_rozmir-920","18":"pa_rozmir-921","19":"pa_rozmir-922","21":"first","22":"instock","23":"purchasable","24":"product-type-variable"},"_links":{"self":[{"href":"https:\/\/nextsnkr.com\/fi\/wp-json\/wp\/v2\/product\/635430","targetHints":{"allow":["GET"]}}],"collection":[{"href":"https:\/\/nextsnkr.com\/fi\/wp-json\/wp\/v2\/product"}],"about":[{"href":"https:\/\/nextsnkr.com\/fi\/wp-json\/wp\/v2\/types\/product"}],"replies":[{"embeddable":true,"href":"https:\/\/nextsnkr.com\/fi\/wp-json\/wp\/v2\/comments?post=635430"}],"version-history":[{"count":0,"href":"https:\/\/nextsnkr.com\/fi\/wp-json\/wp\/v2\/product\/635430\/revisions"}],"wp:featuredmedia":[{"embeddable":true,"href":"https:\/\/nextsnkr.com\/fi\/wp-json\/wp\/v2\/media\/635432"}],"wp:attachment":[{"href":"https:\/\/nextsnkr.com\/fi\/wp-json\/wp\/v2\/media?parent=635430"}],"wp:term":[{"taxonomy":"product_brand","embeddable":true,"href":"https:\/\/nextsnkr.com\/fi\/wp-json\/wp\/v2\/product_brand?post=635430"},{"taxonomy":"product_cat","embeddable":true,"href":"https:\/\/nextsnkr.com\/fi\/wp-json\/wp\/v2\/product_cat?post=635430"},{"taxonomy":"product_tag","embeddable":true,"href":"https:\/\/nextsnkr.com\/fi\/wp-json\/wp\/v2\/product_tag?post=635430"}],"curies":[{"name":"wp","href":"https:\/\/api.w.org\/{rel}","templated":true}]}}