{"id":632936,"date":"2025-06-14T20:04:08","date_gmt":"2025-06-14T17:04:08","guid":{"rendered":"https:\/\/nextsnkr.com\/product\/dr-martens-jadon-black-fur\/"},"modified":"2026-01-30T18:52:46","modified_gmt":"2026-01-30T15:52:46","slug":"dr-martens-jadon-black-fur","status":"publish","type":"product","link":"https:\/\/nextsnkr.com\/fi\/tuote\/dr-martens-jadon-black-fur\/","title":{"rendered":"Dr. Martens Jadon Mustat turkissaappaat-talviset nahkasaappaat turkiksella"},"content":{"rendered":"<h2>Dr. Martens Jadon Mustat turkissaappaat-talviset nahkasaappaat turkiksella<\/h2>\n<p>Dr. Martens Jadon Black FUR boots ovat tyylikk\u00e4\u00e4t ja l\u00e4mpim\u00e4t talvisaappaat, jotka on valmistettu aidosta nahasta ja pehme\u00e4st\u00e4 turkista maksimaalisen mukavuuden takaamiseksi kylm\u00e4n\u00e4 vuodenaikana. Mallissa on kest\u00e4v\u00e4 pohja, vakaus ja legendaarinen Jadon-muotoilu, joka korostaa yksil\u00f6llisyytt\u00e4. N\u00e4m\u00e4 Englannissa valmistetut saappaat yhdist\u00e4v\u00e4t ensiluokkaisen laadun, kest\u00e4vyyden ja Dr. Martens-tuotemerkin modernin tyylin, jotka ovat ihanteellisia p\u00e4ivitt\u00e4iseen k\u00e4ytt\u00f6\u00f6n ja aktiiviseen talvilomaan.<\/p>\n","protected":false},"excerpt":{"rendered":"<p>Dr. Martens Jadon Black FUR boots ovat tyylikk\u00e4\u00e4t ja l\u00e4mpim\u00e4t talvisaappaat, jotka on valmistettu aidosta nahasta ja pehme\u00e4st\u00e4 turkista maksimaalisen mukavuuden takaamiseksi kylm\u00e4n\u00e4 vuodenaikana. Mallissa on kest\u00e4v\u00e4 pohja, vakaus ja legendaarinen Jadon-muotoilu, joka korostaa yksil\u00f6llisyytt\u00e4. N\u00e4m\u00e4 Englannissa valmistetut saappaat yhdist\u00e4v\u00e4t ensiluokkaisen laadun, kest\u00e4vyyden ja Dr. Martens-tuotemerkin modernin tyylin, jotka ovat ihanteellisia p\u00e4ivitt\u00e4iseen k\u00e4ytt\u00f6\u00f6n ja aktiiviseen talvilomaan.<\/p>\n","protected":false},"featured_media":632940,"comment_status":"open","ping_status":"open","template":"","meta":[],"product_brand":[2398],"product_cat":[3616,3199,3331],"product_tag":[],"class_list":{"0":"post-632936","1":"product","2":"type-product","3":"status-publish","4":"has-post-thumbnail","6":"product_brand-dr-martens","7":"product_cat-dr-martens","8":"product_cat-all-product","9":"product_cat-cherevyky","10":"pa_rozmir-910","11":"pa_rozmir-912","12":"pa_rozmir-914","13":"pa_rozmir-915","14":"pa_rozmir-916","15":"pa_rozmir-917","16":"pa_rozmir-918","17":"pa_rozmir-919","18":"pa_rozmir-920","19":"pa_rozmir-921","20":"pa_rozmir-922","22":"first","23":"instock","24":"purchasable","25":"product-type-variable"},"_links":{"self":[{"href":"https:\/\/nextsnkr.com\/fi\/wp-json\/wp\/v2\/product\/632936","targetHints":{"allow":["GET"]}}],"collection":[{"href":"https:\/\/nextsnkr.com\/fi\/wp-json\/wp\/v2\/product"}],"about":[{"href":"https:\/\/nextsnkr.com\/fi\/wp-json\/wp\/v2\/types\/product"}],"replies":[{"embeddable":true,"href":"https:\/\/nextsnkr.com\/fi\/wp-json\/wp\/v2\/comments?post=632936"}],"version-history":[{"count":0,"href":"https:\/\/nextsnkr.com\/fi\/wp-json\/wp\/v2\/product\/632936\/revisions"}],"wp:featuredmedia":[{"embeddable":true,"href":"https:\/\/nextsnkr.com\/fi\/wp-json\/wp\/v2\/media\/632940"}],"wp:attachment":[{"href":"https:\/\/nextsnkr.com\/fi\/wp-json\/wp\/v2\/media?parent=632936"}],"wp:term":[{"taxonomy":"product_brand","embeddable":true,"href":"https:\/\/nextsnkr.com\/fi\/wp-json\/wp\/v2\/product_brand?post=632936"},{"taxonomy":"product_cat","embeddable":true,"href":"https:\/\/nextsnkr.com\/fi\/wp-json\/wp\/v2\/product_cat?post=632936"},{"taxonomy":"product_tag","embeddable":true,"href":"https:\/\/nextsnkr.com\/fi\/wp-json\/wp\/v2\/product_tag?post=632936"}],"curies":[{"name":"wp","href":"https:\/\/api.w.org\/{rel}","templated":true}]}}