{"id":631902,"date":"2025-06-14T20:06:30","date_gmt":"2025-06-14T17:06:30","guid":{"rendered":"https:\/\/nextsnkr.com\/product\/bottega-venata-beige-orange\/"},"modified":"2026-01-30T18:52:07","modified_gmt":"2026-01-30T15:52:07","slug":"bottega-venata-beige-orange","status":"publish","type":"product","link":"https:\/\/nextsnkr.com\/fi\/tuote\/bottega-venata-beige-orange\/","title":{"rendered":"Bottega Veneta Beige-oranssit saappaat-tyylikk\u00e4\u00e4t nahkaiset naisten saappaat"},"content":{"rendered":"<h2>Bottega Veneta Beige-oranssit saappaat-tyylikk\u00e4\u00e4t nahkaiset naisten saappaat<\/h2>\n<p>Bottega Veneta Beige-oranssit saappaat ovat tyylik\u00e4s ja mukava malli, joka on valmistettu korkealaatuisesta nahasta. Beigen ja oranssin v\u00e4rin yhdistelm\u00e4 luo kirkkaan ja modernin ilmeen, joka voidaan helposti yhdist\u00e4\u00e4 erilaisiin kenkiin ja vaatteisiin. Tukeva rakenne ja mukava pohja takaavat mukavuuden pitk\u00e4aikaisessa k\u00e4yt\u00f6ss\u00e4, kun taas klassinen muotoilu tekee saappaista monipuoliset p\u00e4ivitt\u00e4iseen k\u00e4ytt\u00f6\u00f6n. Valitse Bottega Veneta Beige Orange saadaksesi tyylikk\u00e4\u00e4n ja k\u00e4yt\u00e4nn\u00f6llisen ilmeen. Koodi: BT004-218346.<\/p>\n","protected":false},"excerpt":{"rendered":"<p>Bottega Veneta Beige-oranssit saappaat ovat tyylik\u00e4s ja mukava malli, joka on valmistettu korkealaatuisesta nahasta. Beigen ja oranssin v\u00e4rin yhdistelm\u00e4 luo kirkkaan ja modernin ilmeen, joka voidaan helposti yhdist\u00e4\u00e4 erilaisiin kenkiin ja vaatteisiin. Tukeva rakenne ja mukava pohja takaavat mukavuuden pitk\u00e4aikaisessa k\u00e4yt\u00f6ss\u00e4, kun taas klassinen muotoilu tekee saappaista monipuoliset p\u00e4ivitt\u00e4iseen k\u00e4ytt\u00f6\u00f6n. Valitse Bottega Veneta Beige Orange saadaksesi tyylikk\u00e4\u00e4n ja k\u00e4yt\u00e4nn\u00f6llisen ilmeen. Koodi: BT004-218346.<\/p>\n","protected":false},"featured_media":631903,"comment_status":"open","ping_status":"open","template":"","meta":[],"product_brand":[],"product_cat":[3199,3331],"product_tag":[],"class_list":{"0":"post-631902","1":"product","2":"type-product","3":"status-publish","4":"has-post-thumbnail","6":"product_cat-all-product","7":"product_cat-cherevyky","8":"pa_rozmir-910","9":"pa_rozmir-912","10":"pa_rozmir-914","11":"pa_rozmir-915","12":"pa_rozmir-916","13":"pa_rozmir-917","14":"pa_rozmir-918","15":"pa_rozmir-919","16":"pa_rozmir-920","17":"pa_rozmir-921","18":"pa_rozmir-922","20":"first","21":"onbackorder","22":"purchasable","23":"product-type-variable"},"_links":{"self":[{"href":"https:\/\/nextsnkr.com\/fi\/wp-json\/wp\/v2\/product\/631902","targetHints":{"allow":["GET"]}}],"collection":[{"href":"https:\/\/nextsnkr.com\/fi\/wp-json\/wp\/v2\/product"}],"about":[{"href":"https:\/\/nextsnkr.com\/fi\/wp-json\/wp\/v2\/types\/product"}],"replies":[{"embeddable":true,"href":"https:\/\/nextsnkr.com\/fi\/wp-json\/wp\/v2\/comments?post=631902"}],"version-history":[{"count":0,"href":"https:\/\/nextsnkr.com\/fi\/wp-json\/wp\/v2\/product\/631902\/revisions"}],"wp:featuredmedia":[{"embeddable":true,"href":"https:\/\/nextsnkr.com\/fi\/wp-json\/wp\/v2\/media\/631903"}],"wp:attachment":[{"href":"https:\/\/nextsnkr.com\/fi\/wp-json\/wp\/v2\/media?parent=631902"}],"wp:term":[{"taxonomy":"product_brand","embeddable":true,"href":"https:\/\/nextsnkr.com\/fi\/wp-json\/wp\/v2\/product_brand?post=631902"},{"taxonomy":"product_cat","embeddable":true,"href":"https:\/\/nextsnkr.com\/fi\/wp-json\/wp\/v2\/product_cat?post=631902"},{"taxonomy":"product_tag","embeddable":true,"href":"https:\/\/nextsnkr.com\/fi\/wp-json\/wp\/v2\/product_tag?post=631902"}],"curies":[{"name":"wp","href":"https:\/\/api.w.org\/{rel}","templated":true}]}}