{"id":631223,"date":"2025-06-14T20:08:03","date_gmt":"2025-06-14T17:08:03","guid":{"rendered":"https:\/\/nextsnkr.com\/product\/bottega-veneta-low-black\/"},"modified":"2026-01-30T18:51:48","modified_gmt":"2026-01-30T15:51:48","slug":"bottega-veneta-low-black","status":"publish","type":"product","link":"https:\/\/nextsnkr.com\/fi\/tuote\/bottega-veneta-low-black\/","title":{"rendered":"Bottega Veneta matalat mustat saappaat-Naisten nahkasaappaat fleecevuorella"},"content":{"rendered":"<h2>Bottega Veneta matalat mustat saappaat-Naisten nahkasaappaat fleecevuorella<\/h2>\n<p>Bottega Veneta matalat mustat saappaat ovat tyylik\u00e4s ja mukava malli, joka on valmistettu aidosta nahasta ja jossa on l\u00e4mmin fleecevuori kylm\u00e4\u00e4n vuodenaikaan. Kest\u00e4v\u00e4 ulkopohja tarjoaa vakautta ja mukavuutta jokaisella askeleella, ja musta v\u00e4ri tekee niist\u00e4 monipuolisia mihin tahansa ilmeeseen. Kiinassa korkealaatuisista materiaaleista valmistetut saappaat takaavat kest\u00e4vyyden ja k\u00e4yt\u00e4nn\u00f6llisyyden. Bottega Veneta Low Black on t\u00e4ydellinen valinta niille, jotka arvostavat mukavuutta, l\u00e4mp\u00f6\u00e4 ja eleganttia tyyli\u00e4.<\/p>\n","protected":false},"excerpt":{"rendered":"<p>Bottega Veneta matalat mustat saappaat ovat tyylik\u00e4s ja mukava malli, joka on valmistettu aidosta nahasta ja jossa on l\u00e4mmin fleecevuori kylm\u00e4\u00e4n vuodenaikaan. Kest\u00e4v\u00e4 ulkopohja tarjoaa vakautta ja mukavuutta jokaisella askeleella, ja musta v\u00e4ri tekee niist\u00e4 monipuolisia mihin tahansa ilmeeseen. Kiinassa korkealaatuisista materiaaleista valmistetut saappaat takaavat kest\u00e4vyyden ja k\u00e4yt\u00e4nn\u00f6llisyyden. Bottega Veneta Low Black on t\u00e4ydellinen valinta niille, jotka arvostavat mukavuutta, l\u00e4mp\u00f6\u00e4 ja eleganttia tyyli\u00e4.<\/p>\n","protected":false},"featured_media":631224,"comment_status":"open","ping_status":"open","template":"","meta":[],"product_brand":[],"product_cat":[3199,3331],"product_tag":[],"class_list":{"0":"post-631223","1":"product","2":"type-product","3":"status-publish","4":"has-post-thumbnail","6":"product_cat-all-product","7":"product_cat-cherevyky","8":"pa_rozmir-910","9":"pa_rozmir-912","10":"pa_rozmir-914","11":"pa_rozmir-915","12":"pa_rozmir-916","13":"pa_rozmir-917","14":"pa_rozmir-918","15":"pa_rozmir-919","16":"pa_rozmir-920","17":"pa_rozmir-921","18":"pa_rozmir-922","20":"first","21":"onbackorder","22":"purchasable","23":"product-type-variable"},"_links":{"self":[{"href":"https:\/\/nextsnkr.com\/fi\/wp-json\/wp\/v2\/product\/631223","targetHints":{"allow":["GET"]}}],"collection":[{"href":"https:\/\/nextsnkr.com\/fi\/wp-json\/wp\/v2\/product"}],"about":[{"href":"https:\/\/nextsnkr.com\/fi\/wp-json\/wp\/v2\/types\/product"}],"replies":[{"embeddable":true,"href":"https:\/\/nextsnkr.com\/fi\/wp-json\/wp\/v2\/comments?post=631223"}],"version-history":[{"count":0,"href":"https:\/\/nextsnkr.com\/fi\/wp-json\/wp\/v2\/product\/631223\/revisions"}],"wp:featuredmedia":[{"embeddable":true,"href":"https:\/\/nextsnkr.com\/fi\/wp-json\/wp\/v2\/media\/631224"}],"wp:attachment":[{"href":"https:\/\/nextsnkr.com\/fi\/wp-json\/wp\/v2\/media?parent=631223"}],"wp:term":[{"taxonomy":"product_brand","embeddable":true,"href":"https:\/\/nextsnkr.com\/fi\/wp-json\/wp\/v2\/product_brand?post=631223"},{"taxonomy":"product_cat","embeddable":true,"href":"https:\/\/nextsnkr.com\/fi\/wp-json\/wp\/v2\/product_cat?post=631223"},{"taxonomy":"product_tag","embeddable":true,"href":"https:\/\/nextsnkr.com\/fi\/wp-json\/wp\/v2\/product_tag?post=631223"}],"curies":[{"name":"wp","href":"https:\/\/api.w.org\/{rel}","templated":true}]}}