{"id":630433,"date":"2025-06-14T20:13:01","date_gmt":"2025-06-14T17:13:01","guid":{"rendered":"https:\/\/nextsnkr.com\/product\/michael-kors-2\/"},"modified":"2026-01-30T18:51:17","modified_gmt":"2026-01-30T15:51:17","slug":"michael-kors-2","status":"publish","type":"product","link":"https:\/\/nextsnkr.com\/fi\/tuote\/michael-kors-2\/","title":{"rendered":"Michael Kors laukku-naisten ekonahkaa, tyylik\u00e4s ja monipuolinen"},"content":{"rendered":"<h2>Michael Kors laukku-naisten ekonahkaa, tyylik\u00e4s ja monipuolinen<\/h2>\n<p>Michael Kors-laukku on tyylik\u00e4s ja k\u00e4yt\u00e4nn\u00f6llinen lis\u00e4varuste, joka on valmistettu korkealaatuisesta ekonahasta ja suunniteltu p\u00e4ivitt\u00e4iseen k\u00e4ytt\u00f6\u00f6n. Mallissa yhdistyv\u00e4t tyyli, kest\u00e4vyys ja helppohoitoisuus, ja harkitun suunnittelun avulla voit kuljettaa mukavasti kaikki tarvittavat asiat. Turkkilainen tuotanto takaa tarkan toteutuksen ja kest\u00e4vyyden. Valitse Michael Kors laukku moderni, tyylik\u00e4s ja toimiva ilme joka p\u00e4iv\u00e4.<\/p>\n","protected":false},"excerpt":{"rendered":"<p>Michael Kors-laukku on tyylik\u00e4s ja k\u00e4yt\u00e4nn\u00f6llinen lis\u00e4varuste, joka on valmistettu korkealaatuisesta ekonahasta ja suunniteltu p\u00e4ivitt\u00e4iseen k\u00e4ytt\u00f6\u00f6n. Mallissa yhdistyv\u00e4t tyyli, kest\u00e4vyys ja helppohoitoisuus, ja harkitun suunnittelun avulla voit kuljettaa mukavasti kaikki tarvittavat asiat. Turkkilainen tuotanto takaa tarkan toteutuksen ja kest\u00e4vyyden. Valitse Michael Kors laukku moderni, tyylik\u00e4s ja toimiva ilme joka p\u00e4iv\u00e4.<\/p>\n","protected":false},"featured_media":630437,"comment_status":"open","ping_status":"open","template":"","meta":[],"product_brand":[],"product_cat":[3199,3476],"product_tag":[],"class_list":{"0":"post-630433","1":"product","2":"type-product","3":"status-publish","4":"has-post-thumbnail","6":"product_cat-all-product","7":"product_cat-sumky","8":"pa_rozmir-35kh27kh9","10":"first","11":"instock","12":"purchasable","13":"product-type-simple"},"_links":{"self":[{"href":"https:\/\/nextsnkr.com\/fi\/wp-json\/wp\/v2\/product\/630433","targetHints":{"allow":["GET"]}}],"collection":[{"href":"https:\/\/nextsnkr.com\/fi\/wp-json\/wp\/v2\/product"}],"about":[{"href":"https:\/\/nextsnkr.com\/fi\/wp-json\/wp\/v2\/types\/product"}],"replies":[{"embeddable":true,"href":"https:\/\/nextsnkr.com\/fi\/wp-json\/wp\/v2\/comments?post=630433"}],"version-history":[{"count":0,"href":"https:\/\/nextsnkr.com\/fi\/wp-json\/wp\/v2\/product\/630433\/revisions"}],"wp:featuredmedia":[{"embeddable":true,"href":"https:\/\/nextsnkr.com\/fi\/wp-json\/wp\/v2\/media\/630437"}],"wp:attachment":[{"href":"https:\/\/nextsnkr.com\/fi\/wp-json\/wp\/v2\/media?parent=630433"}],"wp:term":[{"taxonomy":"product_brand","embeddable":true,"href":"https:\/\/nextsnkr.com\/fi\/wp-json\/wp\/v2\/product_brand?post=630433"},{"taxonomy":"product_cat","embeddable":true,"href":"https:\/\/nextsnkr.com\/fi\/wp-json\/wp\/v2\/product_cat?post=630433"},{"taxonomy":"product_tag","embeddable":true,"href":"https:\/\/nextsnkr.com\/fi\/wp-json\/wp\/v2\/product_tag?post=630433"}],"curies":[{"name":"wp","href":"https:\/\/api.w.org\/{rel}","templated":true}]}}