{"id":629785,"date":"2025-06-14T20:14:59","date_gmt":"2025-06-14T17:14:59","guid":{"rendered":"https:\/\/nextsnkr.com\/product\/michael-kors-8\/"},"modified":"2026-01-30T18:50:53","modified_gmt":"2026-01-30T15:50:53","slug":"michael-kors-8","status":"publish","type":"product","link":"https:\/\/nextsnkr.com\/fi\/tuote\/michael-kors-8\/","title":{"rendered":"Michael Kors laukku-naisten ekonahkainen tyylik\u00e4s laukku Turkista"},"content":{"rendered":"<h2>Michael Kors laukku-naisten ekonahkainen tyylik\u00e4s laukku Turkista<\/h2>\n<p>Michael Kors-laukku on tyylik\u00e4s naisten asuste, joka on valmistettu korkealaatuisesta ekonahasta, jossa yhdistyv\u00e4t tyyli ja k\u00e4yt\u00e4nn\u00f6llisyys. Turkin mallissa on harkittu muotoilu, tilavat lokerot p\u00e4ivitt\u00e4istavaroille ja mukava muoto mukavaan k\u00e4ytt\u00f6\u00f6n. Michael Kors-br\u00e4ndin eksklusiivinen ulkoasu ja br\u00e4nd\u00e4tyt yksityiskohdat korostavat omistajan asemaa ja persoonallisuutta. Se on ihanteellinen valinta niille, jotka arvostavat laatua, muodikasta muotoilua ja monipuolisuutta jokap\u00e4iv\u00e4isess\u00e4 el\u00e4m\u00e4ss\u00e4. Valitse Michael Kors tyylikk\u00e4\u00e4n ilmeen joka p\u00e4iv\u00e4.<\/p>\n","protected":false},"excerpt":{"rendered":"<p>Michael Kors-laukku on tyylik\u00e4s naisten asuste, joka on valmistettu korkealaatuisesta ekonahasta, jossa yhdistyv\u00e4t tyyli ja k\u00e4yt\u00e4nn\u00f6llisyys. Turkin mallissa on harkittu muotoilu, tilavat lokerot p\u00e4ivitt\u00e4istavaroille ja mukava muoto mukavaan k\u00e4ytt\u00f6\u00f6n. Michael Kors-br\u00e4ndin eksklusiivinen ulkoasu ja br\u00e4nd\u00e4tyt yksityiskohdat korostavat omistajan asemaa ja persoonallisuutta. Se on ihanteellinen valinta niille, jotka arvostavat laatua, muodikasta muotoilua ja monipuolisuutta jokap\u00e4iv\u00e4isess\u00e4 el\u00e4m\u00e4ss\u00e4. Valitse Michael Kors tyylikk\u00e4\u00e4n ilmeen joka p\u00e4iv\u00e4.<\/p>\n","protected":false},"featured_media":629788,"comment_status":"open","ping_status":"open","template":"","meta":[],"product_brand":[],"product_cat":[3199,3476],"product_tag":[],"class_list":{"0":"post-629785","1":"product","2":"type-product","3":"status-publish","4":"has-post-thumbnail","6":"product_cat-all-product","7":"product_cat-sumky","8":"pa_rozmir-sale-24kh16kh7","10":"first","11":"instock","12":"purchasable","13":"product-type-simple"},"_links":{"self":[{"href":"https:\/\/nextsnkr.com\/fi\/wp-json\/wp\/v2\/product\/629785","targetHints":{"allow":["GET"]}}],"collection":[{"href":"https:\/\/nextsnkr.com\/fi\/wp-json\/wp\/v2\/product"}],"about":[{"href":"https:\/\/nextsnkr.com\/fi\/wp-json\/wp\/v2\/types\/product"}],"replies":[{"embeddable":true,"href":"https:\/\/nextsnkr.com\/fi\/wp-json\/wp\/v2\/comments?post=629785"}],"version-history":[{"count":0,"href":"https:\/\/nextsnkr.com\/fi\/wp-json\/wp\/v2\/product\/629785\/revisions"}],"wp:featuredmedia":[{"embeddable":true,"href":"https:\/\/nextsnkr.com\/fi\/wp-json\/wp\/v2\/media\/629788"}],"wp:attachment":[{"href":"https:\/\/nextsnkr.com\/fi\/wp-json\/wp\/v2\/media?parent=629785"}],"wp:term":[{"taxonomy":"product_brand","embeddable":true,"href":"https:\/\/nextsnkr.com\/fi\/wp-json\/wp\/v2\/product_brand?post=629785"},{"taxonomy":"product_cat","embeddable":true,"href":"https:\/\/nextsnkr.com\/fi\/wp-json\/wp\/v2\/product_cat?post=629785"},{"taxonomy":"product_tag","embeddable":true,"href":"https:\/\/nextsnkr.com\/fi\/wp-json\/wp\/v2\/product_tag?post=629785"}],"curies":[{"name":"wp","href":"https:\/\/api.w.org\/{rel}","templated":true}]}}