{"id":628430,"date":"2025-06-12T16:28:04","date_gmt":"2025-06-12T13:28:04","guid":{"rendered":"https:\/\/nextsnkr.com\/product\/neumel-gray\/"},"modified":"2026-01-30T18:49:56","modified_gmt":"2026-01-30T15:49:56","slug":"neumel-gray","status":"publish","type":"product","link":"https:\/\/nextsnkr.com\/fi\/tuote\/neumel-gray\/","title":{"rendered":"UGG Neumel harmaat saappaat ymp\u00e4rist\u00f6yst\u00e4v\u00e4llisest\u00e4 materiaalista p\u00e4ivitt\u00e4iseen mukavuuteen"},"content":{"rendered":"<h2>UGG Neumel harmaat saappaat ymp\u00e4rist\u00f6yst\u00e4v\u00e4llisest\u00e4 materiaalista p\u00e4ivitt\u00e4iseen mukavuuteen<\/h2>\n<p>UGG Neumel harmaat saappaat on valmistettu korkealaatuisesta ymp\u00e4rist\u00f6yst\u00e4v\u00e4llisest\u00e4 materiaalista Turkissa, jossa yhdistyv\u00e4t tyyli ja mukavuus. Pehme\u00e4 sis\u00e4vuori tarjoaa l\u00e4mp\u00f6\u00e4 ja mukavuutta kaikissa s\u00e4\u00e4olosuhteissa. Kevyet ja monipuoliset ne sopivat p\u00e4ivitt\u00e4iseen k\u00e4ytt\u00f6\u00f6n, k\u00e4velyyn ja ulkoiluun. Tyylik\u00e4s harmaa v\u00e4ri ja tunnistettava UGG-br\u00e4ndi tekev\u00e4t n\u00e4ist\u00e4 saappaista erinomaisen valinnan niille, jotka arvostavat k\u00e4yt\u00e4nn\u00f6llisyytt\u00e4 ja modernia muotoilua. Tilaa nyt ja lis\u00e4\u00e4 mukavuutta vaatekaappiisi.<\/p>\n","protected":false},"excerpt":{"rendered":"<p>UGG Neumel harmaat saappaat on valmistettu korkealaatuisesta ymp\u00e4rist\u00f6yst\u00e4v\u00e4llisest\u00e4 materiaalista Turkissa, jossa yhdistyv\u00e4t tyyli ja mukavuus. Pehme\u00e4 sis\u00e4vuori tarjoaa l\u00e4mp\u00f6\u00e4 ja mukavuutta kaikissa s\u00e4\u00e4olosuhteissa. Kevyet ja monipuoliset ne sopivat p\u00e4ivitt\u00e4iseen k\u00e4ytt\u00f6\u00f6n, k\u00e4velyyn ja ulkoiluun. Tyylik\u00e4s harmaa v\u00e4ri ja tunnistettava UGG-br\u00e4ndi tekev\u00e4t n\u00e4ist\u00e4 saappaista erinomaisen valinnan niille, jotka arvostavat k\u00e4yt\u00e4nn\u00f6llisyytt\u00e4 ja modernia muotoilua. Tilaa nyt ja lis\u00e4\u00e4 mukavuutta vaatekaappiisi.<\/p>\n","protected":false},"featured_media":628431,"comment_status":"open","ping_status":"open","template":"","meta":[],"product_brand":[],"product_cat":[3407,3199],"product_tag":[],"class_list":{"0":"post-628430","1":"product","2":"type-product","3":"status-publish","4":"has-post-thumbnail","6":"product_cat-ugg","7":"product_cat-all-product","8":"pa_rozmir-910","9":"pa_rozmir-912","10":"pa_rozmir-914","11":"pa_rozmir-915","12":"pa_rozmir-916","13":"pa_rozmir-917","14":"pa_rozmir-918","15":"pa_rozmir-919","16":"pa_rozmir-920","17":"pa_rozmir-921","18":"pa_rozmir-922","20":"first","21":"instock","22":"purchasable","23":"product-type-variable"},"_links":{"self":[{"href":"https:\/\/nextsnkr.com\/fi\/wp-json\/wp\/v2\/product\/628430","targetHints":{"allow":["GET"]}}],"collection":[{"href":"https:\/\/nextsnkr.com\/fi\/wp-json\/wp\/v2\/product"}],"about":[{"href":"https:\/\/nextsnkr.com\/fi\/wp-json\/wp\/v2\/types\/product"}],"replies":[{"embeddable":true,"href":"https:\/\/nextsnkr.com\/fi\/wp-json\/wp\/v2\/comments?post=628430"}],"version-history":[{"count":0,"href":"https:\/\/nextsnkr.com\/fi\/wp-json\/wp\/v2\/product\/628430\/revisions"}],"wp:featuredmedia":[{"embeddable":true,"href":"https:\/\/nextsnkr.com\/fi\/wp-json\/wp\/v2\/media\/628431"}],"wp:attachment":[{"href":"https:\/\/nextsnkr.com\/fi\/wp-json\/wp\/v2\/media?parent=628430"}],"wp:term":[{"taxonomy":"product_brand","embeddable":true,"href":"https:\/\/nextsnkr.com\/fi\/wp-json\/wp\/v2\/product_brand?post=628430"},{"taxonomy":"product_cat","embeddable":true,"href":"https:\/\/nextsnkr.com\/fi\/wp-json\/wp\/v2\/product_cat?post=628430"},{"taxonomy":"product_tag","embeddable":true,"href":"https:\/\/nextsnkr.com\/fi\/wp-json\/wp\/v2\/product_tag?post=628430"}],"curies":[{"name":"wp","href":"https:\/\/api.w.org\/{rel}","templated":true}]}}