{"id":626862,"date":"2025-06-13T09:02:05","date_gmt":"2025-06-13T06:02:05","guid":{"rendered":"https:\/\/nextsnkr.com\/product\/nn-niuans\/"},"modified":"2026-01-30T18:49:16","modified_gmt":"2026-01-30T15:49:16","slug":"nn-niuans","status":"publish","type":"product","link":"https:\/\/nextsnkr.com\/fi\/tuote\/nn-niuans\/","title":{"rendered":"Nn NUANCE-lenkkarit, jotka on valmistettu ymp\u00e4rist\u00f6yst\u00e4v\u00e4llisest\u00e4 materiaalista ja turkista mukavuuden takaamiseksi"},"content":{"rendered":"<h2>Nn NUANCE-lenkkarit, jotka on valmistettu ymp\u00e4rist\u00f6yst\u00e4v\u00e4llisest\u00e4 materiaalista ja turkista mukavuuden takaamiseksi<\/h2>\n<p>NN NUANCE-lenkkarit on valmistettu Kiinassa ymp\u00e4rist\u00f6yst\u00e4v\u00e4llisest\u00e4 materiaalista ja turkista, joissa yhdistyv\u00e4t mukavuus, l\u00e4mp\u00f6 ja tyyli. Pehme\u00e4 vuori tarjoaa mukavuutta p\u00e4ivitt\u00e4iseen k\u00e4ytt\u00f6\u00f6n, ja moderni muotoilu tekee tennareista monipuoliset mihin tahansa lookiin. Nn-lenkkarit ovat ihanteellisia k\u00e4velyyn, kaupunkiel\u00e4m\u00e4\u00e4n ja ulkoiluun, ja ne erottuvat kest\u00e4vyydest\u00e4\u00e4n ja korkealaatuisista materiaaleista. Tilaa nyt ja lis\u00e4\u00e4 mukavuutta ja tyyli\u00e4 vaatekaappiisi.<\/p>\n","protected":false},"excerpt":{"rendered":"<p>NN NUANCE-lenkkarit on valmistettu Kiinassa ymp\u00e4rist\u00f6yst\u00e4v\u00e4llisest\u00e4 materiaalista ja turkista, joissa yhdistyv\u00e4t mukavuus, l\u00e4mp\u00f6 ja tyyli. Pehme\u00e4 vuori tarjoaa mukavuutta p\u00e4ivitt\u00e4iseen k\u00e4ytt\u00f6\u00f6n, ja moderni muotoilu tekee tennareista monipuoliset mihin tahansa lookiin. Nn-lenkkarit ovat ihanteellisia k\u00e4velyyn, kaupunkiel\u00e4m\u00e4\u00e4n ja ulkoiluun, ja ne erottuvat kest\u00e4vyydest\u00e4\u00e4n ja korkealaatuisista materiaaleista. Tilaa nyt ja lis\u00e4\u00e4 mukavuutta ja tyyli\u00e4 vaatekaappiisi.<\/p>\n","protected":false},"featured_media":626863,"comment_status":"open","ping_status":"open","template":"","meta":[],"product_brand":[],"product_cat":[3199,3200],"product_tag":[],"class_list":{"0":"post-626862","1":"product","2":"type-product","3":"status-publish","4":"has-post-thumbnail","6":"product_cat-all-product","7":"product_cat-krosivky","8":"pa_rozmir-910","9":"pa_rozmir-912","10":"pa_rozmir-914","11":"pa_rozmir-915","12":"pa_rozmir-916","13":"pa_rozmir-917","14":"pa_rozmir-918","15":"pa_rozmir-919","16":"pa_rozmir-920","17":"pa_rozmir-921","18":"pa_rozmir-922","20":"first","21":"onbackorder","22":"purchasable","23":"product-type-variable"},"_links":{"self":[{"href":"https:\/\/nextsnkr.com\/fi\/wp-json\/wp\/v2\/product\/626862","targetHints":{"allow":["GET"]}}],"collection":[{"href":"https:\/\/nextsnkr.com\/fi\/wp-json\/wp\/v2\/product"}],"about":[{"href":"https:\/\/nextsnkr.com\/fi\/wp-json\/wp\/v2\/types\/product"}],"replies":[{"embeddable":true,"href":"https:\/\/nextsnkr.com\/fi\/wp-json\/wp\/v2\/comments?post=626862"}],"version-history":[{"count":0,"href":"https:\/\/nextsnkr.com\/fi\/wp-json\/wp\/v2\/product\/626862\/revisions"}],"wp:featuredmedia":[{"embeddable":true,"href":"https:\/\/nextsnkr.com\/fi\/wp-json\/wp\/v2\/media\/626863"}],"wp:attachment":[{"href":"https:\/\/nextsnkr.com\/fi\/wp-json\/wp\/v2\/media?parent=626862"}],"wp:term":[{"taxonomy":"product_brand","embeddable":true,"href":"https:\/\/nextsnkr.com\/fi\/wp-json\/wp\/v2\/product_brand?post=626862"},{"taxonomy":"product_cat","embeddable":true,"href":"https:\/\/nextsnkr.com\/fi\/wp-json\/wp\/v2\/product_cat?post=626862"},{"taxonomy":"product_tag","embeddable":true,"href":"https:\/\/nextsnkr.com\/fi\/wp-json\/wp\/v2\/product_tag?post=626862"}],"curies":[{"name":"wp","href":"https:\/\/api.w.org\/{rel}","templated":true}]}}