{"id":626523,"date":"2025-06-13T09:02:46","date_gmt":"2025-06-13T06:02:46","guid":{"rendered":"https:\/\/nextsnkr.com\/product\/retro-1-dark-mocha\/"},"modified":"2026-01-30T18:49:08","modified_gmt":"2026-01-30T15:49:08","slug":"retro-1-dark-mocha","status":"publish","type":"product","link":"https:\/\/nextsnkr.com\/fi\/tuote\/retro-1-dark-mocha\/","title":{"rendered":"Retro 1 tummat Mocha-tennarit aidosta nahasta tyylikk\u00e4\u00e4seen ilmeeseen"},"content":{"rendered":"<h2>Retro 1 tummat Mocha-tennarit aidosta nahasta tyylikk\u00e4\u00e4seen ilmeeseen<\/h2>\n<p>Retro 1 Dark Mocha-tennarit on valmistettu Vietnamissa korkealaatuisesta aidosta nahasta, jossa yhdistyv\u00e4t mukavuus, kest\u00e4vyys ja moderni muotoilu. Kest\u00e4v\u00e4 pohja tarjoaa mukavuutta p\u00e4ivitt\u00e4iseen k\u00e4ytt\u00f6\u00f6n, ja tummanruskea s\u00e4vy lis\u00e4\u00e4 tyylikk\u00e4\u00e4n korostuksen mihin tahansa lookiin. Retro 1 Dark Mocha-tennarit ovat ihanteellisia k\u00e4velyyn, kaupunkiel\u00e4m\u00e4\u00e4n ja ulkoiluun, ja niiss\u00e4 on korkealaatuiset materiaalit ja tyylik\u00e4s ulkon\u00e4k\u00f6. Tilaa nyt ja korosta ainutlaatuista tyyli\u00e4si.<\/p>\n","protected":false},"excerpt":{"rendered":"<p>Retro 1 Dark Mocha-tennarit on valmistettu Vietnamissa korkealaatuisesta aidosta nahasta, jossa yhdistyv\u00e4t mukavuus, kest\u00e4vyys ja moderni muotoilu. Kest\u00e4v\u00e4 pohja tarjoaa mukavuutta p\u00e4ivitt\u00e4iseen k\u00e4ytt\u00f6\u00f6n, ja tummanruskea s\u00e4vy lis\u00e4\u00e4 tyylikk\u00e4\u00e4n korostuksen mihin tahansa lookiin. Retro 1 Dark Mocha-tennarit ovat ihanteellisia k\u00e4velyyn, kaupunkiel\u00e4m\u00e4\u00e4n ja ulkoiluun, ja niiss\u00e4 on korkealaatuiset materiaalit ja tyylik\u00e4s ulkon\u00e4k\u00f6. Tilaa nyt ja korosta ainutlaatuista tyyli\u00e4si.<\/p>\n","protected":false},"featured_media":626524,"comment_status":"open","ping_status":"open","template":"","meta":[],"product_brand":[],"product_cat":[3199,3318],"product_tag":[],"class_list":{"0":"post-626523","1":"product","2":"type-product","3":"status-publish","4":"has-post-thumbnail","6":"product_cat-all-product","7":"product_cat-kedy","8":"pa_rozmir-910","9":"pa_rozmir-912","10":"pa_rozmir-914","11":"pa_rozmir-915","12":"pa_rozmir-916","13":"pa_rozmir-917","14":"pa_rozmir-918","15":"pa_rozmir-919","16":"pa_rozmir-920","17":"pa_rozmir-921","18":"pa_rozmir-922","20":"first","21":"instock","22":"purchasable","23":"product-type-variable"},"_links":{"self":[{"href":"https:\/\/nextsnkr.com\/fi\/wp-json\/wp\/v2\/product\/626523","targetHints":{"allow":["GET"]}}],"collection":[{"href":"https:\/\/nextsnkr.com\/fi\/wp-json\/wp\/v2\/product"}],"about":[{"href":"https:\/\/nextsnkr.com\/fi\/wp-json\/wp\/v2\/types\/product"}],"replies":[{"embeddable":true,"href":"https:\/\/nextsnkr.com\/fi\/wp-json\/wp\/v2\/comments?post=626523"}],"version-history":[{"count":0,"href":"https:\/\/nextsnkr.com\/fi\/wp-json\/wp\/v2\/product\/626523\/revisions"}],"wp:featuredmedia":[{"embeddable":true,"href":"https:\/\/nextsnkr.com\/fi\/wp-json\/wp\/v2\/media\/626524"}],"wp:attachment":[{"href":"https:\/\/nextsnkr.com\/fi\/wp-json\/wp\/v2\/media?parent=626523"}],"wp:term":[{"taxonomy":"product_brand","embeddable":true,"href":"https:\/\/nextsnkr.com\/fi\/wp-json\/wp\/v2\/product_brand?post=626523"},{"taxonomy":"product_cat","embeddable":true,"href":"https:\/\/nextsnkr.com\/fi\/wp-json\/wp\/v2\/product_cat?post=626523"},{"taxonomy":"product_tag","embeddable":true,"href":"https:\/\/nextsnkr.com\/fi\/wp-json\/wp\/v2\/product_tag?post=626523"}],"curies":[{"name":"wp","href":"https:\/\/api.w.org\/{rel}","templated":true}]}}