{"id":623290,"date":"2025-06-13T09:10:58","date_gmt":"2025-06-13T06:10:58","guid":{"rendered":"https:\/\/nextsnkr.com\/product\/new-balance-550-black\/"},"modified":"2026-01-30T18:47:28","modified_gmt":"2026-01-30T15:47:28","slug":"new-balance-550-black","status":"publish","type":"product","link":"https:\/\/nextsnkr.com\/fi\/tuote\/new-balance-550-black\/","title":{"rendered":"New Balance 550 musta nahka lenkkarit tyylik\u00e4s rento ilme"},"content":{"rendered":"<h2>New Balance 550 musta nahka lenkkarit tyylik\u00e4s rento ilme<\/h2>\n<p>New Balance 550 mustat tennarit on valmistettu korkealaatuisesta nahasta, mik\u00e4 takaa kest\u00e4vyyden, mukavuuden ja modernin tyylin. Musta v\u00e4ri tekee kengist\u00e4 monipuoliset ja ne voidaan helposti yhdist\u00e4\u00e4 mihin tahansa vaatekaappiin. Kest\u00e4v\u00e4 pohja takaa vakauden ja mukavuuden aktiivisen liikkeen aikana, ja New Balance-tuotemerkki vahvistaa materiaalien korkean laadun ja luotettavuuden. Ihanteellinen p\u00e4ivitt\u00e4iseen k\u00e4ytt\u00f6\u00f6n, k\u00e4velyyn ja tyylikk\u00e4\u00e4n ilmeen luomiseen. Tilaa nyt ja korosta ainutlaatuista tyyli\u00e4si.<\/p>\n","protected":false},"excerpt":{"rendered":"<p>New Balance 550 mustat tennarit on valmistettu korkealaatuisesta nahasta, mik\u00e4 takaa kest\u00e4vyyden, mukavuuden ja modernin tyylin. Musta v\u00e4ri tekee kengist\u00e4 monipuoliset ja ne voidaan helposti yhdist\u00e4\u00e4 mihin tahansa vaatekaappiin. Kest\u00e4v\u00e4 pohja takaa vakauden ja mukavuuden aktiivisen liikkeen aikana, ja New Balance-tuotemerkki vahvistaa materiaalien korkean laadun ja luotettavuuden. Ihanteellinen p\u00e4ivitt\u00e4iseen k\u00e4ytt\u00f6\u00f6n, k\u00e4velyyn ja tyylikk\u00e4\u00e4n ilmeen luomiseen. Tilaa nyt ja korosta ainutlaatuista tyyli\u00e4si.<\/p>\n","protected":false},"featured_media":623291,"comment_status":"open","ping_status":"open","template":"","meta":[],"product_brand":[],"product_cat":[3199,3318],"product_tag":[],"class_list":{"0":"post-623290","1":"product","2":"type-product","3":"status-publish","4":"has-post-thumbnail","6":"product_cat-all-product","7":"product_cat-kedy","8":"pa_rozmir-910","9":"pa_rozmir-912","10":"pa_rozmir-914","11":"pa_rozmir-915","12":"pa_rozmir-916","13":"pa_rozmir-917","14":"pa_rozmir-918","15":"pa_rozmir-919","16":"pa_rozmir-920","17":"pa_rozmir-921","18":"pa_rozmir-922","20":"first","21":"onbackorder","22":"purchasable","23":"product-type-variable"},"_links":{"self":[{"href":"https:\/\/nextsnkr.com\/fi\/wp-json\/wp\/v2\/product\/623290","targetHints":{"allow":["GET"]}}],"collection":[{"href":"https:\/\/nextsnkr.com\/fi\/wp-json\/wp\/v2\/product"}],"about":[{"href":"https:\/\/nextsnkr.com\/fi\/wp-json\/wp\/v2\/types\/product"}],"replies":[{"embeddable":true,"href":"https:\/\/nextsnkr.com\/fi\/wp-json\/wp\/v2\/comments?post=623290"}],"version-history":[{"count":0,"href":"https:\/\/nextsnkr.com\/fi\/wp-json\/wp\/v2\/product\/623290\/revisions"}],"wp:featuredmedia":[{"embeddable":true,"href":"https:\/\/nextsnkr.com\/fi\/wp-json\/wp\/v2\/media\/623291"}],"wp:attachment":[{"href":"https:\/\/nextsnkr.com\/fi\/wp-json\/wp\/v2\/media?parent=623290"}],"wp:term":[{"taxonomy":"product_brand","embeddable":true,"href":"https:\/\/nextsnkr.com\/fi\/wp-json\/wp\/v2\/product_brand?post=623290"},{"taxonomy":"product_cat","embeddable":true,"href":"https:\/\/nextsnkr.com\/fi\/wp-json\/wp\/v2\/product_cat?post=623290"},{"taxonomy":"product_tag","embeddable":true,"href":"https:\/\/nextsnkr.com\/fi\/wp-json\/wp\/v2\/product_tag?post=623290"}],"curies":[{"name":"wp","href":"https:\/\/api.w.org\/{rel}","templated":true}]}}