{"id":621148,"date":"2025-06-17T22:07:07","date_gmt":"2025-06-17T19:07:07","guid":{"rendered":"https:\/\/nextsnkr.com\/product\/adidas-yeezy-500-blush\/"},"modified":"2026-01-30T18:46:12","modified_gmt":"2026-01-30T15:46:12","slug":"adidas-yeezy-500-blush","status":"publish","type":"product","link":"https:\/\/nextsnkr.com\/fi\/tuote\/adidas-yeezy-500-blush\/","title":{"rendered":"Adidas Yeezy 500 Poskipuna lenkkarit-nupukkia ja mesh tekstiili"},"content":{"rendered":"<h2>Adidas Yeezy 500 Poskipuna lenkkarit-nupukkia ja mesh tekstiili<\/h2>\n<p>Adidas Yeezy 500 Blush-lenkkareissa yhdistyv\u00e4t nupukki ja hengitt\u00e4v\u00e4 tekstiiliverkko mukavuuden ja kest\u00e4vyyden takaamiseksi. Pehme\u00e4 pehmustettu pohja takaa jokaisen askeleen keveyden, ja tyylik\u00e4s beige s\u00e4vy tekee mallista monipuolisen mihin tahansa lookiin. N\u00e4m\u00e4 Vietnamissa valmistetut Adidas Yeezy 500-lenkkarit ovat ihanteellisia aktiiviseen jokap\u00e4iv\u00e4iseen k\u00e4ytt\u00f6\u00f6n, ja niiss\u00e4 yhdistyv\u00e4t ensiluokkainen laatu, moderni muotoilu ja mukavuus kaupunkiasumiseen.<\/p>\n","protected":false},"excerpt":{"rendered":"<p>Adidas Yeezy 500 Blush-lenkkareissa yhdistyv\u00e4t nupukki ja hengitt\u00e4v\u00e4 tekstiiliverkko mukavuuden ja kest\u00e4vyyden takaamiseksi. Pehme\u00e4 pehmustettu pohja takaa jokaisen askeleen keveyden, ja tyylik\u00e4s beige s\u00e4vy tekee mallista monipuolisen mihin tahansa lookiin. N\u00e4m\u00e4 Vietnamissa valmistetut Adidas Yeezy 500-lenkkarit ovat ihanteellisia aktiiviseen jokap\u00e4iv\u00e4iseen k\u00e4ytt\u00f6\u00f6n, ja niiss\u00e4 yhdistyv\u00e4t ensiluokkainen laatu, moderni muotoilu ja mukavuus kaupunkiasumiseen.<\/p>\n","protected":false},"featured_media":621149,"comment_status":"open","ping_status":"open","template":"","meta":[],"product_brand":[],"product_cat":[3396,3199,3200],"product_tag":[],"class_list":{"0":"post-621148","1":"product","2":"type-product","3":"status-publish","4":"has-post-thumbnail","6":"product_cat-adidas-yeezy","7":"product_cat-all-product","8":"product_cat-krosivky","9":"pa_rozmir-910","10":"pa_rozmir-912","11":"pa_rozmir-914","12":"pa_rozmir-915","13":"pa_rozmir-916","14":"pa_rozmir-917","15":"pa_rozmir-918","16":"pa_rozmir-919","17":"pa_rozmir-920","18":"pa_rozmir-921","19":"pa_rozmir-922","21":"first","22":"onbackorder","23":"purchasable","24":"product-type-variable"},"_links":{"self":[{"href":"https:\/\/nextsnkr.com\/fi\/wp-json\/wp\/v2\/product\/621148","targetHints":{"allow":["GET"]}}],"collection":[{"href":"https:\/\/nextsnkr.com\/fi\/wp-json\/wp\/v2\/product"}],"about":[{"href":"https:\/\/nextsnkr.com\/fi\/wp-json\/wp\/v2\/types\/product"}],"replies":[{"embeddable":true,"href":"https:\/\/nextsnkr.com\/fi\/wp-json\/wp\/v2\/comments?post=621148"}],"version-history":[{"count":0,"href":"https:\/\/nextsnkr.com\/fi\/wp-json\/wp\/v2\/product\/621148\/revisions"}],"wp:featuredmedia":[{"embeddable":true,"href":"https:\/\/nextsnkr.com\/fi\/wp-json\/wp\/v2\/media\/621149"}],"wp:attachment":[{"href":"https:\/\/nextsnkr.com\/fi\/wp-json\/wp\/v2\/media?parent=621148"}],"wp:term":[{"taxonomy":"product_brand","embeddable":true,"href":"https:\/\/nextsnkr.com\/fi\/wp-json\/wp\/v2\/product_brand?post=621148"},{"taxonomy":"product_cat","embeddable":true,"href":"https:\/\/nextsnkr.com\/fi\/wp-json\/wp\/v2\/product_cat?post=621148"},{"taxonomy":"product_tag","embeddable":true,"href":"https:\/\/nextsnkr.com\/fi\/wp-json\/wp\/v2\/product_tag?post=621148"}],"curies":[{"name":"wp","href":"https:\/\/api.w.org\/{rel}","templated":true}]}}