{"id":620978,"date":"2025-06-17T22:07:58","date_gmt":"2025-06-17T19:07:58","guid":{"rendered":"https:\/\/nextsnkr.com\/product\/winter-nike-m2k-tekno\/"},"modified":"2026-01-30T18:46:07","modified_gmt":"2026-01-30T15:46:07","slug":"winter-nike-m2k-tekno","status":"publish","type":"product","link":"https:\/\/nextsnkr.com\/fi\/tuote\/winter-nike-m2k-tekno\/","title":{"rendered":"Talvi Nike m2K Tekno sneakers-tyylikk\u00e4\u00e4t miesten talvikeng\u00e4t"},"content":{"rendered":"<h2>Talvi Nike m2K Tekno sneakers-tyylikk\u00e4\u00e4t miesten talvikeng\u00e4t<\/h2>\n<p>Talvi Nike m2K Tekno lenkkarit yhdist\u00e4v\u00e4t modernin muotoilun ja mukavuuden p\u00e4ivitt\u00e4iseen k\u00e4ytt\u00f6\u00f6n kylm\u00e4n\u00e4 vuodenaikana. Kest\u00e4v\u00e4 ulkopohja tarjoaa vakautta ja iskunvaimennusta, kun taas laadukkaat materiaalit takaavat kest\u00e4vyyden ja k\u00e4yt\u00e4nn\u00f6llisyyden. Nike tuotemerkin malli sopii kaupunkityyliin, ulkoiluun ja jokap\u00e4iv\u00e4iseen k\u00e4ytt\u00f6\u00f6n, korostaen Premium tyyli\u00e4 ja persoonallisuuttak\u00e4ytt\u00e4j\u00e4n. Tennareiden talviversio tarjoaa l\u00e4mp\u00f6\u00e4 ja mukavuutta viile\u00e4ll\u00e4kin s\u00e4\u00e4ll\u00e4.<\/p>\n","protected":false},"excerpt":{"rendered":"<p>Talvi Nike m2K Tekno lenkkarit yhdist\u00e4v\u00e4t modernin muotoilun ja mukavuuden p\u00e4ivitt\u00e4iseen k\u00e4ytt\u00f6\u00f6n kylm\u00e4n\u00e4 vuodenaikana. Kest\u00e4v\u00e4 ulkopohja tarjoaa vakautta ja iskunvaimennusta, kun taas laadukkaat materiaalit takaavat kest\u00e4vyyden ja k\u00e4yt\u00e4nn\u00f6llisyyden. Nike tuotemerkin malli sopii kaupunkityyliin, ulkoiluun ja jokap\u00e4iv\u00e4iseen k\u00e4ytt\u00f6\u00f6n, korostaen Premium tyyli\u00e4 ja persoonallisuuttak\u00e4ytt\u00e4j\u00e4n. Tennareiden talviversio tarjoaa l\u00e4mp\u00f6\u00e4 ja mukavuutta viile\u00e4ll\u00e4kin s\u00e4\u00e4ll\u00e4.<\/p>\n","protected":false},"featured_media":620979,"comment_status":"open","ping_status":"open","template":"","meta":[],"product_brand":[],"product_cat":[3199,3200],"product_tag":[],"class_list":{"0":"post-620978","1":"product","2":"type-product","3":"status-publish","4":"has-post-thumbnail","6":"product_cat-all-product","7":"product_cat-krosivky","8":"pa_rozmir-910","9":"pa_rozmir-912","10":"pa_rozmir-914","11":"pa_rozmir-915","12":"pa_rozmir-916","13":"pa_rozmir-917","14":"pa_rozmir-918","15":"pa_rozmir-919","16":"pa_rozmir-920","17":"pa_rozmir-921","18":"pa_rozmir-922","20":"first","21":"onbackorder","22":"purchasable","23":"product-type-variable"},"_links":{"self":[{"href":"https:\/\/nextsnkr.com\/fi\/wp-json\/wp\/v2\/product\/620978","targetHints":{"allow":["GET"]}}],"collection":[{"href":"https:\/\/nextsnkr.com\/fi\/wp-json\/wp\/v2\/product"}],"about":[{"href":"https:\/\/nextsnkr.com\/fi\/wp-json\/wp\/v2\/types\/product"}],"replies":[{"embeddable":true,"href":"https:\/\/nextsnkr.com\/fi\/wp-json\/wp\/v2\/comments?post=620978"}],"version-history":[{"count":0,"href":"https:\/\/nextsnkr.com\/fi\/wp-json\/wp\/v2\/product\/620978\/revisions"}],"wp:featuredmedia":[{"embeddable":true,"href":"https:\/\/nextsnkr.com\/fi\/wp-json\/wp\/v2\/media\/620979"}],"wp:attachment":[{"href":"https:\/\/nextsnkr.com\/fi\/wp-json\/wp\/v2\/media?parent=620978"}],"wp:term":[{"taxonomy":"product_brand","embeddable":true,"href":"https:\/\/nextsnkr.com\/fi\/wp-json\/wp\/v2\/product_brand?post=620978"},{"taxonomy":"product_cat","embeddable":true,"href":"https:\/\/nextsnkr.com\/fi\/wp-json\/wp\/v2\/product_cat?post=620978"},{"taxonomy":"product_tag","embeddable":true,"href":"https:\/\/nextsnkr.com\/fi\/wp-json\/wp\/v2\/product_tag?post=620978"}],"curies":[{"name":"wp","href":"https:\/\/api.w.org\/{rel}","templated":true}]}}