{"id":620808,"date":"2025-06-17T22:08:48","date_gmt":"2025-06-17T19:08:48","guid":{"rendered":"https:\/\/nextsnkr.com\/product\/nike-air-max-tn-black\/"},"modified":"2026-01-30T18:46:03","modified_gmt":"2026-01-30T15:46:03","slug":"nike-air-max-tn-black","status":"publish","type":"product","link":"https:\/\/nextsnkr.com\/fi\/tuote\/nike-air-max-tn-black\/","title":{"rendered":"Nike Air Max tn + mustat tennarit-Tekstiili miesten kev\u00e4t-syksy"},"content":{"rendered":"<h2>Nike Air Max tn + mustat tennarit-Tekstiili miesten kev\u00e4t-syksy<\/h2>\n<p>Nike Air Max tn + mustat lenkkarit ovat tyylikk\u00e4\u00e4t miesten demi-season keng\u00e4t, jotka on valmistettu tekstiiliverkosta ja nahasta, jotka tarjoavat ilmanvaihtoa ja mukavuutta koko p\u00e4iv\u00e4n. Iskuja vaimentava pohja ilmakammiolla takaa jalan keveyden ja tuen k\u00e4velyn tai harjoittelun aikana. Tukeva rakenne ja Nike box vahvistavat br\u00e4ndin omaper\u00e4isyyden ja laadun. T\u00e4ydellinen valinta p\u00e4ivitt\u00e4iseen k\u00e4ytt\u00f6\u00f6n ja ulkoiluun, jossa yhdistyv\u00e4t tyyli, toiminnallisuus ja kest\u00e4vyys.<\/p>\n","protected":false},"excerpt":{"rendered":"<p>Nike Air Max tn + mustat lenkkarit ovat tyylikk\u00e4\u00e4t miesten demi-season keng\u00e4t, jotka on valmistettu tekstiiliverkosta ja nahasta, jotka tarjoavat ilmanvaihtoa ja mukavuutta koko p\u00e4iv\u00e4n. Iskuja vaimentava pohja ilmakammiolla takaa jalan keveyden ja tuen k\u00e4velyn tai harjoittelun aikana. Tukeva rakenne ja Nike box vahvistavat br\u00e4ndin omaper\u00e4isyyden ja laadun. T\u00e4ydellinen valinta p\u00e4ivitt\u00e4iseen k\u00e4ytt\u00f6\u00f6n ja ulkoiluun, jossa yhdistyv\u00e4t tyyli, toiminnallisuus ja kest\u00e4vyys.<\/p>\n","protected":false},"featured_media":620809,"comment_status":"open","ping_status":"open","template":"","meta":[],"product_brand":[],"product_cat":[3199,3200],"product_tag":[],"class_list":{"0":"post-620808","1":"product","2":"type-product","3":"status-publish","4":"has-post-thumbnail","6":"product_cat-all-product","7":"product_cat-krosivky","8":"pa_rozmir-910","9":"pa_rozmir-912","10":"pa_rozmir-914","11":"pa_rozmir-915","12":"pa_rozmir-916","13":"pa_rozmir-917","14":"pa_rozmir-918","15":"pa_rozmir-919","16":"pa_rozmir-920","17":"pa_rozmir-921","18":"pa_rozmir-922","20":"first","21":"instock","22":"purchasable","23":"product-type-variable"},"_links":{"self":[{"href":"https:\/\/nextsnkr.com\/fi\/wp-json\/wp\/v2\/product\/620808","targetHints":{"allow":["GET"]}}],"collection":[{"href":"https:\/\/nextsnkr.com\/fi\/wp-json\/wp\/v2\/product"}],"about":[{"href":"https:\/\/nextsnkr.com\/fi\/wp-json\/wp\/v2\/types\/product"}],"replies":[{"embeddable":true,"href":"https:\/\/nextsnkr.com\/fi\/wp-json\/wp\/v2\/comments?post=620808"}],"version-history":[{"count":0,"href":"https:\/\/nextsnkr.com\/fi\/wp-json\/wp\/v2\/product\/620808\/revisions"}],"wp:featuredmedia":[{"embeddable":true,"href":"https:\/\/nextsnkr.com\/fi\/wp-json\/wp\/v2\/media\/620809"}],"wp:attachment":[{"href":"https:\/\/nextsnkr.com\/fi\/wp-json\/wp\/v2\/media?parent=620808"}],"wp:term":[{"taxonomy":"product_brand","embeddable":true,"href":"https:\/\/nextsnkr.com\/fi\/wp-json\/wp\/v2\/product_brand?post=620808"},{"taxonomy":"product_cat","embeddable":true,"href":"https:\/\/nextsnkr.com\/fi\/wp-json\/wp\/v2\/product_cat?post=620808"},{"taxonomy":"product_tag","embeddable":true,"href":"https:\/\/nextsnkr.com\/fi\/wp-json\/wp\/v2\/product_tag?post=620808"}],"curies":[{"name":"wp","href":"https:\/\/api.w.org\/{rel}","templated":true}]}}