{"id":618591,"date":"2025-06-17T22:20:03","date_gmt":"2025-06-17T19:20:03","guid":{"rendered":"https:\/\/nextsnkr.com\/product\/nike-air-max-plus-utility-black-metallic-silver\/"},"modified":"2026-01-30T18:44:49","modified_gmt":"2026-01-30T15:44:49","slug":"nike-air-max-plus-utility-black-metallic-silver","status":"publish","type":"product","link":"https:\/\/nextsnkr.com\/fi\/tuote\/nike-air-max-plus-utility-black-metallic-silver\/","title":{"rendered":"Nike Air Max Plus Utility mustat metalliset hopeiset tennarit-nahka ja Tekstiili"},"content":{"rendered":"<h2>Nike Air Max Plus Utility mustat metalliset hopeiset tennarit-nahka ja Tekstiili<\/h2>\n<p>Nike Air Max Plus Utility Black Metallic Silver on tyylik\u00e4s lenkkari valmistettu korkealaatuisesta nahasta ja tekstiileist\u00e4, joissa yhdistyv\u00e4t mukavuus, kest\u00e4vyys ja moderni muotoilu. Musta metallihopealla s\u00e4vyll\u00e4 tekee mallista monipuolisen ja her\u00e4tt\u00e4\u00e4 huomiota. Tehdas Vietnamissa valmistetuissa lenkkareissa on kest\u00e4v\u00e4 pohja, Air Max-Iskunvaimennusj\u00e4rjestelm\u00e4 ja mukava istuvuus jalassa. T\u00e4ydellinen valinta aktiiviseen el\u00e4m\u00e4ntapaan, k\u00e4velyyn ja tyylikk\u00e4\u00e4n ilmeen luomiseen mukavuudella ja korkealaatuisella Nike-tuotemerkill\u00e4.<\/p>\n","protected":false},"excerpt":{"rendered":"<p>Nike Air Max Plus Utility Black Metallic Silver on tyylik\u00e4s lenkkari valmistettu korkealaatuisesta nahasta ja tekstiileist\u00e4, joissa yhdistyv\u00e4t mukavuus, kest\u00e4vyys ja moderni muotoilu. Musta metallihopealla s\u00e4vyll\u00e4 tekee mallista monipuolisen ja her\u00e4tt\u00e4\u00e4 huomiota. Tehdas Vietnamissa valmistetuissa lenkkareissa on kest\u00e4v\u00e4 pohja, Air Max-Iskunvaimennusj\u00e4rjestelm\u00e4 ja mukava istuvuus jalassa. T\u00e4ydellinen valinta aktiiviseen el\u00e4m\u00e4ntapaan, k\u00e4velyyn ja tyylikk\u00e4\u00e4n ilmeen luomiseen mukavuudella ja korkealaatuisella Nike-tuotemerkill\u00e4.<\/p>\n","protected":false},"featured_media":618592,"comment_status":"open","ping_status":"open","template":"","meta":[],"product_brand":[],"product_cat":[3199,3200],"product_tag":[],"class_list":{"0":"post-618591","1":"product","2":"type-product","3":"status-publish","4":"has-post-thumbnail","6":"product_cat-all-product","7":"product_cat-krosivky","8":"pa_rozmir-910","9":"pa_rozmir-912","10":"pa_rozmir-914","11":"pa_rozmir-915","12":"pa_rozmir-916","13":"pa_rozmir-917","14":"pa_rozmir-918","15":"pa_rozmir-919","16":"pa_rozmir-920","17":"pa_rozmir-921","18":"pa_rozmir-922","20":"first","21":"onbackorder","22":"purchasable","23":"product-type-variable"},"_links":{"self":[{"href":"https:\/\/nextsnkr.com\/fi\/wp-json\/wp\/v2\/product\/618591","targetHints":{"allow":["GET"]}}],"collection":[{"href":"https:\/\/nextsnkr.com\/fi\/wp-json\/wp\/v2\/product"}],"about":[{"href":"https:\/\/nextsnkr.com\/fi\/wp-json\/wp\/v2\/types\/product"}],"replies":[{"embeddable":true,"href":"https:\/\/nextsnkr.com\/fi\/wp-json\/wp\/v2\/comments?post=618591"}],"version-history":[{"count":0,"href":"https:\/\/nextsnkr.com\/fi\/wp-json\/wp\/v2\/product\/618591\/revisions"}],"wp:featuredmedia":[{"embeddable":true,"href":"https:\/\/nextsnkr.com\/fi\/wp-json\/wp\/v2\/media\/618592"}],"wp:attachment":[{"href":"https:\/\/nextsnkr.com\/fi\/wp-json\/wp\/v2\/media?parent=618591"}],"wp:term":[{"taxonomy":"product_brand","embeddable":true,"href":"https:\/\/nextsnkr.com\/fi\/wp-json\/wp\/v2\/product_brand?post=618591"},{"taxonomy":"product_cat","embeddable":true,"href":"https:\/\/nextsnkr.com\/fi\/wp-json\/wp\/v2\/product_cat?post=618591"},{"taxonomy":"product_tag","embeddable":true,"href":"https:\/\/nextsnkr.com\/fi\/wp-json\/wp\/v2\/product_tag?post=618591"}],"curies":[{"name":"wp","href":"https:\/\/api.w.org\/{rel}","templated":true}]}}