{"id":617237,"date":"2025-06-17T22:26:59","date_gmt":"2025-06-17T19:26:59","guid":{"rendered":"https:\/\/nextsnkr.com\/product\/nike-air-max-plus-black-double-swoosh\/"},"modified":"2026-01-30T18:44:13","modified_gmt":"2026-01-30T15:44:13","slug":"nike-air-max-plus-black-double-swoosh","status":"publish","type":"product","link":"https:\/\/nextsnkr.com\/fi\/tuote\/nike-air-max-plus-black-double-swoosh\/","title":{"rendered":"Nike Air Max Plus Mustat kaksinkertaiset Swoosh-tennarit-nahkaa ja tekstiili\u00e4"},"content":{"rendered":"<h2>Nike Air Max Plus Mustat kaksinkertaiset Swoosh-tennarit-nahkaa ja tekstiili\u00e4<\/h2>\n<p>Nike Air Max Plus Black Double Swoosh tennarit yhdist\u00e4v\u00e4t luonnollisen nahan ja tekstiilit, jotka tarjoavat mukavuutta, kest\u00e4vyytt\u00e4 ja tyylikk\u00e4\u00e4n ilmeen. Ylim\u00e4\u00e4r\u00e4inen kaksinkertainen Swoosh-logo korostaa ainutlaatuista muotoilua ja tekee mallista erottuvan miss\u00e4 tahansa ulkoasussa. Kest\u00e4v\u00e4 iskunvaimennuspohja takaa mukavuuden p\u00e4ivitt\u00e4isess\u00e4 k\u00e4yt\u00f6ss\u00e4, ja tuotanto Vietnamissa vahvistaa Nike-br\u00e4ndin korkean laadun. Ihanteellinen urbaaniin tyyliin ja aktiiviseen el\u00e4m\u00e4ntapaan, n\u00e4iss\u00e4 tennareissa yhdistyv\u00e4t tyyli, mukavuus ja k\u00e4yt\u00e4nn\u00f6llisyys.<\/p>\n","protected":false},"excerpt":{"rendered":"<p>Nike Air Max Plus Black Double Swoosh tennarit yhdist\u00e4v\u00e4t luonnollisen nahan ja tekstiilit, jotka tarjoavat mukavuutta, kest\u00e4vyytt\u00e4 ja tyylikk\u00e4\u00e4n ilmeen. Ylim\u00e4\u00e4r\u00e4inen kaksinkertainen Swoosh-logo korostaa ainutlaatuista muotoilua ja tekee mallista erottuvan miss\u00e4 tahansa ulkoasussa. Kest\u00e4v\u00e4 iskunvaimennuspohja takaa mukavuuden p\u00e4ivitt\u00e4isess\u00e4 k\u00e4yt\u00f6ss\u00e4, ja tuotanto Vietnamissa vahvistaa Nike-br\u00e4ndin korkean laadun. Ihanteellinen urbaaniin tyyliin ja aktiiviseen el\u00e4m\u00e4ntapaan, n\u00e4iss\u00e4 tennareissa yhdistyv\u00e4t tyyli, mukavuus ja k\u00e4yt\u00e4nn\u00f6llisyys.<\/p>\n","protected":false},"featured_media":617238,"comment_status":"open","ping_status":"open","template":"","meta":[],"product_brand":[],"product_cat":[3199,3200],"product_tag":[],"class_list":{"0":"post-617237","1":"product","2":"type-product","3":"status-publish","4":"has-post-thumbnail","6":"product_cat-all-product","7":"product_cat-krosivky","8":"pa_rozmir-910","9":"pa_rozmir-912","10":"pa_rozmir-914","11":"pa_rozmir-915","12":"pa_rozmir-916","13":"pa_rozmir-917","14":"pa_rozmir-918","15":"pa_rozmir-919","16":"pa_rozmir-920","17":"pa_rozmir-921","18":"pa_rozmir-922","20":"first","21":"onbackorder","22":"purchasable","23":"product-type-variable"},"_links":{"self":[{"href":"https:\/\/nextsnkr.com\/fi\/wp-json\/wp\/v2\/product\/617237","targetHints":{"allow":["GET"]}}],"collection":[{"href":"https:\/\/nextsnkr.com\/fi\/wp-json\/wp\/v2\/product"}],"about":[{"href":"https:\/\/nextsnkr.com\/fi\/wp-json\/wp\/v2\/types\/product"}],"replies":[{"embeddable":true,"href":"https:\/\/nextsnkr.com\/fi\/wp-json\/wp\/v2\/comments?post=617237"}],"version-history":[{"count":0,"href":"https:\/\/nextsnkr.com\/fi\/wp-json\/wp\/v2\/product\/617237\/revisions"}],"wp:featuredmedia":[{"embeddable":true,"href":"https:\/\/nextsnkr.com\/fi\/wp-json\/wp\/v2\/media\/617238"}],"wp:attachment":[{"href":"https:\/\/nextsnkr.com\/fi\/wp-json\/wp\/v2\/media?parent=617237"}],"wp:term":[{"taxonomy":"product_brand","embeddable":true,"href":"https:\/\/nextsnkr.com\/fi\/wp-json\/wp\/v2\/product_brand?post=617237"},{"taxonomy":"product_cat","embeddable":true,"href":"https:\/\/nextsnkr.com\/fi\/wp-json\/wp\/v2\/product_cat?post=617237"},{"taxonomy":"product_tag","embeddable":true,"href":"https:\/\/nextsnkr.com\/fi\/wp-json\/wp\/v2\/product_tag?post=617237"}],"curies":[{"name":"wp","href":"https:\/\/api.w.org\/{rel}","templated":true}]}}