{"id":615379,"date":"2025-06-17T22:52:41","date_gmt":"2025-06-17T19:52:41","guid":{"rendered":"https:\/\/nextsnkr.com\/product\/muzhskoe-bele-champion-grey\/"},"modified":"2026-01-30T18:43:00","modified_gmt":"2026-01-30T15:43:00","slug":"muzhskoe-bele-champion-grey","status":"publish","type":"product","link":"https:\/\/nextsnkr.com\/fi\/tuote\/muzhskoe-bele-champion-grey\/","title":{"rendered":"Miesten alusvaatteet CHAMPION Harmaa Puuvilla \/ spandex mukava"},"content":{"rendered":"<h2>Miesten alusvaatteet CHAMPION Harmaa Puuvilla \/ spandex mukava<\/h2>\n<p>CHAMPION Grey miesten alusvaatteet on valmistettu korkealaatuisesta 95% puuvillan ja 5% elastaanin yhdistelm\u00e4st\u00e4, joka tarjoaa mukavuutta, joustavuutta ja kest\u00e4vyytt\u00e4. Saatavilla olevat koot S-XXL sopivat eri vartalotyypeille. Pehme\u00e4 materiaali hengitt\u00e4\u00e4, ei rajoita liikkumista ja yll\u00e4pit\u00e4\u00e4 mukavuutta koko p\u00e4iv\u00e4n. Ihanteellinen valinta p\u00e4ivitt\u00e4iseen k\u00e4ytt\u00f6\u00f6n, urheiluun ja aktiiviseen el\u00e4m\u00e4ntapaan, siin\u00e4 yhdistyv\u00e4t CHAMPION-br\u00e4ndin ensiluokkainen laatu ja moderni tyyli.<\/p>\n","protected":false},"excerpt":{"rendered":"<p>CHAMPION Grey miesten alusvaatteet on valmistettu korkealaatuisesta 95% puuvillan ja 5% elastaanin yhdistelm\u00e4st\u00e4, joka tarjoaa mukavuutta, joustavuutta ja kest\u00e4vyytt\u00e4. Saatavilla olevat koot S-XXL sopivat eri vartalotyypeille. Pehme\u00e4 materiaali hengitt\u00e4\u00e4, ei rajoita liikkumista ja yll\u00e4pit\u00e4\u00e4 mukavuutta koko p\u00e4iv\u00e4n. Ihanteellinen valinta p\u00e4ivitt\u00e4iseen k\u00e4ytt\u00f6\u00f6n, urheiluun ja aktiiviseen el\u00e4m\u00e4ntapaan, siin\u00e4 yhdistyv\u00e4t CHAMPION-br\u00e4ndin ensiluokkainen laatu ja moderni tyyli.<\/p>\n","protected":false},"featured_media":615380,"comment_status":"open","ping_status":"open","template":"","meta":[],"product_brand":[],"product_cat":[3199,3527],"product_tag":[],"class_list":{"0":"post-615379","1":"product","2":"type-product","3":"status-publish","4":"has-post-thumbnail","6":"product_cat-all-product","7":"product_cat-cholovicha-bilyzna","8":"pa_rozmir-s","9":"pa_rozmir-m","10":"pa_rozmir-l","11":"pa_rozmir-xl","12":"pa_rozmir-xxl","14":"first","15":"onbackorder","16":"purchasable","17":"product-type-variable"},"_links":{"self":[{"href":"https:\/\/nextsnkr.com\/fi\/wp-json\/wp\/v2\/product\/615379","targetHints":{"allow":["GET"]}}],"collection":[{"href":"https:\/\/nextsnkr.com\/fi\/wp-json\/wp\/v2\/product"}],"about":[{"href":"https:\/\/nextsnkr.com\/fi\/wp-json\/wp\/v2\/types\/product"}],"replies":[{"embeddable":true,"href":"https:\/\/nextsnkr.com\/fi\/wp-json\/wp\/v2\/comments?post=615379"}],"version-history":[{"count":0,"href":"https:\/\/nextsnkr.com\/fi\/wp-json\/wp\/v2\/product\/615379\/revisions"}],"wp:featuredmedia":[{"embeddable":true,"href":"https:\/\/nextsnkr.com\/fi\/wp-json\/wp\/v2\/media\/615380"}],"wp:attachment":[{"href":"https:\/\/nextsnkr.com\/fi\/wp-json\/wp\/v2\/media?parent=615379"}],"wp:term":[{"taxonomy":"product_brand","embeddable":true,"href":"https:\/\/nextsnkr.com\/fi\/wp-json\/wp\/v2\/product_brand?post=615379"},{"taxonomy":"product_cat","embeddable":true,"href":"https:\/\/nextsnkr.com\/fi\/wp-json\/wp\/v2\/product_cat?post=615379"},{"taxonomy":"product_tag","embeddable":true,"href":"https:\/\/nextsnkr.com\/fi\/wp-json\/wp\/v2\/product_tag?post=615379"}],"curies":[{"name":"wp","href":"https:\/\/api.w.org\/{rel}","templated":true}]}}