{"id":615105,"date":"2025-06-17T22:53:53","date_gmt":"2025-06-17T19:53:53","guid":{"rendered":"https:\/\/nextsnkr.com\/product\/zhenskoe-bele-calvin-klein-black\/"},"modified":"2026-01-30T18:42:46","modified_gmt":"2026-01-30T15:42:46","slug":"zhenskoe-bele-calvin-klein-black","status":"publish","type":"product","link":"https:\/\/nextsnkr.com\/fi\/tuote\/zhenskoe-bele-calvin-klein-black\/","title":{"rendered":"Calvin Klein mustat naisten alusvaatteet-mukava puuvilla ja elastaani"},"content":{"rendered":"<h2>Calvin Klein mustat naisten alusvaatteet-mukava puuvilla ja elastaani<\/h2>\n<p>Calvin Klein mustat naisten alusvaatteet on valmistettu korkealaatuisesta puuvillan ja elastaanin yhdistelm\u00e4st\u00e4 (95%\/5%), joka tarjoaa pehmeytt\u00e4, joustavuutta ja mukavuutta koko p\u00e4iv\u00e4n ajan. Tyylik\u00e4s musta v\u00e4ri korostaa setin eleganssia ja monipuolisuutta, kun taas harkittu leikkaus ja laadukkaat saumat takaavat t\u00e4ydellisen istuvuuden kokoihin M, L, XL. t\u00e4ydellinen valinta niille, jotka arvostavat Calvin Klein-br\u00e4ndi\u00e4 ja mukavuuden ja modernin muotoilun yhdistelm\u00e4\u00e4 rentoissa alusvaatteissa.<\/p>\n","protected":false},"excerpt":{"rendered":"<p>Calvin Klein mustat naisten alusvaatteet on valmistettu korkealaatuisesta puuvillan ja elastaanin yhdistelm\u00e4st\u00e4 (95%\/5%), joka tarjoaa pehmeytt\u00e4, joustavuutta ja mukavuutta koko p\u00e4iv\u00e4n ajan. Tyylik\u00e4s musta v\u00e4ri korostaa setin eleganssia ja monipuolisuutta, kun taas harkittu leikkaus ja laadukkaat saumat takaavat t\u00e4ydellisen istuvuuden kokoihin M, L, XL. t\u00e4ydellinen valinta niille, jotka arvostavat Calvin Klein-br\u00e4ndi\u00e4 ja mukavuuden ja modernin muotoilun yhdistelm\u00e4\u00e4 rentoissa alusvaatteissa.<\/p>\n","protected":false},"featured_media":615106,"comment_status":"open","ping_status":"open","template":"","meta":[],"product_brand":[],"product_cat":[3199],"product_tag":[],"class_list":{"0":"post-615105","1":"product","2":"type-product","3":"status-publish","4":"has-post-thumbnail","6":"product_cat-all-product","7":"pa_rozmir-s","8":"pa_rozmir-m","9":"pa_rozmir-l","10":"pa_rozmir-xl","11":"pa_rozmir-xxl","13":"first","14":"onbackorder","15":"purchasable","16":"product-type-variable"},"_links":{"self":[{"href":"https:\/\/nextsnkr.com\/fi\/wp-json\/wp\/v2\/product\/615105","targetHints":{"allow":["GET"]}}],"collection":[{"href":"https:\/\/nextsnkr.com\/fi\/wp-json\/wp\/v2\/product"}],"about":[{"href":"https:\/\/nextsnkr.com\/fi\/wp-json\/wp\/v2\/types\/product"}],"replies":[{"embeddable":true,"href":"https:\/\/nextsnkr.com\/fi\/wp-json\/wp\/v2\/comments?post=615105"}],"version-history":[{"count":0,"href":"https:\/\/nextsnkr.com\/fi\/wp-json\/wp\/v2\/product\/615105\/revisions"}],"wp:featuredmedia":[{"embeddable":true,"href":"https:\/\/nextsnkr.com\/fi\/wp-json\/wp\/v2\/media\/615106"}],"wp:attachment":[{"href":"https:\/\/nextsnkr.com\/fi\/wp-json\/wp\/v2\/media?parent=615105"}],"wp:term":[{"taxonomy":"product_brand","embeddable":true,"href":"https:\/\/nextsnkr.com\/fi\/wp-json\/wp\/v2\/product_brand?post=615105"},{"taxonomy":"product_cat","embeddable":true,"href":"https:\/\/nextsnkr.com\/fi\/wp-json\/wp\/v2\/product_cat?post=615105"},{"taxonomy":"product_tag","embeddable":true,"href":"https:\/\/nextsnkr.com\/fi\/wp-json\/wp\/v2\/product_tag?post=615105"}],"curies":[{"name":"wp","href":"https:\/\/api.w.org\/{rel}","templated":true}]}}