{"id":614790,"date":"2025-06-17T22:54:46","date_gmt":"2025-06-17T19:54:46","guid":{"rendered":"https:\/\/nextsnkr.com\/product\/komplekt-calvin-klein-grey\/"},"modified":"2026-01-30T18:42:37","modified_gmt":"2026-01-30T15:42:37","slug":"komplekt-calvin-klein-grey","status":"publish","type":"product","link":"https:\/\/nextsnkr.com\/fi\/tuote\/komplekt-calvin-klein-grey\/","title":{"rendered":"Calvin Klein harmaa alusvaatesetti puuvillaa ja elastaania"},"content":{"rendered":"<h2>Calvin Klein harmaa alusvaatesetti puuvillaa ja elastaania<\/h2>\n<p>Calvin Klein Grey on tyylik\u00e4s naisten alusvaatesetti, joka on valmistettu korkealaatuisesta kankaasta: 93% puuvillaa ja 7% elastaania, mik\u00e4 tarjoaa mukavuutta, joustavuutta ja hell\u00e4varaisen istuvuuden vartalolle. T\u00e4ydellinen p\u00e4ivitt\u00e4iseen k\u00e4ytt\u00f6\u00f6n ja mukavan ilmeen luomiseen. Luonnonmateriaalit hengitt\u00e4v\u00e4t, yll\u00e4pit\u00e4v\u00e4t hygieniaa ja antavat pehmeytt\u00e4 kosketukseen. Saatavilla olevat koot S, M, L, valmistettu Egyptiss\u00e4. Valitse Calvin Klein Grey yhdist\u00e4\u00e4ksesi tyylin, mukavuuden ja laadun.<\/p>\n","protected":false},"excerpt":{"rendered":"<p>Calvin Klein Grey on tyylik\u00e4s naisten alusvaatesetti, joka on valmistettu korkealaatuisesta kankaasta: 93% puuvillaa ja 7% elastaania, mik\u00e4 tarjoaa mukavuutta, joustavuutta ja hell\u00e4varaisen istuvuuden vartalolle. T\u00e4ydellinen p\u00e4ivitt\u00e4iseen k\u00e4ytt\u00f6\u00f6n ja mukavan ilmeen luomiseen. Luonnonmateriaalit hengitt\u00e4v\u00e4t, yll\u00e4pit\u00e4v\u00e4t hygieniaa ja antavat pehmeytt\u00e4 kosketukseen. Saatavilla olevat koot S, M, L, valmistettu Egyptiss\u00e4. Valitse Calvin Klein Grey yhdist\u00e4\u00e4ksesi tyylin, mukavuuden ja laadun.<\/p>\n","protected":false},"featured_media":614791,"comment_status":"open","ping_status":"open","template":"","meta":[],"product_brand":[],"product_cat":[3199],"product_tag":[],"class_list":{"0":"post-614790","1":"product","2":"type-product","3":"status-publish","4":"has-post-thumbnail","6":"product_cat-all-product","7":"pa_rozmir-s","8":"pa_rozmir-m","9":"pa_rozmir-l","10":"pa_rozmir-xl","11":"pa_rozmir-xxl","13":"first","14":"instock","15":"purchasable","16":"product-type-variable"},"_links":{"self":[{"href":"https:\/\/nextsnkr.com\/fi\/wp-json\/wp\/v2\/product\/614790","targetHints":{"allow":["GET"]}}],"collection":[{"href":"https:\/\/nextsnkr.com\/fi\/wp-json\/wp\/v2\/product"}],"about":[{"href":"https:\/\/nextsnkr.com\/fi\/wp-json\/wp\/v2\/types\/product"}],"replies":[{"embeddable":true,"href":"https:\/\/nextsnkr.com\/fi\/wp-json\/wp\/v2\/comments?post=614790"}],"version-history":[{"count":0,"href":"https:\/\/nextsnkr.com\/fi\/wp-json\/wp\/v2\/product\/614790\/revisions"}],"wp:featuredmedia":[{"embeddable":true,"href":"https:\/\/nextsnkr.com\/fi\/wp-json\/wp\/v2\/media\/614791"}],"wp:attachment":[{"href":"https:\/\/nextsnkr.com\/fi\/wp-json\/wp\/v2\/media?parent=614790"}],"wp:term":[{"taxonomy":"product_brand","embeddable":true,"href":"https:\/\/nextsnkr.com\/fi\/wp-json\/wp\/v2\/product_brand?post=614790"},{"taxonomy":"product_cat","embeddable":true,"href":"https:\/\/nextsnkr.com\/fi\/wp-json\/wp\/v2\/product_cat?post=614790"},{"taxonomy":"product_tag","embeddable":true,"href":"https:\/\/nextsnkr.com\/fi\/wp-json\/wp\/v2\/product_tag?post=614790"}],"curies":[{"name":"wp","href":"https:\/\/api.w.org\/{rel}","templated":true}]}}