{"id":614719,"date":"2025-06-14T15:44:52","date_gmt":"2025-06-14T12:44:52","guid":{"rendered":"https:\/\/nextsnkr.com\/product\/hermes-oran-jeans\/"},"modified":"2026-01-30T18:42:33","modified_gmt":"2026-01-30T15:42:33","slug":"hermes-oran-jeans","status":"publish","type":"product","link":"https:\/\/nextsnkr.com\/fi\/tuote\/hermes-oran-jeans\/","title":{"rendered":"Hermes Oran Jeans tossut-tyylikk\u00e4\u00e4t tekstiili varvastossut p\u00e4ivitt\u00e4iseen k\u00e4ytt\u00f6\u00f6n"},"content":{"rendered":"<h2>Hermes Oran Jeans tossut-tyylikk\u00e4\u00e4t tekstiili varvastossut p\u00e4ivitt\u00e4iseen k\u00e4ytt\u00f6\u00f6n<\/h2>\n<p>Hermes Oran Jeans tossut ovat tyylikk\u00e4\u00e4t ja mukavat Tekstiili varvastossut, jotka korostavat tyyli\u00e4si ja mukavuutta. Valmistettu korkealaatuisista tekstiileist\u00e4, ne ovat kevyit\u00e4, hengitt\u00e4vi\u00e4 ja ihanteellisia p\u00e4ivitt\u00e4iseen k\u00e4ytt\u00f6\u00f6n kotona tai lomalla. Ranskalainen muotoilu yhdistettyn\u00e4 k\u00e4yt\u00e4nn\u00f6llisyyteen tekee mallista monipuolisen ja muodikkaan. Silmiinpist\u00e4v\u00e4 yksityiskohta Hermes-br\u00e4ndi lis\u00e4\u00e4 vieh\u00e4tyst\u00e4 jokaiseen ilmeeseen. N\u00e4m\u00e4 tossut ovat tyylik\u00e4s ja mukava valinta niille, jotka arvostavat br\u00e4ndi\u00e4 ja laatua.<\/p>\n","protected":false},"excerpt":{"rendered":"<p>Hermes Oran Jeans tossut ovat tyylikk\u00e4\u00e4t ja mukavat Tekstiili varvastossut, jotka korostavat tyyli\u00e4si ja mukavuutta. Valmistettu korkealaatuisista tekstiileist\u00e4, ne ovat kevyit\u00e4, hengitt\u00e4vi\u00e4 ja ihanteellisia p\u00e4ivitt\u00e4iseen k\u00e4ytt\u00f6\u00f6n kotona tai lomalla. Ranskalainen muotoilu yhdistettyn\u00e4 k\u00e4yt\u00e4nn\u00f6llisyyteen tekee mallista monipuolisen ja muodikkaan. Silmiinpist\u00e4v\u00e4 yksityiskohta Hermes-br\u00e4ndi lis\u00e4\u00e4 vieh\u00e4tyst\u00e4 jokaiseen ilmeeseen. N\u00e4m\u00e4 tossut ovat tyylik\u00e4s ja mukava valinta niille, jotka arvostavat br\u00e4ndi\u00e4 ja laatua.<\/p>\n","protected":false},"featured_media":614726,"comment_status":"open","ping_status":"open","template":"","meta":[],"product_brand":[],"product_cat":[3199,3420],"product_tag":[],"class_list":{"0":"post-614719","1":"product","2":"type-product","3":"status-publish","4":"has-post-thumbnail","6":"product_cat-all-product","7":"product_cat-shlopantsi","8":"pa_rozmir-910","9":"pa_rozmir-912","10":"pa_rozmir-914","11":"pa_rozmir-915","12":"pa_rozmir-916","13":"pa_rozmir-917","14":"pa_rozmir-918","15":"pa_rozmir-919","16":"pa_rozmir-920","17":"pa_rozmir-921","18":"pa_rozmir-922","20":"first","21":"onbackorder","22":"purchasable","23":"product-type-variable"},"_links":{"self":[{"href":"https:\/\/nextsnkr.com\/fi\/wp-json\/wp\/v2\/product\/614719","targetHints":{"allow":["GET"]}}],"collection":[{"href":"https:\/\/nextsnkr.com\/fi\/wp-json\/wp\/v2\/product"}],"about":[{"href":"https:\/\/nextsnkr.com\/fi\/wp-json\/wp\/v2\/types\/product"}],"replies":[{"embeddable":true,"href":"https:\/\/nextsnkr.com\/fi\/wp-json\/wp\/v2\/comments?post=614719"}],"version-history":[{"count":0,"href":"https:\/\/nextsnkr.com\/fi\/wp-json\/wp\/v2\/product\/614719\/revisions"}],"wp:featuredmedia":[{"embeddable":true,"href":"https:\/\/nextsnkr.com\/fi\/wp-json\/wp\/v2\/media\/614726"}],"wp:attachment":[{"href":"https:\/\/nextsnkr.com\/fi\/wp-json\/wp\/v2\/media?parent=614719"}],"wp:term":[{"taxonomy":"product_brand","embeddable":true,"href":"https:\/\/nextsnkr.com\/fi\/wp-json\/wp\/v2\/product_brand?post=614719"},{"taxonomy":"product_cat","embeddable":true,"href":"https:\/\/nextsnkr.com\/fi\/wp-json\/wp\/v2\/product_cat?post=614719"},{"taxonomy":"product_tag","embeddable":true,"href":"https:\/\/nextsnkr.com\/fi\/wp-json\/wp\/v2\/product_tag?post=614719"}],"curies":[{"name":"wp","href":"https:\/\/api.w.org\/{rel}","templated":true}]}}