{"id":611424,"date":"2025-06-23T08:43:24","date_gmt":"2025-06-23T05:43:24","guid":{"rendered":"https:\/\/nextsnkr.com\/product\/gazelle-blue\/"},"modified":"2026-01-30T18:40:35","modified_gmt":"2026-01-30T15:40:35","slug":"gazelle-blue","status":"publish","type":"product","link":"https:\/\/nextsnkr.com\/fi\/tuote\/gazelle-blue\/","title":{"rendered":"Gazelle Blue mokkanahkaiset tennarit, tyylikk\u00e4\u00e4t ja mukavat p\u00e4ivitt\u00e4iseen k\u00e4ytt\u00f6\u00f6n"},"content":{"rendered":"<h2>Gazelle Blue mokkanahkaiset tennarit, tyylikk\u00e4\u00e4t ja mukavat p\u00e4ivitt\u00e4iseen k\u00e4ytt\u00f6\u00f6n<\/h2>\n<p>Gazelle Sininen tyylik\u00e4s lenkkarit tehd\u00e4\u00e4n laadukkaita mokka, joka takaa kest\u00e4vyyden ja mukavuutta p\u00e4ivitt\u00e4iseen k\u00e4ytt\u00f6\u00f6n. Kevyt ja mukava pohjallinen takaa mukavuuden k\u00e4velless\u00e4, ja kirkkaan sininen v\u00e4ri korostaa yksil\u00f6llinen tyyli. Ihanteellinen valinta k\u00e4velyyn, kaupunkikuvaan ja ulkoiluun. Valitse laatu ja mukavuus Gazelle-tuotemerkist\u00e4.<\/p>\n","protected":false},"excerpt":{"rendered":"<p>Gazelle Sininen tyylik\u00e4s lenkkarit tehd\u00e4\u00e4n laadukkaita mokka, joka takaa kest\u00e4vyyden ja mukavuutta p\u00e4ivitt\u00e4iseen k\u00e4ytt\u00f6\u00f6n. Kevyt ja mukava pohjallinen takaa mukavuuden k\u00e4velless\u00e4, ja kirkkaan sininen v\u00e4ri korostaa yksil\u00f6llinen tyyli. Ihanteellinen valinta k\u00e4velyyn, kaupunkikuvaan ja ulkoiluun. Valitse laatu ja mukavuus Gazelle-tuotemerkist\u00e4.<\/p>\n","protected":false},"featured_media":611425,"comment_status":"open","ping_status":"open","template":"","meta":[],"product_brand":[],"product_cat":[3199,3318],"product_tag":[],"class_list":{"0":"post-611424","1":"product","2":"type-product","3":"status-publish","4":"has-post-thumbnail","6":"product_cat-all-product","7":"product_cat-kedy","8":"pa_rozmir-910","9":"pa_rozmir-912","10":"pa_rozmir-914","11":"pa_rozmir-915","12":"pa_rozmir-916","13":"pa_rozmir-917","14":"pa_rozmir-918","15":"pa_rozmir-919","16":"pa_rozmir-920","17":"pa_rozmir-921","18":"pa_rozmir-922","20":"first","21":"onbackorder","22":"purchasable","23":"product-type-variable"},"_links":{"self":[{"href":"https:\/\/nextsnkr.com\/fi\/wp-json\/wp\/v2\/product\/611424","targetHints":{"allow":["GET"]}}],"collection":[{"href":"https:\/\/nextsnkr.com\/fi\/wp-json\/wp\/v2\/product"}],"about":[{"href":"https:\/\/nextsnkr.com\/fi\/wp-json\/wp\/v2\/types\/product"}],"replies":[{"embeddable":true,"href":"https:\/\/nextsnkr.com\/fi\/wp-json\/wp\/v2\/comments?post=611424"}],"version-history":[{"count":0,"href":"https:\/\/nextsnkr.com\/fi\/wp-json\/wp\/v2\/product\/611424\/revisions"}],"wp:featuredmedia":[{"embeddable":true,"href":"https:\/\/nextsnkr.com\/fi\/wp-json\/wp\/v2\/media\/611425"}],"wp:attachment":[{"href":"https:\/\/nextsnkr.com\/fi\/wp-json\/wp\/v2\/media?parent=611424"}],"wp:term":[{"taxonomy":"product_brand","embeddable":true,"href":"https:\/\/nextsnkr.com\/fi\/wp-json\/wp\/v2\/product_brand?post=611424"},{"taxonomy":"product_cat","embeddable":true,"href":"https:\/\/nextsnkr.com\/fi\/wp-json\/wp\/v2\/product_cat?post=611424"},{"taxonomy":"product_tag","embeddable":true,"href":"https:\/\/nextsnkr.com\/fi\/wp-json\/wp\/v2\/product_tag?post=611424"}],"curies":[{"name":"wp","href":"https:\/\/api.w.org\/{rel}","templated":true}]}}