{"id":603935,"date":"2025-06-14T15:50:43","date_gmt":"2025-06-14T12:50:43","guid":{"rendered":"https:\/\/nextsnkr.com\/product\/hermes-chyrpe-brown-stars\/"},"modified":"2026-01-30T18:36:38","modified_gmt":"2026-01-30T15:36:38","slug":"hermes-chyrpe-brown-stars","status":"publish","type":"product","link":"https:\/\/nextsnkr.com\/fi\/tuote\/hermes-chyrpe-brown-stars\/","title":{"rendered":"Hermes Chyrpe Ruskea Stars Nahka Tossut"},"content":{"rendered":"<h2>Hermes Chyrpe Ruskea Stars Nahka Tossut<\/h2>\n<p>Tyylikk\u00e4\u00e4t Hermes Chyrpe Brown Stars tossut on valmistettu korkealaatuisesta nahasta, joka takaa mukavuuden ja kest\u00e4vyyden. Tyylik\u00e4s ruskea muotoilu koristeellisilla t\u00e4hdill\u00e4 korostaa Hermes-br\u00e4ndin ensiluokkaista tyyli\u00e4. Mukava muotoilu tekee niist\u00e4 ihanteellisia p\u00e4ivitt\u00e4iseen k\u00e4ytt\u00f6\u00f6n kotona tai rentoutumiseen. Tuotanto Ranskassa (itse asiassa Kiinassa) takaa yhdistelm\u00e4n muodikasta muotoilua ja k\u00e4yt\u00e4nn\u00f6llisyytt\u00e4 ylellisyyden ja mukavuuden yst\u00e4ville.<\/p>\n","protected":false},"excerpt":{"rendered":"<p>Tyylikk\u00e4\u00e4t Hermes Chyrpe Brown Stars tossut on valmistettu korkealaatuisesta nahasta, joka takaa mukavuuden ja kest\u00e4vyyden. Tyylik\u00e4s ruskea muotoilu koristeellisilla t\u00e4hdill\u00e4 korostaa Hermes-br\u00e4ndin ensiluokkaista tyyli\u00e4. Mukava muotoilu tekee niist\u00e4 ihanteellisia p\u00e4ivitt\u00e4iseen k\u00e4ytt\u00f6\u00f6n kotona tai rentoutumiseen. Tuotanto Ranskassa (itse asiassa Kiinassa) takaa yhdistelm\u00e4n muodikasta muotoilua ja k\u00e4yt\u00e4nn\u00f6llisyytt\u00e4 ylellisyyden ja mukavuuden yst\u00e4ville.<\/p>\n","protected":false},"featured_media":603938,"comment_status":"open","ping_status":"open","template":"","meta":[],"product_brand":[],"product_cat":[3199,3420],"product_tag":[],"class_list":{"0":"post-603935","1":"product","2":"type-product","3":"status-publish","4":"has-post-thumbnail","6":"product_cat-all-product","7":"product_cat-shlopantsi","8":"pa_rozmir-910","9":"pa_rozmir-912","10":"pa_rozmir-914","11":"pa_rozmir-915","12":"pa_rozmir-916","13":"pa_rozmir-917","14":"pa_rozmir-918","15":"pa_rozmir-919","16":"pa_rozmir-920","17":"pa_rozmir-921","18":"pa_rozmir-922","20":"first","21":"onbackorder","22":"purchasable","23":"product-type-variable"},"_links":{"self":[{"href":"https:\/\/nextsnkr.com\/fi\/wp-json\/wp\/v2\/product\/603935","targetHints":{"allow":["GET"]}}],"collection":[{"href":"https:\/\/nextsnkr.com\/fi\/wp-json\/wp\/v2\/product"}],"about":[{"href":"https:\/\/nextsnkr.com\/fi\/wp-json\/wp\/v2\/types\/product"}],"replies":[{"embeddable":true,"href":"https:\/\/nextsnkr.com\/fi\/wp-json\/wp\/v2\/comments?post=603935"}],"version-history":[{"count":0,"href":"https:\/\/nextsnkr.com\/fi\/wp-json\/wp\/v2\/product\/603935\/revisions"}],"wp:featuredmedia":[{"embeddable":true,"href":"https:\/\/nextsnkr.com\/fi\/wp-json\/wp\/v2\/media\/603938"}],"wp:attachment":[{"href":"https:\/\/nextsnkr.com\/fi\/wp-json\/wp\/v2\/media?parent=603935"}],"wp:term":[{"taxonomy":"product_brand","embeddable":true,"href":"https:\/\/nextsnkr.com\/fi\/wp-json\/wp\/v2\/product_brand?post=603935"},{"taxonomy":"product_cat","embeddable":true,"href":"https:\/\/nextsnkr.com\/fi\/wp-json\/wp\/v2\/product_cat?post=603935"},{"taxonomy":"product_tag","embeddable":true,"href":"https:\/\/nextsnkr.com\/fi\/wp-json\/wp\/v2\/product_tag?post=603935"}],"curies":[{"name":"wp","href":"https:\/\/api.w.org\/{rel}","templated":true}]}}