{"id":603328,"date":"2025-06-18T21:46:07","date_gmt":"2025-06-18T18:46:07","guid":{"rendered":"https:\/\/nextsnkr.com\/product\/prada-re-nylon-bryshed-white\/"},"modified":"2026-01-30T18:36:32","modified_gmt":"2026-01-30T15:36:32","slug":"prada-re-nylon-bryshed-white","status":"publish","type":"product","link":"https:\/\/nextsnkr.com\/fi\/tuote\/prada-re-nylon-bryshed-white\/","title":{"rendered":"Prada Re-Nylon Bryshed valkoiset tennarit-nahkaa ja mokkaa, premium-tyyli"},"content":{"rendered":"<h2>Prada Re-Nylon Bryshed valkoiset tennarit-nahkaa ja mokkaa, premium-tyyli<\/h2>\n<p>Eksklusiivisissa Prada Re-Nylon Bryshedin valkoisissa lenkkareissa yhdistyv\u00e4t korkealaatuinen nahka ja mokka maksimaalisen mukavuuden ja kest\u00e4vyyden takaamiseksi. Ihanteelliset p\u00e4ivitt\u00e4iseen k\u00e4ytt\u00f6\u00f6n ja tyylikk\u00e4\u00e4n ilmeen luomiseen, ne korostavat asemaasi ja hienostunutta makuasi. Kevyet, Kest\u00e4v\u00e4t ja ensiluokkaiset tennarit ovat monipuolinen lis\u00e4 vaatekaappiin ja takaavat mukavuuden koko p\u00e4iv\u00e4n.<\/p>\n","protected":false},"excerpt":{"rendered":"<p>Eksklusiivisissa Prada Re-Nylon Bryshedin valkoisissa lenkkareissa yhdistyv\u00e4t korkealaatuinen nahka ja mokka maksimaalisen mukavuuden ja kest\u00e4vyyden takaamiseksi. Ihanteelliset p\u00e4ivitt\u00e4iseen k\u00e4ytt\u00f6\u00f6n ja tyylikk\u00e4\u00e4n ilmeen luomiseen, ne korostavat asemaasi ja hienostunutta makuasi. Kevyet, Kest\u00e4v\u00e4t ja ensiluokkaiset tennarit ovat monipuolinen lis\u00e4 vaatekaappiin ja takaavat mukavuuden koko p\u00e4iv\u00e4n.<\/p>\n","protected":false},"featured_media":603334,"comment_status":"open","ping_status":"open","template":"","meta":[],"product_brand":[],"product_cat":[3199,3318],"product_tag":[],"class_list":{"0":"post-603328","1":"product","2":"type-product","3":"status-publish","4":"has-post-thumbnail","6":"product_cat-all-product","7":"product_cat-kedy","8":"pa_rozmir-910","9":"pa_rozmir-912","10":"pa_rozmir-914","11":"pa_rozmir-915","12":"pa_rozmir-916","13":"pa_rozmir-917","14":"pa_rozmir-918","15":"pa_rozmir-919","16":"pa_rozmir-920","17":"pa_rozmir-921","18":"pa_rozmir-922","20":"first","21":"onbackorder","22":"purchasable","23":"product-type-variable"},"_links":{"self":[{"href":"https:\/\/nextsnkr.com\/fi\/wp-json\/wp\/v2\/product\/603328","targetHints":{"allow":["GET"]}}],"collection":[{"href":"https:\/\/nextsnkr.com\/fi\/wp-json\/wp\/v2\/product"}],"about":[{"href":"https:\/\/nextsnkr.com\/fi\/wp-json\/wp\/v2\/types\/product"}],"replies":[{"embeddable":true,"href":"https:\/\/nextsnkr.com\/fi\/wp-json\/wp\/v2\/comments?post=603328"}],"version-history":[{"count":0,"href":"https:\/\/nextsnkr.com\/fi\/wp-json\/wp\/v2\/product\/603328\/revisions"}],"wp:featuredmedia":[{"embeddable":true,"href":"https:\/\/nextsnkr.com\/fi\/wp-json\/wp\/v2\/media\/603334"}],"wp:attachment":[{"href":"https:\/\/nextsnkr.com\/fi\/wp-json\/wp\/v2\/media?parent=603328"}],"wp:term":[{"taxonomy":"product_brand","embeddable":true,"href":"https:\/\/nextsnkr.com\/fi\/wp-json\/wp\/v2\/product_brand?post=603328"},{"taxonomy":"product_cat","embeddable":true,"href":"https:\/\/nextsnkr.com\/fi\/wp-json\/wp\/v2\/product_cat?post=603328"},{"taxonomy":"product_tag","embeddable":true,"href":"https:\/\/nextsnkr.com\/fi\/wp-json\/wp\/v2\/product_tag?post=603328"}],"curies":[{"name":"wp","href":"https:\/\/api.w.org\/{rel}","templated":true}]}}