{"id":599928,"date":"2025-06-14T20:40:16","date_gmt":"2025-06-14T17:40:16","guid":{"rendered":"https:\/\/nextsnkr.com\/product\/air-jordan-retro1-black-gray\/"},"modified":"2026-01-30T18:34:46","modified_gmt":"2026-01-30T15:34:46","slug":"air-jordan-retro1-black-gray","status":"publish","type":"product","link":"https:\/\/nextsnkr.com\/fi\/tuote\/air-jordan-retro1-black-gray\/","title":{"rendered":"Air Jordan Retro 1 musta harmaa lenkkarit-tyylikk\u00e4\u00e4t nahkakeng\u00e4t"},"content":{"rendered":"<h2>Air Jordan Retro 1 musta harmaa lenkkarit-tyylikk\u00e4\u00e4t nahkakeng\u00e4t<\/h2>\n<p>Air Jordan Retro1 Musta harmaa lenkkarit ovatklassinen malli yst\u00e4ville urheilullinen tyyli ja mukavuus. Valmistettu korkealaatuisesta aidosta nahasta, ne tarjoavat lujuutta, kest\u00e4vyytt\u00e4 ja mukavan istuvuuden jalalle. Mustan ja harmaan v\u00e4rien kontrastinen yhdistelm\u00e4 lis\u00e4\u00e4 ilmeeseen nykyaikaisuutta ja monipuolisuutta. Ihanteellinen p\u00e4ivitt\u00e4iseen k\u00e4ytt\u00f6\u00f6n, ulkoiluun ja urheiluun. Valmistaja on Vietnam. Valitse Air Jordan Retro1 Musta harmaa tyyli\u00e4 ja mukavuutta. Koodi: 0651v-862859.<\/p>\n","protected":false},"excerpt":{"rendered":"<p>Air Jordan Retro1 Musta harmaa lenkkarit ovatklassinen malli yst\u00e4ville urheilullinen tyyli ja mukavuus. Valmistettu korkealaatuisesta aidosta nahasta, ne tarjoavat lujuutta, kest\u00e4vyytt\u00e4 ja mukavan istuvuuden jalalle. Mustan ja harmaan v\u00e4rien kontrastinen yhdistelm\u00e4 lis\u00e4\u00e4 ilmeeseen nykyaikaisuutta ja monipuolisuutta. Ihanteellinen p\u00e4ivitt\u00e4iseen k\u00e4ytt\u00f6\u00f6n, ulkoiluun ja urheiluun. Valmistaja on Vietnam. Valitse Air Jordan Retro1 Musta harmaa tyyli\u00e4 ja mukavuutta. Koodi: 0651v-862859.<\/p>\n","protected":false},"featured_media":599934,"comment_status":"open","ping_status":"open","template":"","meta":[],"product_brand":[],"product_cat":[3383,3199,3318],"product_tag":[],"class_list":{"0":"post-599928","1":"product","2":"type-product","3":"status-publish","4":"has-post-thumbnail","6":"product_cat-nike-jordan","7":"product_cat-all-product","8":"product_cat-kedy","9":"pa_rozmir-910","10":"pa_rozmir-912","11":"pa_rozmir-914","12":"pa_rozmir-915","13":"pa_rozmir-916","14":"pa_rozmir-917","15":"pa_rozmir-918","16":"pa_rozmir-919","17":"pa_rozmir-920","18":"pa_rozmir-921","19":"pa_rozmir-922","21":"first","22":"onbackorder","23":"purchasable","24":"product-type-variable"},"_links":{"self":[{"href":"https:\/\/nextsnkr.com\/fi\/wp-json\/wp\/v2\/product\/599928","targetHints":{"allow":["GET"]}}],"collection":[{"href":"https:\/\/nextsnkr.com\/fi\/wp-json\/wp\/v2\/product"}],"about":[{"href":"https:\/\/nextsnkr.com\/fi\/wp-json\/wp\/v2\/types\/product"}],"replies":[{"embeddable":true,"href":"https:\/\/nextsnkr.com\/fi\/wp-json\/wp\/v2\/comments?post=599928"}],"version-history":[{"count":0,"href":"https:\/\/nextsnkr.com\/fi\/wp-json\/wp\/v2\/product\/599928\/revisions"}],"wp:featuredmedia":[{"embeddable":true,"href":"https:\/\/nextsnkr.com\/fi\/wp-json\/wp\/v2\/media\/599934"}],"wp:attachment":[{"href":"https:\/\/nextsnkr.com\/fi\/wp-json\/wp\/v2\/media?parent=599928"}],"wp:term":[{"taxonomy":"product_brand","embeddable":true,"href":"https:\/\/nextsnkr.com\/fi\/wp-json\/wp\/v2\/product_brand?post=599928"},{"taxonomy":"product_cat","embeddable":true,"href":"https:\/\/nextsnkr.com\/fi\/wp-json\/wp\/v2\/product_cat?post=599928"},{"taxonomy":"product_tag","embeddable":true,"href":"https:\/\/nextsnkr.com\/fi\/wp-json\/wp\/v2\/product_tag?post=599928"}],"curies":[{"name":"wp","href":"https:\/\/api.w.org\/{rel}","templated":true}]}}