{"id":598459,"date":"2025-06-16T22:00:20","date_gmt":"2025-06-16T19:00:20","guid":{"rendered":"https:\/\/nextsnkr.com\/product\/nike-air-jordan-4-srimson-red-thunder\/"},"modified":"2026-01-30T18:34:01","modified_gmt":"2026-01-30T15:34:01","slug":"nike-air-jordan-4-srimson-red-thunder","status":"publish","type":"product","link":"https:\/\/nextsnkr.com\/fi\/tuote\/nike-air-jordan-4-srimson-red-thunder\/","title":{"rendered":"Nike Air Jordan 4 Crimson Punainen Thunder Nubuck \/ Nahka Lenkkarit"},"content":{"rendered":"<h2>Nike Air Jordan 4 Crimson Punainen Thunder Nubuck \/ Nahka Lenkkarit<\/h2>\n<p>Tyylik\u00e4s Nike Air Jordan 4 Crimson Red Thunder lenkkarit on valmistettuyhdistelm\u00e4 nupukkia ja aitoa nahkaakumipohja jailmakammio maksimaalisen mukavuuden ja iskunvaimennuksen. Malli on t\u00e4ydellinen puoliv\u00e4liss\u00e4 kauden kulumista, jossa on elinvoimainen punainen muotoilu ja legendaarinen siluetti Air Jordan 4. Vietnamissa valmistetut 850g lenkkarit yhdist\u00e4v\u00e4t ensiluokkaisen Nike &#8211; tuotemerkin laadun ja modernin tyylin p\u00e4ivitt\u00e4iseen k\u00e4ytt\u00f6\u00f6n.<\/p>\n","protected":false},"excerpt":{"rendered":"<p>Tyylik\u00e4s Nike Air Jordan 4 Crimson Red Thunder lenkkarit on valmistettuyhdistelm\u00e4 nupukkia ja aitoa nahkaakumipohja jailmakammio maksimaalisen mukavuuden ja iskunvaimennuksen. Malli on t\u00e4ydellinen puoliv\u00e4liss\u00e4 kauden kulumista, jossa on elinvoimainen punainen muotoilu ja legendaarinen siluetti Air Jordan 4. Vietnamissa valmistetut 850g lenkkarit yhdist\u00e4v\u00e4t ensiluokkaisen Nike &#8211; tuotemerkin laadun ja modernin tyylin p\u00e4ivitt\u00e4iseen k\u00e4ytt\u00f6\u00f6n.<\/p>\n","protected":false},"featured_media":598460,"comment_status":"open","ping_status":"open","template":"","meta":[],"product_brand":[],"product_cat":[3383,3199,3200],"product_tag":[],"class_list":{"0":"post-598459","1":"product","2":"type-product","3":"status-publish","4":"has-post-thumbnail","6":"product_cat-nike-jordan","7":"product_cat-all-product","8":"product_cat-krosivky","9":"pa_rozmir-910","10":"pa_rozmir-912","11":"pa_rozmir-914","12":"pa_rozmir-915","13":"pa_rozmir-916","14":"pa_rozmir-917","15":"pa_rozmir-918","16":"pa_rozmir-919","17":"pa_rozmir-920","18":"pa_rozmir-921","19":"pa_rozmir-922","21":"first","22":"onbackorder","23":"purchasable","24":"product-type-variable"},"_links":{"self":[{"href":"https:\/\/nextsnkr.com\/fi\/wp-json\/wp\/v2\/product\/598459","targetHints":{"allow":["GET"]}}],"collection":[{"href":"https:\/\/nextsnkr.com\/fi\/wp-json\/wp\/v2\/product"}],"about":[{"href":"https:\/\/nextsnkr.com\/fi\/wp-json\/wp\/v2\/types\/product"}],"replies":[{"embeddable":true,"href":"https:\/\/nextsnkr.com\/fi\/wp-json\/wp\/v2\/comments?post=598459"}],"version-history":[{"count":0,"href":"https:\/\/nextsnkr.com\/fi\/wp-json\/wp\/v2\/product\/598459\/revisions"}],"wp:featuredmedia":[{"embeddable":true,"href":"https:\/\/nextsnkr.com\/fi\/wp-json\/wp\/v2\/media\/598460"}],"wp:attachment":[{"href":"https:\/\/nextsnkr.com\/fi\/wp-json\/wp\/v2\/media?parent=598459"}],"wp:term":[{"taxonomy":"product_brand","embeddable":true,"href":"https:\/\/nextsnkr.com\/fi\/wp-json\/wp\/v2\/product_brand?post=598459"},{"taxonomy":"product_cat","embeddable":true,"href":"https:\/\/nextsnkr.com\/fi\/wp-json\/wp\/v2\/product_cat?post=598459"},{"taxonomy":"product_tag","embeddable":true,"href":"https:\/\/nextsnkr.com\/fi\/wp-json\/wp\/v2\/product_tag?post=598459"}],"curies":[{"name":"wp","href":"https:\/\/api.w.org\/{rel}","templated":true}]}}