{"id":598290,"date":"2025-06-16T22:01:11","date_gmt":"2025-06-16T19:01:11","guid":{"rendered":"https:\/\/nextsnkr.com\/product\/nike-air-jordan-1-white-black-red-royal-mekh\/"},"modified":"2026-01-30T18:33:56","modified_gmt":"2026-01-30T15:33:56","slug":"nike-air-jordan-1-white-black-red-royal-mekh","status":"publish","type":"product","link":"https:\/\/nextsnkr.com\/fi\/tuote\/nike-air-jordan-1-white-black-red-royal-mekh\/","title":{"rendered":"Nike Air Jordan 1 Valkoinen musta punainen Royal lenkkarit-eristetty turkis"},"content":{"rendered":"<h2>Nike Air Jordan 1 Valkoinen musta punainen Royal lenkkarit-eristetty turkis<\/h2>\n<p>Nike Air Jordan 1 Valkoinen musta punainen ROYAL &#8221; FUR &#8221; lenkkarit yhdist\u00e4\u00e4br\u00e4ndin legendaarinen muotoilu ja mukavuutta kylm\u00e4ll\u00e4 s\u00e4\u00e4ll\u00e4. Malli on varustettu eristetyll\u00e4 turkiksella, joka tarjoaa l\u00e4mp\u00f6\u00e4 ja mukavuutta p\u00e4ivitt\u00e4isess\u00e4 k\u00e4yt\u00f6ss\u00e4. Valkoisen, mustan ja punaisen v\u00e4rin kirkas yhdistelm\u00e4 lis\u00e4\u00e4 tyylikk\u00e4\u00e4n korostuksen ja tekee tennareista monipuoliset erilaisiin ulkon\u00e4k\u00f6ihin. Ihanteellinen kaupunkityyliin ja ulkoiluun. Nike Air Jordan 1 ROYAL on korkealaatuista jaikonin br\u00e4ndi joka askeleella.<\/p>\n","protected":false},"excerpt":{"rendered":"<p>Nike Air Jordan 1 Valkoinen musta punainen ROYAL &#8221; FUR &#8221; lenkkarit yhdist\u00e4\u00e4br\u00e4ndin legendaarinen muotoilu ja mukavuutta kylm\u00e4ll\u00e4 s\u00e4\u00e4ll\u00e4. Malli on varustettu eristetyll\u00e4 turkiksella, joka tarjoaa l\u00e4mp\u00f6\u00e4 ja mukavuutta p\u00e4ivitt\u00e4isess\u00e4 k\u00e4yt\u00f6ss\u00e4. Valkoisen, mustan ja punaisen v\u00e4rin kirkas yhdistelm\u00e4 lis\u00e4\u00e4 tyylikk\u00e4\u00e4n korostuksen ja tekee tennareista monipuoliset erilaisiin ulkon\u00e4k\u00f6ihin. Ihanteellinen kaupunkityyliin ja ulkoiluun. Nike Air Jordan 1 ROYAL on korkealaatuista jaikonin br\u00e4ndi joka askeleella.<\/p>\n","protected":false},"featured_media":598291,"comment_status":"open","ping_status":"open","template":"","meta":[],"product_brand":[],"product_cat":[3383,3199,3318],"product_tag":[],"class_list":{"0":"post-598290","1":"product","2":"type-product","3":"status-publish","4":"has-post-thumbnail","6":"product_cat-nike-jordan","7":"product_cat-all-product","8":"product_cat-kedy","9":"pa_rozmir-910","10":"pa_rozmir-912","11":"pa_rozmir-914","12":"pa_rozmir-915","13":"pa_rozmir-916","14":"pa_rozmir-917","15":"pa_rozmir-918","16":"pa_rozmir-919","17":"pa_rozmir-920","18":"pa_rozmir-921","19":"pa_rozmir-922","21":"first","22":"instock","23":"purchasable","24":"product-type-variable"},"_links":{"self":[{"href":"https:\/\/nextsnkr.com\/fi\/wp-json\/wp\/v2\/product\/598290","targetHints":{"allow":["GET"]}}],"collection":[{"href":"https:\/\/nextsnkr.com\/fi\/wp-json\/wp\/v2\/product"}],"about":[{"href":"https:\/\/nextsnkr.com\/fi\/wp-json\/wp\/v2\/types\/product"}],"replies":[{"embeddable":true,"href":"https:\/\/nextsnkr.com\/fi\/wp-json\/wp\/v2\/comments?post=598290"}],"version-history":[{"count":0,"href":"https:\/\/nextsnkr.com\/fi\/wp-json\/wp\/v2\/product\/598290\/revisions"}],"wp:featuredmedia":[{"embeddable":true,"href":"https:\/\/nextsnkr.com\/fi\/wp-json\/wp\/v2\/media\/598291"}],"wp:attachment":[{"href":"https:\/\/nextsnkr.com\/fi\/wp-json\/wp\/v2\/media?parent=598290"}],"wp:term":[{"taxonomy":"product_brand","embeddable":true,"href":"https:\/\/nextsnkr.com\/fi\/wp-json\/wp\/v2\/product_brand?post=598290"},{"taxonomy":"product_cat","embeddable":true,"href":"https:\/\/nextsnkr.com\/fi\/wp-json\/wp\/v2\/product_cat?post=598290"},{"taxonomy":"product_tag","embeddable":true,"href":"https:\/\/nextsnkr.com\/fi\/wp-json\/wp\/v2\/product_tag?post=598290"}],"curies":[{"name":"wp","href":"https:\/\/api.w.org\/{rel}","templated":true}]}}