{"id":597781,"date":"2025-06-17T21:01:47","date_gmt":"2025-06-17T18:01:47","guid":{"rendered":"https:\/\/nextsnkr.com\/product\/travis-scott-x-jordan-1-low-og-sp-velvet-brown\/"},"modified":"2026-01-30T18:33:43","modified_gmt":"2026-01-30T15:33:43","slug":"travis-scott-x-jordan-1-low-og-sp-velvet-brown","status":"publish","type":"product","link":"https:\/\/nextsnkr.com\/fi\/tuote\/travis-scott-x-jordan-1-low-og-sp-velvet-brown\/","title":{"rendered":"Travis Scott X Jordan Sneakers 1 Matala OG SP sametti ruskea nahat \/ tekstiilit"},"content":{"rendered":"<h2>Travis Scott X Jordan Sneakers 1 Matala OG SP sametti ruskea nahat \/ tekstiilit<\/h2>\n<p>Travis Scott X Jordan 1 Low OG SP &#8221;Velvet Brown&#8221; lenkkarit ovat tyylikk\u00e4\u00e4t ja mukavat keng\u00e4t p\u00e4ivitt\u00e4iseen k\u00e4ytt\u00f6\u00f6n ja ker\u00e4ilij\u00f6ille. Nahan ja Tekstiilien yhdistelm\u00e4 takaa jalan kest\u00e4vyyden, mukavan istuvuuden ja ilmanvaihdon. Ainutlaatuinen ruskea Samettiruskea muotoilu Travis Scottin yksityiskohdilla lis\u00e4\u00e4 persoonallisuutta ja modernia ilmett\u00e4. Vietnamissa valmistetut Jordan-lenkkarit yhdist\u00e4v\u00e4t ensiluokkaisen laadun, kest\u00e4vyyden ja tyylikk\u00e4\u00e4n muotoilun, jotka ovat ihanteellisia kaupunkiasumiseen ja ulkoiluun.<\/p>\n","protected":false},"excerpt":{"rendered":"<p>Travis Scott X Jordan 1 Low OG SP &#8221;Velvet Brown&#8221; lenkkarit ovat tyylikk\u00e4\u00e4t ja mukavat keng\u00e4t p\u00e4ivitt\u00e4iseen k\u00e4ytt\u00f6\u00f6n ja ker\u00e4ilij\u00f6ille. Nahan ja Tekstiilien yhdistelm\u00e4 takaa jalan kest\u00e4vyyden, mukavan istuvuuden ja ilmanvaihdon. Ainutlaatuinen ruskea Samettiruskea muotoilu Travis Scottin yksityiskohdilla lis\u00e4\u00e4 persoonallisuutta ja modernia ilmett\u00e4. Vietnamissa valmistetut Jordan-lenkkarit yhdist\u00e4v\u00e4t ensiluokkaisen laadun, kest\u00e4vyyden ja tyylikk\u00e4\u00e4n muotoilun, jotka ovat ihanteellisia kaupunkiasumiseen ja ulkoiluun.<\/p>\n","protected":false},"featured_media":597782,"comment_status":"open","ping_status":"open","template":"","meta":[],"product_brand":[],"product_cat":[3383,3199,3318],"product_tag":[],"class_list":{"0":"post-597781","1":"product","2":"type-product","3":"status-publish","4":"has-post-thumbnail","6":"product_cat-nike-jordan","7":"product_cat-all-product","8":"product_cat-kedy","9":"pa_rozmir-910","10":"pa_rozmir-912","11":"pa_rozmir-914","12":"pa_rozmir-915","13":"pa_rozmir-916","14":"pa_rozmir-917","15":"pa_rozmir-918","16":"pa_rozmir-919","17":"pa_rozmir-920","18":"pa_rozmir-921","19":"pa_rozmir-922","21":"first","22":"onbackorder","23":"purchasable","24":"product-type-variable"},"_links":{"self":[{"href":"https:\/\/nextsnkr.com\/fi\/wp-json\/wp\/v2\/product\/597781","targetHints":{"allow":["GET"]}}],"collection":[{"href":"https:\/\/nextsnkr.com\/fi\/wp-json\/wp\/v2\/product"}],"about":[{"href":"https:\/\/nextsnkr.com\/fi\/wp-json\/wp\/v2\/types\/product"}],"replies":[{"embeddable":true,"href":"https:\/\/nextsnkr.com\/fi\/wp-json\/wp\/v2\/comments?post=597781"}],"version-history":[{"count":0,"href":"https:\/\/nextsnkr.com\/fi\/wp-json\/wp\/v2\/product\/597781\/revisions"}],"wp:featuredmedia":[{"embeddable":true,"href":"https:\/\/nextsnkr.com\/fi\/wp-json\/wp\/v2\/media\/597782"}],"wp:attachment":[{"href":"https:\/\/nextsnkr.com\/fi\/wp-json\/wp\/v2\/media?parent=597781"}],"wp:term":[{"taxonomy":"product_brand","embeddable":true,"href":"https:\/\/nextsnkr.com\/fi\/wp-json\/wp\/v2\/product_brand?post=597781"},{"taxonomy":"product_cat","embeddable":true,"href":"https:\/\/nextsnkr.com\/fi\/wp-json\/wp\/v2\/product_cat?post=597781"},{"taxonomy":"product_tag","embeddable":true,"href":"https:\/\/nextsnkr.com\/fi\/wp-json\/wp\/v2\/product_tag?post=597781"}],"curies":[{"name":"wp","href":"https:\/\/api.w.org\/{rel}","templated":true}]}}