{"id":597441,"date":"2025-06-17T21:03:37","date_gmt":"2025-06-17T18:03:37","guid":{"rendered":"https:\/\/nextsnkr.com\/product\/adidas-yeezy-slide-earth-bone\/"},"modified":"2026-01-30T18:33:23","modified_gmt":"2026-01-30T15:33:23","slug":"adidas-yeezy-slide-earth-bone","status":"publish","type":"product","link":"https:\/\/nextsnkr.com\/fi\/tuote\/adidas-yeezy-slide-earth-bone\/","title":{"rendered":"Adidas Yeezy Slide Earth Bone-Tossut-Mukavat Vaahtomuovilevyt"},"content":{"rendered":"<h2>Adidas Yeezy Slide Earth Bone-Tossut-Mukavat Vaahtomuovilevyt<\/h2>\n<p>Adidas Yeezy Slide Earth Bone-tossut on valmistettu kevyest\u00e4 ja pehme\u00e4st\u00e4 vaahtomuovista, joka tarjoaa mukavuutta, pehmustusta ja mukavuutta p\u00e4ivitt\u00e4isess\u00e4 k\u00e4yt\u00f6ss\u00e4. Luonnollisen beigen s\u00e4vyn ansiosta malli on monipuolinen ja helppo yhdist\u00e4\u00e4 mihin tahansa kes\u00e4-tai kodin ilmeeseen. Pohjan kevyt muotoilu ja anatominen muoto takaavat jalkatuen ja mukavuuden koko p\u00e4iv\u00e4n. Valitse Adidas Yeezy Slide Earth Bone tyylikk\u00e4isiin, k\u00e4yt\u00e4nn\u00f6llisiin ja mukaviin kenkiin.<\/p>\n","protected":false},"excerpt":{"rendered":"<p>Adidas Yeezy Slide Earth Bone-tossut on valmistettu kevyest\u00e4 ja pehme\u00e4st\u00e4 vaahtomuovista, joka tarjoaa mukavuutta, pehmustusta ja mukavuutta p\u00e4ivitt\u00e4isess\u00e4 k\u00e4yt\u00f6ss\u00e4. Luonnollisen beigen s\u00e4vyn ansiosta malli on monipuolinen ja helppo yhdist\u00e4\u00e4 mihin tahansa kes\u00e4-tai kodin ilmeeseen. Pohjan kevyt muotoilu ja anatominen muoto takaavat jalkatuen ja mukavuuden koko p\u00e4iv\u00e4n. Valitse Adidas Yeezy Slide Earth Bone tyylikk\u00e4isiin, k\u00e4yt\u00e4nn\u00f6llisiin ja mukaviin kenkiin.<\/p>\n","protected":false},"featured_media":597442,"comment_status":"open","ping_status":"open","template":"","meta":[],"product_brand":[],"product_cat":[3396,3199,3420],"product_tag":[],"class_list":{"0":"post-597441","1":"product","2":"type-product","3":"status-publish","4":"has-post-thumbnail","6":"product_cat-adidas-yeezy","7":"product_cat-all-product","8":"product_cat-shlopantsi","9":"pa_rozmir-910","10":"pa_rozmir-912","11":"pa_rozmir-914","12":"pa_rozmir-915","13":"pa_rozmir-916","14":"pa_rozmir-917","15":"pa_rozmir-918","16":"pa_rozmir-919","17":"pa_rozmir-920","18":"pa_rozmir-921","19":"pa_rozmir-922","21":"first","22":"instock","23":"purchasable","24":"product-type-variable"},"_links":{"self":[{"href":"https:\/\/nextsnkr.com\/fi\/wp-json\/wp\/v2\/product\/597441","targetHints":{"allow":["GET"]}}],"collection":[{"href":"https:\/\/nextsnkr.com\/fi\/wp-json\/wp\/v2\/product"}],"about":[{"href":"https:\/\/nextsnkr.com\/fi\/wp-json\/wp\/v2\/types\/product"}],"replies":[{"embeddable":true,"href":"https:\/\/nextsnkr.com\/fi\/wp-json\/wp\/v2\/comments?post=597441"}],"version-history":[{"count":0,"href":"https:\/\/nextsnkr.com\/fi\/wp-json\/wp\/v2\/product\/597441\/revisions"}],"wp:featuredmedia":[{"embeddable":true,"href":"https:\/\/nextsnkr.com\/fi\/wp-json\/wp\/v2\/media\/597442"}],"wp:attachment":[{"href":"https:\/\/nextsnkr.com\/fi\/wp-json\/wp\/v2\/media?parent=597441"}],"wp:term":[{"taxonomy":"product_brand","embeddable":true,"href":"https:\/\/nextsnkr.com\/fi\/wp-json\/wp\/v2\/product_brand?post=597441"},{"taxonomy":"product_cat","embeddable":true,"href":"https:\/\/nextsnkr.com\/fi\/wp-json\/wp\/v2\/product_cat?post=597441"},{"taxonomy":"product_tag","embeddable":true,"href":"https:\/\/nextsnkr.com\/fi\/wp-json\/wp\/v2\/product_tag?post=597441"}],"curies":[{"name":"wp","href":"https:\/\/api.w.org\/{rel}","templated":true}]}}